{"id":21125,"date":"2026-01-10T12:24:05","date_gmt":"2026-01-10T09:24:05","guid":{"rendered":"https:\/\/restagro.com.tr\/?post_type=product&#038;p=21125"},"modified":"2026-01-10T12:24:05","modified_gmt":"2026-01-10T09:24:05","slug":"pneu-pour-chariot-elevateur","status":"publish","type":"product","link":"https:\/\/restagro.com.tr\/fr\/produit\/pneu-pour-chariot-elevateur","title":{"rendered":"PNEU POUR CHARIOT \u00c9L\u00c9VATEUR"},"content":{"rendered":"<table class=\"t1\" cellspacing=\"0\" cellpadding=\"0\">\n<tbody>\n<tr>\n<td class=\"td1\" valign=\"middle\">\n<p class=\"p1\"><span class=\"s1\"><b>Taille<\/b><b><\/b><\/span><\/p>\n<\/td>\n<td class=\"td1\" valign=\"middle\">\n<p class=\"p1\"><span class=\"s1\"><b>PR<\/b><b><\/b><\/span><\/p>\n<\/td>\n<td class=\"td1\" valign=\"middle\">\n<p class=\"p1\"><span class=\"s1\"><b>Diam\u00e8tre global (mm)<\/b><b><\/b><\/span><\/p>\n<\/td>\n<td class=\"td1\" valign=\"middle\">\n<p class=\"p1\"><span class=\"s1\"><b>Largeur de la section (mm)<\/b><b><\/b><\/span><\/p>\n<\/td>\n<td class=\"td1\" valign=\"middle\">\n<p class=\"p1\"><span class=\"s1\"><b>Jante<\/b><b><\/b><\/span><\/p>\n<\/td>\n<td class=\"td1\" valign=\"middle\">\n<p class=\"p1\"><span class=\"s1\"><b>Capacit\u00e9 de charge (kg)<\/b><b><\/b><\/span><\/p>\n<\/td>\n<td class=\"td1\" valign=\"middle\">\n<p class=\"p1\"><span class=\"s1\"><b>Pression de gonflage ( kpa )<\/b><b><\/b><\/span><\/p>\n<\/td>\n<td class=\"td1\" valign=\"middle\">\n<p class=\"p1\"><span class=\"s1\"><b>Mod\u00e8le<\/b><b><\/b><\/span><\/p>\n<\/td>\n<\/tr>\n<tr>\n<td class=\"td1\" valign=\"middle\">\n<p class=\"p2\"><span class=\"s1\">5.00-8<\/span><\/p>\n<\/td>\n<td class=\"td1\" valign=\"middle\">\n<p class=\"p2\"><span class=\"s1\">10<\/span><\/p>\n<\/td>\n<td class=\"td1\" valign=\"middle\">\n<p class=\"p2\"><span class=\"s1\">470<\/span><\/p>\n<\/td>\n<td class=\"td1\" valign=\"middle\">\n<p class=\"p2\"><span class=\"s1\">137<\/span><\/p>\n<\/td>\n<td class=\"td1\" valign=\"middle\">\n<p class=\"p2\"><span class=\"s1\">3.50D<\/span><\/p>\n<\/td>\n<td class=\"td1\" valign=\"middle\">\n<p class=\"p2\"><span class=\"s1\">1150<\/span><\/p>\n<\/td>\n<td class=\"td1\" valign=\"middle\">\n<p class=\"p2\"><span class=\"s1\">1000<\/span><\/p>\n<\/td>\n<td class=\"td1\" valign=\"middle\">\n<p class=\"p2\"><span class=\"s1\">RST202<\/span><\/p>\n<\/td>\n<\/tr>\n<tr>\n<td class=\"td1\" valign=\"middle\">\n<p class=\"p2\"><span class=\"s1\">6.00-9<\/span><\/p>\n<\/td>\n<td class=\"td1\" valign=\"middle\">\n<p class=\"p2\"><span class=\"s1\">10<\/span><\/p>\n<\/td>\n<td class=\"td1\" valign=\"middle\">\n<p class=\"p2\"><span class=\"s1\">540<\/span><\/p>\n<\/td>\n<td class=\"td1\" valign=\"middle\">\n<p class=\"p2\"><span class=\"s1\">160<\/span><\/p>\n<\/td>\n<td class=\"td1\" valign=\"middle\">\n<p class=\"p2\"><span class=\"s1\">4.00E<\/span><\/p>\n<\/td>\n<td class=\"td1\" valign=\"middle\">\n<p class=\"p2\"><span class=\"s1\">1505<\/span><\/p>\n<\/td>\n<td class=\"td1\" valign=\"middle\">\n<p class=\"p2\"><span class=\"s1\">860<\/span><\/p>\n<\/td>\n<td class=\"td1\" valign=\"middle\">\n<p class=\"p2\"><span class=\"s1\">RST202<\/span><\/p>\n<\/td>\n<\/tr>\n<tr>\n<td class=\"td1\" valign=\"middle\">\n<p class=\"p2\"><span class=\"s1\">6.50-10<\/span><\/p>\n<\/td>\n<td class=\"td1\" valign=\"middle\">\n<p class=\"p2\"><span class=\"s1\">10<\/span><\/p>\n<\/td>\n<td class=\"td1\" valign=\"middle\">\n<p class=\"p2\"><span class=\"s1\">590<\/span><\/p>\n<\/td>\n<td class=\"td1\" valign=\"middle\">\n<p class=\"p2\"><span class=\"s1\">175<\/span><\/p>\n<\/td>\n<td class=\"td1\" valign=\"middle\">\n<p class=\"p2\"><span class=\"s1\">5.00F<\/span><\/p>\n<\/td>\n<td class=\"td1\" valign=\"middle\">\n<p class=\"p2\"><span class=\"s1\">1655<\/span><\/p>\n<\/td>\n<td class=\"td1\" valign=\"middle\">\n<p class=\"p2\"><span class=\"s1\">790<\/span><\/p>\n<\/td>\n<td class=\"td1\" valign=\"middle\">\n<p class=\"p2\"><span class=\"s1\">RST202<\/span><\/p>\n<\/td>\n<\/tr>\n<tr>\n<td class=\"td1\" valign=\"middle\">\n<p class=\"p2\"><span class=\"s1\">7.00-12<\/span><\/p>\n<\/td>\n<td class=\"td1\" valign=\"middle\">\n<p class=\"p2\"><span class=\"s1\">14<\/span><\/p>\n<\/td>\n<td class=\"td1\" valign=\"middle\">\n<p class=\"p2\"><span class=\"s1\">676<\/span><\/p>\n<\/td>\n<td class=\"td1\" valign=\"middle\">\n<p class=\"p2\"><span class=\"s1\">190<\/span><\/p>\n<\/td>\n<td class=\"td1\" valign=\"middle\">\n<p class=\"p2\"><span class=\"s1\">5.00S<\/span><\/p>\n<\/td>\n<td class=\"td1\" valign=\"middle\">\n<p class=\"p2\"><span class=\"s1\">2590<\/span><\/p>\n<\/td>\n<td class=\"td1\" valign=\"middle\">\n<p class=\"p2\"><span class=\"s1\">1000<\/span><\/p>\n<\/td>\n<td class=\"td1\" valign=\"middle\">\n<p class=\"p2\"><span class=\"s1\">RST202<\/span><\/p>\n<\/td>\n<\/tr>\n<tr>\n<td class=\"td1\" valign=\"middle\">\n<p class=\"p2\"><span class=\"s1\">7.00-15<\/span><\/p>\n<\/td>\n<td class=\"td1\" valign=\"middle\">\n<p class=\"p2\"><span class=\"s1\">14<\/span><\/p>\n<\/td>\n<td class=\"td1\" valign=\"middle\">\n<p class=\"p2\"><span class=\"s1\">750<\/span><\/p>\n<\/td>\n<td class=\"td1\" valign=\"middle\">\n<p class=\"p2\"><span class=\"s1\">200<\/span><\/p>\n<\/td>\n<td class=\"td1\" valign=\"middle\">\n<p class=\"p2\"><span class=\"s1\">5.5<\/span><\/p>\n<\/td>\n<td class=\"td1\" valign=\"middle\">\n<p class=\"p2\"><span class=\"s1\">3140<\/span><\/p>\n<\/td>\n<td class=\"td1\" valign=\"middle\">\n<p class=\"p2\"><span class=\"s1\">1000<\/span><\/p>\n<\/td>\n<td class=\"td1\" valign=\"middle\">\n<p class=\"p2\"><span class=\"s1\">RST202<\/span><\/p>\n<\/td>\n<\/tr>\n<tr>\n<td class=\"td1\" valign=\"middle\">\n<p class=\"p2\"><span class=\"s1\">7.50-15<\/span><\/p>\n<\/td>\n<td class=\"td1\" valign=\"middle\">\n<p class=\"p2\"><span class=\"s1\">14<\/span><\/p>\n<\/td>\n<td class=\"td1\" valign=\"middle\">\n<p class=\"p2\"><span class=\"s1\">780<\/span><\/p>\n<\/td>\n<td class=\"td1\" valign=\"middle\">\n<p class=\"p2\"><span class=\"s1\">215<\/span><\/p>\n<\/td>\n<td class=\"td1\" valign=\"middle\">\n<p class=\"p2\"><span class=\"s1\">6<\/span><\/p>\n<\/td>\n<td class=\"td1\" valign=\"middle\">\n<p class=\"p2\"><span class=\"s1\">3375<\/span><\/p>\n<\/td>\n<td class=\"td1\" valign=\"middle\">\n<p class=\"p2\"><span class=\"s1\">925<\/span><\/p>\n<\/td>\n<td class=\"td1\" valign=\"middle\">\n<p class=\"p2\"><span class=\"s1\">RST202<\/span><\/p>\n<\/td>\n<\/tr>\n<tr>\n<td class=\"td1\" valign=\"middle\">\n<p class=\"p2\"><span class=\"s1\">8.25-15<\/span><\/p>\n<\/td>\n<td class=\"td1\" valign=\"middle\">\n<p class=\"p2\"><span class=\"s1\">14<\/span><\/p>\n<\/td>\n<td class=\"td1\" valign=\"middle\">\n<p class=\"p2\"><span class=\"s1\">840<\/span><\/p>\n<\/td>\n<td class=\"td1\" valign=\"middle\">\n<p class=\"p2\"><span class=\"s1\">235<\/span><\/p>\n<\/td>\n<td class=\"td1\" valign=\"middle\">\n<p class=\"p2\"><span class=\"s1\">6.5<\/span><\/p>\n<\/td>\n<td class=\"td1\" valign=\"middle\">\n<p class=\"p2\"><span class=\"s1\">3775<\/span><\/p>\n<\/td>\n<td class=\"td1\" valign=\"middle\">\n<p class=\"p2\"><span class=\"s1\">830<\/span><\/p>\n<\/td>\n<td class=\"td1\" valign=\"middle\">\n<p class=\"p2\"><span class=\"s1\">RST202<\/span><\/p>\n<\/td>\n<\/tr>\n<tr>\n<td class=\"td1\" valign=\"middle\">\n<p class=\"p2\"><span class=\"s1\">18*7-8<\/span><\/p>\n<\/td>\n<td class=\"td1\" valign=\"middle\">\n<p class=\"p2\"><span class=\"s1\">14<\/span><\/p>\n<\/td>\n<td class=\"td1\" valign=\"middle\">\n<p class=\"p2\"><span class=\"s1\">465<\/span><\/p>\n<\/td>\n<td class=\"td1\" valign=\"middle\">\n<p class=\"p2\"><span class=\"s1\">173<\/span><\/p>\n<\/td>\n<td class=\"td1\" valign=\"middle\">\n<p class=\"p2\"><span class=\"s1\">4.33R<\/span><\/p>\n<\/td>\n<td class=\"td1\" valign=\"middle\">\n<p class=\"p2\"><span class=\"s1\">1505<\/span><\/p>\n<\/td>\n<td class=\"td1\" valign=\"middle\">\n<p class=\"p2\"><span class=\"s1\">970<\/span><\/p>\n<\/td>\n<td class=\"td1\" valign=\"middle\">\n<p class=\"p2\"><span class=\"s1\">RST202<\/span><\/p>\n<\/td>\n<\/tr>\n<tr>\n<td class=\"td1\" valign=\"middle\">\n<p class=\"p2\"><span class=\"s1\">21*8-9<\/span><\/p>\n<\/td>\n<td class=\"td1\" valign=\"middle\">\n<p class=\"p2\"><span class=\"s1\">14<\/span><\/p>\n<\/td>\n<td class=\"td1\" valign=\"middle\">\n<p class=\"p2\"><span class=\"s1\">535<\/span><\/p>\n<\/td>\n<td class=\"td1\" valign=\"middle\">\n<p class=\"p2\"><span class=\"s1\">200<\/span><\/p>\n<\/td>\n<td class=\"td1\" valign=\"middle\">\n<p class=\"p2\"><span class=\"s1\">6.00E<\/span><\/p>\n<\/td>\n<td class=\"td1\" valign=\"middle\">\n<p class=\"p2\"><span class=\"s1\">2040<\/span><\/p>\n<\/td>\n<td class=\"td1\" valign=\"middle\">\n<p class=\"p2\"><span class=\"s1\">1000<\/span><\/p>\n<\/td>\n<td class=\"td1\" valign=\"middle\">\n<p class=\"p2\"><span class=\"s1\">RST202<\/span><\/p>\n<\/td>\n<\/tr>\n<tr>\n<td class=\"td1\" valign=\"middle\">\n<p class=\"p2\"><span class=\"s1\">23*10-12<\/span><\/p>\n<\/td>\n<td class=\"td1\" valign=\"middle\">\n<p class=\"p2\"><span class=\"s1\">14<\/span><\/p>\n<\/td>\n<td class=\"td1\" valign=\"middle\">\n<p class=\"p2\"><span class=\"s1\">597<\/span><\/p>\n<\/td>\n<td class=\"td1\" valign=\"middle\">\n<p class=\"p2\"><span class=\"s1\">254<\/span><\/p>\n<\/td>\n<td class=\"td1\" valign=\"middle\">\n<p class=\"p2\"><span class=\"s1\">8.00G<\/span><\/p>\n<\/td>\n<td class=\"td1\" valign=\"middle\">\n<p class=\"p2\"><span class=\"s1\">2950<\/span><\/p>\n<\/td>\n<td class=\"td1\" valign=\"middle\">\n<p class=\"p2\"><span class=\"s1\">830<\/span><\/p>\n<\/td>\n<td class=\"td1\" valign=\"middle\">\n<p class=\"p2\"><span class=\"s1\">RST202<\/span><\/p>\n<\/td>\n<\/tr>\n<tr>\n<td class=\"td1\" valign=\"middle\">\n<p class=\"p2\"><span class=\"s1\">23*9-10<\/span><\/p>\n<\/td>\n<td class=\"td1\" valign=\"middle\">\n<p class=\"p2\"><span class=\"s1\">16<\/span><\/p>\n<\/td>\n<td class=\"td1\" valign=\"middle\">\n<p class=\"p2\"><span class=\"s1\">595<\/span><\/p>\n<\/td>\n<td class=\"td1\" valign=\"middle\">\n<p class=\"p2\"><span class=\"s1\">225<\/span><\/p>\n<\/td>\n<td class=\"td1\" valign=\"middle\">\n<p class=\"p2\"><span class=\"s1\">6.50F<\/span><\/p>\n<\/td>\n<td class=\"td1\" valign=\"middle\">\n<p class=\"p2\"><span class=\"s1\">2810<\/span><\/p>\n<\/td>\n<td class=\"td1\" valign=\"middle\">\n<p class=\"p2\"><span class=\"s1\">1030<\/span><\/p>\n<\/td>\n<td class=\"td1\" valign=\"middle\">\n<p class=\"p2\"><span class=\"s1\">RST202<\/span><\/p>\n<\/td>\n<\/tr>\n<tr>\n<td class=\"td1\" valign=\"middle\">\n<p class=\"p2\"><span class=\"s1\">250-15<\/span><\/p>\n<\/td>\n<td class=\"td1\" valign=\"middle\">\n<p class=\"p2\"><span class=\"s1\">16<\/span><\/p>\n<\/td>\n<td class=\"td1\" valign=\"middle\">\n<p class=\"p2\"><span class=\"s1\">735<\/span><\/p>\n<\/td>\n<td class=\"td1\" valign=\"middle\">\n<p class=\"p2\"><span class=\"s1\">250<\/span><\/p>\n<\/td>\n<td class=\"td1\" valign=\"middle\">\n<p class=\"p2\"><span class=\"s1\">7.5<\/span><\/p>\n<\/td>\n<td class=\"td1\" valign=\"middle\">\n<p class=\"p2\"><span class=\"s1\">3865<\/span><\/p>\n<\/td>\n<td class=\"td1\" valign=\"middle\">\n<p class=\"p2\"><span class=\"s1\">930<\/span><\/p>\n<\/td>\n<td class=\"td1\" valign=\"middle\">\n<p class=\"p2\"><span class=\"s1\">RST202<\/span><\/p>\n<\/td>\n<\/tr>\n<tr>\n<td class=\"td1\" valign=\"middle\">\n<p class=\"p2\"><span class=\"s1\">27*10-12<\/span><\/p>\n<\/td>\n<td class=\"td1\" valign=\"middle\">\n<p class=\"p2\"><span class=\"s1\">14<\/span><\/p>\n<\/td>\n<td class=\"td1\" valign=\"middle\">\n<p class=\"p2\"><span class=\"s1\">690<\/span><\/p>\n<\/td>\n<td class=\"td1\" valign=\"middle\">\n<p class=\"p2\"><span class=\"s1\">255<\/span><\/p>\n<\/td>\n<td class=\"td1\" valign=\"middle\">\n<p class=\"p2\"><span class=\"s1\">8.00G<\/span><\/p>\n<\/td>\n<td class=\"td1\" valign=\"middle\">\n<p class=\"p2\"><span class=\"s1\">3285<\/span><\/p>\n<\/td>\n<td class=\"td1\" valign=\"middle\">\n<p class=\"p2\"><span class=\"s1\">860<\/span><\/p>\n<\/td>\n<td class=\"td1\" valign=\"middle\">\n<p class=\"p2\"><span class=\"s1\">RST202<\/span><\/p>\n<\/td>\n<\/tr>\n<tr>\n<td class=\"td1\" valign=\"middle\">\n<p class=\"p2\"><span class=\"s1\">28*9-15<span class=\"Apple-converted-space\">\u00a0 \u00a0 \u00a0 \u00a0 <\/span>(8.15-15)<\/span><\/p>\n<\/td>\n<td class=\"td1\" valign=\"middle\">\n<p class=\"p2\"><span class=\"s1\">14<\/span><\/p>\n<\/td>\n<td class=\"td1\" valign=\"middle\">\n<p class=\"p2\"><span class=\"s1\">706<\/span><\/p>\n<\/td>\n<td class=\"td1\" valign=\"middle\">\n<p class=\"p2\"><span class=\"s1\">220<\/span><\/p>\n<\/td>\n<td class=\"td1\" valign=\"middle\">\n<p class=\"p2\"><span class=\"s1\">7<\/span><\/p>\n<\/td>\n<td class=\"td1\" valign=\"middle\">\n<p class=\"p2\"><span class=\"s1\">3050<\/span><\/p>\n<\/td>\n<td class=\"td1\" valign=\"middle\">\n<p class=\"p2\"><span class=\"s1\">970<\/span><\/p>\n<\/td>\n<td class=\"td1\" valign=\"middle\">\n<p class=\"p2\"><span class=\"s1\">RST202<\/span><\/p>\n<\/td>\n<\/tr>\n<tr>\n<td class=\"td1\" valign=\"middle\">\n<p class=\"p2\"><span class=\"s1\">300-15<\/span><\/p>\n<\/td>\n<td class=\"td1\" valign=\"middle\">\n<p class=\"p2\"><span class=\"s1\">20<\/span><\/p>\n<\/td>\n<td class=\"td1\" valign=\"middle\">\n<p class=\"p2\"><span class=\"s1\">840<\/span><\/p>\n<\/td>\n<td class=\"td1\" valign=\"middle\">\n<p class=\"p2\"><span class=\"s1\">300<\/span><\/p>\n<\/td>\n<td class=\"td1\" valign=\"middle\">\n<p class=\"p2\"><span class=\"s1\">8<\/span><\/p>\n<\/td>\n<td class=\"td1\" valign=\"middle\">\n<p class=\"p2\"><span class=\"s1\">5940<\/span><\/p>\n<\/td>\n<td class=\"td1\" valign=\"middle\">\n<p class=\"p2\"><span class=\"s1\">930<\/span><\/p>\n<\/td>\n<td class=\"td1\" valign=\"middle\">\n<p class=\"p2\"><span class=\"s1\">RST202<\/span><\/p>\n<\/td>\n<\/tr>\n<tr>\n<td class=\"td1\" valign=\"middle\">\n<p class=\"p2\"><span class=\"s1\">10.00-20<\/span><\/p>\n<\/td>\n<td class=\"td1\" valign=\"middle\">\n<p class=\"p2\"><span class=\"s1\">16<\/span><\/p>\n<\/td>\n<td class=\"td1\" valign=\"middle\">\n<p class=\"p2\"><span class=\"s1\">1055<\/span><\/p>\n<\/td>\n<td class=\"td1\" valign=\"middle\">\n<p class=\"p2\"><span class=\"s1\">278<\/span><\/p>\n<\/td>\n<td class=\"td1\" valign=\"middle\">\n<p class=\"p2\"><span class=\"s1\">7.5<\/span><\/p>\n<\/td>\n<td class=\"td1\" valign=\"middle\">\n<p class=\"p2\"><span class=\"s1\">6030<\/span><\/p>\n<\/td>\n<td class=\"td1\" valign=\"middle\">\n<p class=\"p2\"><span class=\"s1\">790<\/span><\/p>\n<\/td>\n<td class=\"td1\" valign=\"middle\">\n<p class=\"p2\"><span class=\"s1\">RST202<\/span><\/p>\n<\/td>\n<\/tr>\n<tr>\n<td class=\"td1\" valign=\"middle\">\n<p class=\"p2\"><span class=\"s1\">12.00-20<\/span><\/p>\n<\/td>\n<td class=\"td1\" valign=\"middle\">\n<p class=\"p2\"><span class=\"s1\">20<\/span><\/p>\n<\/td>\n<td class=\"td1\" valign=\"middle\">\n<p class=\"p2\"><span class=\"s1\">1125<\/span><\/p>\n<\/td>\n<td class=\"td1\" valign=\"middle\">\n<p class=\"p2\"><span class=\"s1\">315<\/span><\/p>\n<\/td>\n<td class=\"td1\" valign=\"middle\">\n<p class=\"p2\"><span class=\"s1\">8.5<\/span><\/p>\n<\/td>\n<td class=\"td1\" valign=\"middle\">\n<p class=\"p2\"><span class=\"s1\">7400<\/span><\/p>\n<\/td>\n<td class=\"td1\" valign=\"middle\">\n<p class=\"p2\"><span class=\"s1\">1000<\/span><\/p>\n<\/td>\n<td class=\"td1\" valign=\"middle\">\n<p class=\"p2\"><span class=\"s1\">RST202<\/span><\/p>\n<\/td>\n<\/tr>\n<\/tbody>\n<\/table>","protected":false},"excerpt":{"rendered":"<p>Size PR Overall Diameter (mm) Section Width (mm) Rim Load Capacity (kg) Inflated Pressure ( kpa ) Pattern 5.00-8 10 470 137 3.50D 1150 1000 RST202 6.00-9 10 540 160 4.00E 1505 860 RST202 6.50-10 10 590 175 5.00F 1655 790 RST202 7.00-12 14 676 190 5.00S 2590 1000 RST202 7.00-15 14 750 200 5.5 [&hellip;]<\/p>","protected":false},"featured_media":21073,"template":"","meta":{"_acf_changed":false,"_et_pb_use_builder":"","_et_pb_old_content":"","_et_gb_content_width":""},"product_brand":[],"product_cat":[109,104],"product_tag":[],"class_list":{"0":"post-21125","1":"product","2":"type-product","3":"status-publish","4":"has-post-thumbnail","6":"product_cat-industrial-tyre","7":"product_cat-tyres","9":"first","10":"instock","11":"shipping-taxable","12":"product-type-simple"},"acf":[],"yoast_head":"<!-- This site is optimized with the Yoast SEO plugin v26.7 - https:\/\/yoast.com\/wordpress\/plugins\/seo\/ -->\n<title>FORKLIFT TYRE | Restagro Agricultural &amp; Pivot Irrigation Components<\/title>\n<meta name=\"robots\" content=\"index, follow, max-snippet:-1, max-image-preview:large, max-video-preview:-1\" \/>\n<link rel=\"canonical\" href=\"https:\/\/restagro.com.tr\/fr\/produit\/pneu-pour-chariot-elevateur\" \/>\n<meta property=\"og:locale\" content=\"fr_FR\" \/>\n<meta property=\"og:type\" content=\"article\" \/>\n<meta property=\"og:title\" content=\"FORKLIFT TYRE | Restagro Agricultural &amp; Pivot Irrigation Components\" \/>\n<meta property=\"og:description\" content=\"Size PR Overall Diameter (mm) Section Width (mm) Rim Load Capacity (kg) Inflated Pressure ( kpa ) Pattern 5.00-8 10 470 137 3.50D 1150 1000 RST202 6.00-9 10 540 160 4.00E 1505 860 RST202 6.50-10 10 590 175 5.00F 1655 790 RST202 7.00-12 14 676 190 5.00S 2590 1000 RST202 7.00-15 14 750 200 5.5 [&hellip;]\" \/>\n<meta property=\"og:url\" content=\"https:\/\/restagro.com.tr\/fr\/produit\/pneu-pour-chariot-elevateur\" \/>\n<meta property=\"og:site_name\" content=\"Restagro Agricultural &amp; Pivot Irrigation Components\" \/>\n<meta property=\"og:image\" content=\"https:\/\/restagro.com.tr\/wp-content\/uploads\/2026\/01\/TH202.jpg?v=1768035097\" \/>\n\t<meta property=\"og:image:width\" content=\"1500\" \/>\n\t<meta property=\"og:image:height\" content=\"1500\" \/>\n\t<meta property=\"og:image:type\" content=\"image\/jpeg\" \/>\n<meta name=\"twitter:card\" content=\"summary_large_image\" \/>\n<meta name=\"twitter:label1\" content=\"Dur\u00e9e de lecture estim\u00e9e\" \/>\n\t<meta name=\"twitter:data1\" content=\"1 minute\" \/>\n<script type=\"application\/ld+json\" class=\"yoast-schema-graph\">{\"@context\":\"https:\/\/schema.org\",\"@graph\":[{\"@type\":\"WebPage\",\"@id\":\"https:\/\/restagro.com.tr\/product\/forklift-tyre\",\"url\":\"https:\/\/restagro.com.tr\/product\/forklift-tyre\",\"name\":\"FORKLIFT TYRE | Restagro Agricultural &amp; Pivot Irrigation Components\",\"isPartOf\":{\"@id\":\"https:\/\/restagro.com.tr\/#website\"},\"primaryImageOfPage\":{\"@id\":\"https:\/\/restagro.com.tr\/product\/forklift-tyre#primaryimage\"},\"image\":{\"@id\":\"https:\/\/restagro.com.tr\/product\/forklift-tyre#primaryimage\"},\"thumbnailUrl\":\"https:\/\/restagro.com.tr\/wp-content\/uploads\/2026\/01\/TH202.jpg?v=1768035097\",\"datePublished\":\"2026-01-10T09:24:05+00:00\",\"breadcrumb\":{\"@id\":\"https:\/\/restagro.com.tr\/product\/forklift-tyre#breadcrumb\"},\"inLanguage\":\"fr-FR\",\"potentialAction\":[{\"@type\":\"ReadAction\",\"target\":[\"https:\/\/restagro.com.tr\/product\/forklift-tyre\"]}]},{\"@type\":\"ImageObject\",\"inLanguage\":\"fr-FR\",\"@id\":\"https:\/\/restagro.com.tr\/product\/forklift-tyre#primaryimage\",\"url\":\"https:\/\/restagro.com.tr\/wp-content\/uploads\/2026\/01\/TH202.jpg?v=1768035097\",\"contentUrl\":\"https:\/\/restagro.com.tr\/wp-content\/uploads\/2026\/01\/TH202.jpg?v=1768035097\",\"width\":1500,\"height\":1500},{\"@type\":\"BreadcrumbList\",\"@id\":\"https:\/\/restagro.com.tr\/product\/forklift-tyre#breadcrumb\",\"itemListElement\":[{\"@type\":\"ListItem\",\"position\":1,\"name\":\"Anasayfa\",\"item\":\"https:\/\/restagro.com.tr\/\"},{\"@type\":\"ListItem\",\"position\":2,\"name\":\"PRODUCT\",\"item\":\"https:\/\/restagro.com.tr\/product\"},{\"@type\":\"ListItem\",\"position\":3,\"name\":\"FORKLIFT TYRE\"}]},{\"@type\":\"WebSite\",\"@id\":\"https:\/\/restagro.com.tr\/#website\",\"url\":\"https:\/\/restagro.com.tr\/\",\"name\":\"Restagro Agricultural &amp; Pivot Irrigation Components\",\"description\":\"\",\"publisher\":{\"@id\":\"https:\/\/restagro.com.tr\/#organization\"},\"potentialAction\":[{\"@type\":\"SearchAction\",\"target\":{\"@type\":\"EntryPoint\",\"urlTemplate\":\"https:\/\/restagro.com.tr\/?s={search_term_string}\"},\"query-input\":{\"@type\":\"PropertyValueSpecification\",\"valueRequired\":true,\"valueName\":\"search_term_string\"}}],\"inLanguage\":\"fr-FR\"},{\"@type\":\"Organization\",\"@id\":\"https:\/\/restagro.com.tr\/#organization\",\"name\":\"RESTAGRO\",\"url\":\"https:\/\/restagro.com.tr\/\",\"logo\":{\"@type\":\"ImageObject\",\"inLanguage\":\"fr-FR\",\"@id\":\"https:\/\/restagro.com.tr\/#\/schema\/logo\/image\/\",\"url\":\"https:\/\/restagro.com\/wp-content\/uploads\/2021\/03\/Dark-logo-ust.png\",\"contentUrl\":\"https:\/\/restagro.com\/wp-content\/uploads\/2021\/03\/Dark-logo-ust.png\",\"width\":600,\"height\":291,\"caption\":\"RESTAGRO\"},\"image\":{\"@id\":\"https:\/\/restagro.com.tr\/#\/schema\/logo\/image\/\"}}]}<\/script>\n<!-- \/ Yoast SEO plugin. -->","yoast_head_json":{"title":"Pneu pour chariot \u00e9l\u00e9vateur \u00e0 fourche - Restagro Agricultural &amp; Pivot Irrigation Components","robots":{"index":"index","follow":"follow","max-snippet":"max-snippet:-1","max-image-preview":"max-image-preview:large","max-video-preview":"max-video-preview:-1"},"canonical":"https:\/\/restagro.com.tr\/fr\/produit\/pneu-pour-chariot-elevateur","og_locale":"fr_FR","og_type":"article","og_title":"FORKLIFT TYRE | Restagro Agricultural &amp; Pivot Irrigation Components","og_description":"Size PR Overall Diameter (mm) Section Width (mm) Rim Load Capacity (kg) Inflated Pressure ( kpa ) Pattern 5.00-8 10 470 137 3.50D 1150 1000 RST202 6.00-9 10 540 160 4.00E 1505 860 RST202 6.50-10 10 590 175 5.00F 1655 790 RST202 7.00-12 14 676 190 5.00S 2590 1000 RST202 7.00-15 14 750 200 5.5 [&hellip;]","og_url":"https:\/\/restagro.com.tr\/fr\/produit\/pneu-pour-chariot-elevateur","og_site_name":"Restagro Agricultural &amp; Pivot Irrigation Components","og_image":[{"width":1500,"height":1500,"url":"https:\/\/restagro.com.tr\/wp-content\/uploads\/2026\/01\/TH202.jpg?v=1768035097","type":"image\/jpeg"}],"twitter_card":"summary_large_image","twitter_misc":{"Dur\u00e9e de lecture estim\u00e9e":"1 minute"},"schema":{"@context":"https:\/\/schema.org","@graph":[{"@type":"WebPage","@id":"https:\/\/restagro.com.tr\/product\/forklift-tyre","url":"https:\/\/restagro.com.tr\/product\/forklift-tyre","name":"Pneu pour chariot \u00e9l\u00e9vateur \u00e0 fourche - Restagro Agricultural &amp; Pivot Irrigation Components","isPartOf":{"@id":"https:\/\/restagro.com.tr\/#website"},"primaryImageOfPage":{"@id":"https:\/\/restagro.com.tr\/product\/forklift-tyre#primaryimage"},"image":{"@id":"https:\/\/restagro.com.tr\/product\/forklift-tyre#primaryimage"},"thumbnailUrl":"https:\/\/restagro.com.tr\/wp-content\/uploads\/2026\/01\/TH202.jpg?v=1768035097","datePublished":"2026-01-10T09:24:05+00:00","breadcrumb":{"@id":"https:\/\/restagro.com.tr\/product\/forklift-tyre#breadcrumb"},"inLanguage":"fr-FR","potentialAction":[{"@type":"ReadAction","target":["https:\/\/restagro.com.tr\/product\/forklift-tyre"]}]},{"@type":"ImageObject","inLanguage":"fr-FR","@id":"https:\/\/restagro.com.tr\/product\/forklift-tyre#primaryimage","url":"https:\/\/restagro.com.tr\/wp-content\/uploads\/2026\/01\/TH202.jpg?v=1768035097","contentUrl":"https:\/\/restagro.com.tr\/wp-content\/uploads\/2026\/01\/TH202.jpg?v=1768035097","width":1500,"height":1500},{"@type":"BreadcrumbList","@id":"https:\/\/restagro.com.tr\/product\/forklift-tyre#breadcrumb","itemListElement":[{"@type":"ListItem","position":1,"name":"Anasayfa","item":"https:\/\/restagro.com.tr\/"},{"@type":"ListItem","position":2,"name":"PRODUCT","item":"https:\/\/restagro.com.tr\/product"},{"@type":"ListItem","position":3,"name":"FORKLIFT TYRE"}]},{"@type":"WebSite","@id":"https:\/\/restagro.com.tr\/#website","url":"https:\/\/restagro.com.tr\/","name":"Restagro - Composants pour l'irrigation agricole et l'irrigation par pivotement","description":"","publisher":{"@id":"https:\/\/restagro.com.tr\/#organization"},"potentialAction":[{"@type":"SearchAction","target":{"@type":"EntryPoint","urlTemplate":"https:\/\/restagro.com.tr\/?s={search_term_string}"},"query-input":{"@type":"PropertyValueSpecification","valueRequired":true,"valueName":"search_term_string"}}],"inLanguage":"fr-FR"},{"@type":"Organization","@id":"https:\/\/restagro.com.tr\/#organization","name":"RESTAGRO","url":"https:\/\/restagro.com.tr\/","logo":{"@type":"ImageObject","inLanguage":"fr-FR","@id":"https:\/\/restagro.com.tr\/#\/schema\/logo\/image\/","url":"https:\/\/restagro.com\/wp-content\/uploads\/2021\/03\/Dark-logo-ust.png","contentUrl":"https:\/\/restagro.com\/wp-content\/uploads\/2021\/03\/Dark-logo-ust.png","width":600,"height":291,"caption":"RESTAGRO"},"image":{"@id":"https:\/\/restagro.com.tr\/#\/schema\/logo\/image\/"}}]}},"_links":{"self":[{"href":"https:\/\/restagro.com.tr\/fr\/wp-json\/wp\/v2\/product\/21125","targetHints":{"allow":["GET"]}}],"collection":[{"href":"https:\/\/restagro.com.tr\/fr\/wp-json\/wp\/v2\/product"}],"about":[{"href":"https:\/\/restagro.com.tr\/fr\/wp-json\/wp\/v2\/types\/product"}],"wp:featuredmedia":[{"embeddable":true,"href":"https:\/\/restagro.com.tr\/fr\/wp-json\/wp\/v2\/media\/21073"}],"wp:attachment":[{"href":"https:\/\/restagro.com.tr\/fr\/wp-json\/wp\/v2\/media?parent=21125"}],"wp:term":[{"taxonomy":"product_brand","embeddable":true,"href":"https:\/\/restagro.com.tr\/fr\/wp-json\/wp\/v2\/product_brand?post=21125"},{"taxonomy":"product_cat","embeddable":true,"href":"https:\/\/restagro.com.tr\/fr\/wp-json\/wp\/v2\/product_cat?post=21125"},{"taxonomy":"product_tag","embeddable":true,"href":"https:\/\/restagro.com.tr\/fr\/wp-json\/wp\/v2\/product_tag?post=21125"}],"curies":[{"name":"wp","href":"https:\/\/api.w.org\/{rel}","templated":true}]}}