{"id":20983,"date":"2025-05-04T07:54:33","date_gmt":"2025-05-04T04:54:33","guid":{"rendered":"https:\/\/restagro.com.tr\/?post_type=product&#038;p=20983"},"modified":"2025-05-04T07:54:33","modified_gmt":"2025-05-04T04:54:33","slug":"joint-de-bride","status":"publish","type":"product","link":"https:\/\/restagro.com.tr\/fr\/produit\/joint-de-bride","title":{"rendered":"Joint de bride"},"content":{"rendered":"<table width=\"790\">\n<tbody>\n<tr>\n<td width=\"203\">Nom de l'article<\/td>\n<td width=\"587\">Description<\/td>\n<\/tr>\n<tr>\n<td>Joint de bride en V<\/td>\n<td>Joint de bride 6-5\/8\u201d, joint de bride 8\u201d, joint de bride 8-5\/8\u201d.<\/td>\n<\/tr>\n<tr>\n<td>Joint de bride en Z<\/td>\n<td>Joint de bride 6-5\/8\u201d, joint de bride 8\u201d, joint de bride 8-5\/8\u201d.<\/td>\n<\/tr>\n<tr>\n<td>Joint d'\u00e9tanch\u00e9it\u00e9<\/td>\n<td>8\u201d, joint \u00e0 3 l\u00e8vres, joint \u00e0 dos rond 8\u2033, joint \u00e0 dos rond 6\u2033.<\/td>\n<\/tr>\n<\/tbody>\n<\/table>","protected":false},"excerpt":{"rendered":"<p>Item Name Description V- Style Flange Gasket 6-5\/8\u201dFlange Gasket, 8\u201d Flange Gasket,8-5\/8\u201d Flange Gasket Z- Style Flange Gasket 6-5\/8\u201d Flange Gasket,8\u201d Flange Gasket,8-5\/8\u201d Flange Gasket Gasket 8\u201d, 3-Lips Gasket,8&#8243; ROUND-BACK Gasket,6&#8243; ROUND-BACK Gasket<\/p>","protected":false},"featured_media":20959,"template":"","meta":{"_acf_changed":false,"_et_pb_use_builder":"","_et_pb_old_content":"","_et_gb_content_width":""},"product_brand":[],"product_cat":[102],"product_tag":[],"class_list":{"0":"post-20983","1":"product","2":"type-product","3":"status-publish","4":"has-post-thumbnail","6":"product_cat-pivot-irrigations","8":"first","9":"instock","10":"shipping-taxable","11":"product-type-simple"},"acf":[],"yoast_head":"<!-- This site is optimized with the Yoast SEO plugin v26.7 - https:\/\/yoast.com\/wordpress\/plugins\/seo\/ -->\n<title>Flange Gasket | Restagro Agricultural &amp; Pivot Irrigation Components<\/title>\n<meta name=\"robots\" content=\"index, follow, max-snippet:-1, max-image-preview:large, max-video-preview:-1\" \/>\n<link rel=\"canonical\" href=\"https:\/\/restagro.com.tr\/fr\/produit\/joint-de-bride\" \/>\n<meta property=\"og:locale\" content=\"fr_FR\" \/>\n<meta property=\"og:type\" content=\"article\" \/>\n<meta property=\"og:title\" content=\"Flange Gasket | Restagro Agricultural &amp; Pivot Irrigation Components\" \/>\n<meta property=\"og:description\" content=\"Item Name Description V- Style Flange Gasket 6-5\/8\u201dFlange Gasket, 8\u201d Flange Gasket,8-5\/8\u201d Flange Gasket Z- Style Flange Gasket 6-5\/8\u201d Flange Gasket,8\u201d Flange Gasket,8-5\/8\u201d Flange Gasket Gasket 8\u201d, 3-Lips Gasket,8&#8243; ROUND-BACK Gasket,6&#8243; ROUND-BACK Gasket\" \/>\n<meta property=\"og:url\" content=\"https:\/\/restagro.com.tr\/fr\/produit\/joint-de-bride\" \/>\n<meta property=\"og:site_name\" content=\"Restagro Agricultural &amp; Pivot Irrigation Components\" \/>\n<meta property=\"og:image\" content=\"https:\/\/restagro.com.tr\/wp-content\/uploads\/2025\/05\/28.jpeg?v=1746333013\" \/>\n\t<meta property=\"og:image:width\" content=\"800\" \/>\n\t<meta property=\"og:image:height\" content=\"800\" \/>\n\t<meta property=\"og:image:type\" content=\"image\/jpeg\" \/>\n<meta name=\"twitter:card\" content=\"summary_large_image\" \/>\n<meta name=\"twitter:label1\" content=\"Dur\u00e9e de lecture estim\u00e9e\" \/>\n\t<meta name=\"twitter:data1\" content=\"1 minute\" \/>\n<script type=\"application\/ld+json\" class=\"yoast-schema-graph\">{\"@context\":\"https:\/\/schema.org\",\"@graph\":[{\"@type\":\"WebPage\",\"@id\":\"https:\/\/restagro.com.tr\/product\/flange-gasket\",\"url\":\"https:\/\/restagro.com.tr\/product\/flange-gasket\",\"name\":\"Flange Gasket | Restagro Agricultural &amp; Pivot Irrigation Components\",\"isPartOf\":{\"@id\":\"https:\/\/restagro.com.tr\/#website\"},\"primaryImageOfPage\":{\"@id\":\"https:\/\/restagro.com.tr\/product\/flange-gasket#primaryimage\"},\"image\":{\"@id\":\"https:\/\/restagro.com.tr\/product\/flange-gasket#primaryimage\"},\"thumbnailUrl\":\"https:\/\/restagro.com.tr\/wp-content\/uploads\/2025\/05\/28.jpeg?v=1746333013\",\"datePublished\":\"2025-05-04T04:54:33+00:00\",\"breadcrumb\":{\"@id\":\"https:\/\/restagro.com.tr\/product\/flange-gasket#breadcrumb\"},\"inLanguage\":\"fr-FR\",\"potentialAction\":[{\"@type\":\"ReadAction\",\"target\":[\"https:\/\/restagro.com.tr\/product\/flange-gasket\"]}]},{\"@type\":\"ImageObject\",\"inLanguage\":\"fr-FR\",\"@id\":\"https:\/\/restagro.com.tr\/product\/flange-gasket#primaryimage\",\"url\":\"https:\/\/restagro.com.tr\/wp-content\/uploads\/2025\/05\/28.jpeg?v=1746333013\",\"contentUrl\":\"https:\/\/restagro.com.tr\/wp-content\/uploads\/2025\/05\/28.jpeg?v=1746333013\",\"width\":800,\"height\":800},{\"@type\":\"BreadcrumbList\",\"@id\":\"https:\/\/restagro.com.tr\/product\/flange-gasket#breadcrumb\",\"itemListElement\":[{\"@type\":\"ListItem\",\"position\":1,\"name\":\"Anasayfa\",\"item\":\"https:\/\/restagro.com.tr\/\"},{\"@type\":\"ListItem\",\"position\":2,\"name\":\"PRODUCT\",\"item\":\"https:\/\/restagro.com.tr\/product\"},{\"@type\":\"ListItem\",\"position\":3,\"name\":\"Flange Gasket\"}]},{\"@type\":\"WebSite\",\"@id\":\"https:\/\/restagro.com.tr\/#website\",\"url\":\"https:\/\/restagro.com.tr\/\",\"name\":\"Restagro Agricultural &amp; Pivot Irrigation Components\",\"description\":\"\",\"publisher\":{\"@id\":\"https:\/\/restagro.com.tr\/#organization\"},\"potentialAction\":[{\"@type\":\"SearchAction\",\"target\":{\"@type\":\"EntryPoint\",\"urlTemplate\":\"https:\/\/restagro.com.tr\/?s={search_term_string}\"},\"query-input\":{\"@type\":\"PropertyValueSpecification\",\"valueRequired\":true,\"valueName\":\"search_term_string\"}}],\"inLanguage\":\"fr-FR\"},{\"@type\":\"Organization\",\"@id\":\"https:\/\/restagro.com.tr\/#organization\",\"name\":\"RESTAGRO\",\"url\":\"https:\/\/restagro.com.tr\/\",\"logo\":{\"@type\":\"ImageObject\",\"inLanguage\":\"fr-FR\",\"@id\":\"https:\/\/restagro.com.tr\/#\/schema\/logo\/image\/\",\"url\":\"https:\/\/restagro.com\/wp-content\/uploads\/2021\/03\/Dark-logo-ust.png\",\"contentUrl\":\"https:\/\/restagro.com\/wp-content\/uploads\/2021\/03\/Dark-logo-ust.png\",\"width\":600,\"height\":291,\"caption\":\"RESTAGRO\"},\"image\":{\"@id\":\"https:\/\/restagro.com.tr\/#\/schema\/logo\/image\/\"}}]}<\/script>\n<!-- \/ Yoast SEO plugin. -->","yoast_head_json":{"title":"Joint de bride | Restagro Agricultural &amp; Pivot Irrigation Components","robots":{"index":"index","follow":"follow","max-snippet":"max-snippet:-1","max-image-preview":"max-image-preview:large","max-video-preview":"max-video-preview:-1"},"canonical":"https:\/\/restagro.com.tr\/fr\/produit\/joint-de-bride","og_locale":"fr_FR","og_type":"article","og_title":"Flange Gasket | Restagro Agricultural &amp; Pivot Irrigation Components","og_description":"Item Name Description V- Style Flange Gasket 6-5\/8\u201dFlange Gasket, 8\u201d Flange Gasket,8-5\/8\u201d Flange Gasket Z- Style Flange Gasket 6-5\/8\u201d Flange Gasket,8\u201d Flange Gasket,8-5\/8\u201d Flange Gasket Gasket 8\u201d, 3-Lips Gasket,8&#8243; ROUND-BACK Gasket,6&#8243; ROUND-BACK Gasket","og_url":"https:\/\/restagro.com.tr\/fr\/produit\/joint-de-bride","og_site_name":"Restagro Agricultural &amp; Pivot Irrigation Components","og_image":[{"width":800,"height":800,"url":"https:\/\/restagro.com.tr\/wp-content\/uploads\/2025\/05\/28.jpeg?v=1746333013","type":"image\/jpeg"}],"twitter_card":"summary_large_image","twitter_misc":{"Dur\u00e9e de lecture estim\u00e9e":"1 minute"},"schema":{"@context":"https:\/\/schema.org","@graph":[{"@type":"WebPage","@id":"https:\/\/restagro.com.tr\/product\/flange-gasket","url":"https:\/\/restagro.com.tr\/product\/flange-gasket","name":"Joint de bride | Restagro Agricultural &amp; Pivot Irrigation Components","isPartOf":{"@id":"https:\/\/restagro.com.tr\/#website"},"primaryImageOfPage":{"@id":"https:\/\/restagro.com.tr\/product\/flange-gasket#primaryimage"},"image":{"@id":"https:\/\/restagro.com.tr\/product\/flange-gasket#primaryimage"},"thumbnailUrl":"https:\/\/restagro.com.tr\/wp-content\/uploads\/2025\/05\/28.jpeg?v=1746333013","datePublished":"2025-05-04T04:54:33+00:00","breadcrumb":{"@id":"https:\/\/restagro.com.tr\/product\/flange-gasket#breadcrumb"},"inLanguage":"fr-FR","potentialAction":[{"@type":"ReadAction","target":["https:\/\/restagro.com.tr\/product\/flange-gasket"]}]},{"@type":"ImageObject","inLanguage":"fr-FR","@id":"https:\/\/restagro.com.tr\/product\/flange-gasket#primaryimage","url":"https:\/\/restagro.com.tr\/wp-content\/uploads\/2025\/05\/28.jpeg?v=1746333013","contentUrl":"https:\/\/restagro.com.tr\/wp-content\/uploads\/2025\/05\/28.jpeg?v=1746333013","width":800,"height":800},{"@type":"BreadcrumbList","@id":"https:\/\/restagro.com.tr\/product\/flange-gasket#breadcrumb","itemListElement":[{"@type":"ListItem","position":1,"name":"Anasayfa","item":"https:\/\/restagro.com.tr\/"},{"@type":"ListItem","position":2,"name":"PRODUCT","item":"https:\/\/restagro.com.tr\/product"},{"@type":"ListItem","position":3,"name":"Flange Gasket"}]},{"@type":"WebSite","@id":"https:\/\/restagro.com.tr\/#website","url":"https:\/\/restagro.com.tr\/","name":"Restagro - Composants pour l'irrigation agricole et l'irrigation par pivotement","description":"","publisher":{"@id":"https:\/\/restagro.com.tr\/#organization"},"potentialAction":[{"@type":"SearchAction","target":{"@type":"EntryPoint","urlTemplate":"https:\/\/restagro.com.tr\/?s={search_term_string}"},"query-input":{"@type":"PropertyValueSpecification","valueRequired":true,"valueName":"search_term_string"}}],"inLanguage":"fr-FR"},{"@type":"Organization","@id":"https:\/\/restagro.com.tr\/#organization","name":"RESTAGRO","url":"https:\/\/restagro.com.tr\/","logo":{"@type":"ImageObject","inLanguage":"fr-FR","@id":"https:\/\/restagro.com.tr\/#\/schema\/logo\/image\/","url":"https:\/\/restagro.com\/wp-content\/uploads\/2021\/03\/Dark-logo-ust.png","contentUrl":"https:\/\/restagro.com\/wp-content\/uploads\/2021\/03\/Dark-logo-ust.png","width":600,"height":291,"caption":"RESTAGRO"},"image":{"@id":"https:\/\/restagro.com.tr\/#\/schema\/logo\/image\/"}}]}},"_links":{"self":[{"href":"https:\/\/restagro.com.tr\/fr\/wp-json\/wp\/v2\/product\/20983","targetHints":{"allow":["GET"]}}],"collection":[{"href":"https:\/\/restagro.com.tr\/fr\/wp-json\/wp\/v2\/product"}],"about":[{"href":"https:\/\/restagro.com.tr\/fr\/wp-json\/wp\/v2\/types\/product"}],"wp:featuredmedia":[{"embeddable":true,"href":"https:\/\/restagro.com.tr\/fr\/wp-json\/wp\/v2\/media\/20959"}],"wp:attachment":[{"href":"https:\/\/restagro.com.tr\/fr\/wp-json\/wp\/v2\/media?parent=20983"}],"wp:term":[{"taxonomy":"product_brand","embeddable":true,"href":"https:\/\/restagro.com.tr\/fr\/wp-json\/wp\/v2\/product_brand?post=20983"},{"taxonomy":"product_cat","embeddable":true,"href":"https:\/\/restagro.com.tr\/fr\/wp-json\/wp\/v2\/product_cat?post=20983"},{"taxonomy":"product_tag","embeddable":true,"href":"https:\/\/restagro.com.tr\/fr\/wp-json\/wp\/v2\/product_tag?post=20983"}],"curies":[{"name":"wp","href":"https:\/\/api.w.org\/{rel}","templated":true}]}}