{"id":20981,"date":"2025-05-04T07:50:47","date_gmt":"2025-05-04T04:50:47","guid":{"rendered":"https:\/\/restagro.com.tr\/?post_type=product&#038;p=20981"},"modified":"2026-01-12T12:11:56","modified_gmt":"2026-01-12T09:11:56","slug":"boite-a-tour-de-type-point","status":"publish","type":"product","link":"https:\/\/restagro.com.tr\/fr\/produit\/boite-a-tour-de-type-point","title":{"rendered":"Type de point Bo\u00eetier de tour"},"content":{"rendered":"<table width=\"672\">\n<tbody>\n<tr>\n<td width=\"224\"><img decoding=\"async\" class=\"alignnone size-medium wp-image-20953\" src=\"https:\/\/restagro.com.tr\/wp-content\/uploads\/2025\/05\/22-300x300.jpeg\" alt=\"\" width=\"300\" height=\"300\" \/><\/td>\n<td width=\"224\"><img decoding=\"async\" class=\"alignnone size-medium wp-image-20954\" src=\"https:\/\/restagro.com.tr\/wp-content\/uploads\/2025\/05\/23-300x300.jpeg\" alt=\"\" width=\"300\" height=\"300\" \/><\/td>\n<td width=\"224\"><img decoding=\"async\" class=\"alignnone size-medium wp-image-20955\" src=\"https:\/\/restagro.com.tr\/wp-content\/uploads\/2025\/05\/24-300x300.jpeg\" alt=\"\" width=\"300\" height=\"300\" \/><\/td>\n<\/tr>\n<tr>\n<td>Bo\u00eete d'extr\u00e9mit\u00e9 de tour<\/td>\n<td>Bo\u00eetier de tour interm\u00e9diaire<\/td>\n<td width=\"224\">Terminal secondaire Bo\u00eete de la tour<\/td>\n<\/tr>\n<\/tbody>\n<\/table>","protected":false},"excerpt":{"rendered":"<p>Bo\u00eete de la tour d'extr\u00e9mit\u00e9 Bo\u00eete de la tour d'extr\u00e9mit\u00e9 moyenne Bo\u00eete de la tour d'extr\u00e9mit\u00e9 secondaire Bo\u00eete de la tour d'extr\u00e9mit\u00e9 secondaire<\/p>","protected":false},"featured_media":21149,"template":"","meta":{"_acf_changed":false,"_et_pb_use_builder":"","_et_pb_old_content":"","_et_gb_content_width":""},"product_brand":[],"product_cat":[102],"product_tag":[],"class_list":{"0":"post-20981","1":"product","2":"type-product","3":"status-publish","4":"has-post-thumbnail","6":"product_cat-pivot-irrigations","8":"first","9":"instock","10":"shipping-taxable","11":"product-type-simple"},"acf":[],"yoast_head":"<!-- This site is optimized with the Yoast SEO plugin v26.7 - https:\/\/yoast.com\/wordpress\/plugins\/seo\/ -->\n<title>Point Type Tower Box | Restagro Agricultural &amp; Pivot Irrigation Components<\/title>\n<meta name=\"robots\" content=\"index, follow, max-snippet:-1, max-image-preview:large, max-video-preview:-1\" \/>\n<link rel=\"canonical\" href=\"https:\/\/restagro.com.tr\/fr\/produit\/boite-a-tour-de-type-point\" \/>\n<meta property=\"og:locale\" content=\"fr_FR\" \/>\n<meta property=\"og:type\" content=\"article\" \/>\n<meta property=\"og:title\" content=\"Point Type Tower Box | Restagro Agricultural &amp; Pivot Irrigation Components\" \/>\n<meta property=\"og:description\" content=\"End Tower Box Mid end Tower Box Secondary Terminal Tower Box\" \/>\n<meta property=\"og:url\" content=\"https:\/\/restagro.com.tr\/fr\/produit\/boite-a-tour-de-type-point\" \/>\n<meta property=\"og:site_name\" content=\"Restagro Agricultural &amp; Pivot Irrigation Components\" \/>\n<meta property=\"article:modified_time\" content=\"2026-01-12T09:11:56+00:00\" \/>\n<meta property=\"og:image\" content=\"https:\/\/restagro.com.tr\/wp-content\/uploads\/2025\/05\/22-1.jpeg\" \/>\n\t<meta property=\"og:image:width\" content=\"800\" \/>\n\t<meta property=\"og:image:height\" content=\"800\" \/>\n\t<meta property=\"og:image:type\" content=\"image\/jpeg\" \/>\n<meta name=\"twitter:card\" content=\"summary_large_image\" \/>\n<meta name=\"twitter:label1\" content=\"Dur\u00e9e de lecture estim\u00e9e\" \/>\n\t<meta name=\"twitter:data1\" content=\"1 minute\" \/>\n<script type=\"application\/ld+json\" class=\"yoast-schema-graph\">{\"@context\":\"https:\/\/schema.org\",\"@graph\":[{\"@type\":\"WebPage\",\"@id\":\"https:\/\/restagro.com.tr\/product\/point-type-tower-box\",\"url\":\"https:\/\/restagro.com.tr\/product\/point-type-tower-box\",\"name\":\"Point Type Tower Box | Restagro Agricultural &amp; Pivot Irrigation Components\",\"isPartOf\":{\"@id\":\"https:\/\/restagro.com.tr\/#website\"},\"primaryImageOfPage\":{\"@id\":\"https:\/\/restagro.com.tr\/product\/point-type-tower-box#primaryimage\"},\"image\":{\"@id\":\"https:\/\/restagro.com.tr\/product\/point-type-tower-box#primaryimage\"},\"thumbnailUrl\":\"https:\/\/restagro.com.tr\/wp-content\/uploads\/2025\/05\/22-1.jpeg\",\"datePublished\":\"2025-05-04T04:50:47+00:00\",\"dateModified\":\"2026-01-12T09:11:56+00:00\",\"breadcrumb\":{\"@id\":\"https:\/\/restagro.com.tr\/product\/point-type-tower-box#breadcrumb\"},\"inLanguage\":\"fr-FR\",\"potentialAction\":[{\"@type\":\"ReadAction\",\"target\":[\"https:\/\/restagro.com.tr\/product\/point-type-tower-box\"]}]},{\"@type\":\"ImageObject\",\"inLanguage\":\"fr-FR\",\"@id\":\"https:\/\/restagro.com.tr\/product\/point-type-tower-box#primaryimage\",\"url\":\"https:\/\/restagro.com.tr\/wp-content\/uploads\/2025\/05\/22-1.jpeg\",\"contentUrl\":\"https:\/\/restagro.com.tr\/wp-content\/uploads\/2025\/05\/22-1.jpeg\",\"width\":800,\"height\":800},{\"@type\":\"BreadcrumbList\",\"@id\":\"https:\/\/restagro.com.tr\/product\/point-type-tower-box#breadcrumb\",\"itemListElement\":[{\"@type\":\"ListItem\",\"position\":1,\"name\":\"Anasayfa\",\"item\":\"https:\/\/restagro.com.tr\/\"},{\"@type\":\"ListItem\",\"position\":2,\"name\":\"PRODUCT\",\"item\":\"https:\/\/restagro.com.tr\/product\"},{\"@type\":\"ListItem\",\"position\":3,\"name\":\"Point Type Tower Box\"}]},{\"@type\":\"WebSite\",\"@id\":\"https:\/\/restagro.com.tr\/#website\",\"url\":\"https:\/\/restagro.com.tr\/\",\"name\":\"Restagro Agricultural &amp; Pivot Irrigation Components\",\"description\":\"\",\"publisher\":{\"@id\":\"https:\/\/restagro.com.tr\/#organization\"},\"potentialAction\":[{\"@type\":\"SearchAction\",\"target\":{\"@type\":\"EntryPoint\",\"urlTemplate\":\"https:\/\/restagro.com.tr\/?s={search_term_string}\"},\"query-input\":{\"@type\":\"PropertyValueSpecification\",\"valueRequired\":true,\"valueName\":\"search_term_string\"}}],\"inLanguage\":\"fr-FR\"},{\"@type\":\"Organization\",\"@id\":\"https:\/\/restagro.com.tr\/#organization\",\"name\":\"RESTAGRO\",\"url\":\"https:\/\/restagro.com.tr\/\",\"logo\":{\"@type\":\"ImageObject\",\"inLanguage\":\"fr-FR\",\"@id\":\"https:\/\/restagro.com.tr\/#\/schema\/logo\/image\/\",\"url\":\"https:\/\/restagro.com\/wp-content\/uploads\/2021\/03\/Dark-logo-ust.png\",\"contentUrl\":\"https:\/\/restagro.com\/wp-content\/uploads\/2021\/03\/Dark-logo-ust.png\",\"width\":600,\"height\":291,\"caption\":\"RESTAGRO\"},\"image\":{\"@id\":\"https:\/\/restagro.com.tr\/#\/schema\/logo\/image\/\"}}]}<\/script>\n<!-- \/ Yoast SEO plugin. -->","yoast_head_json":{"title":"Bo\u00eetier de tour de type point | Restagro Agricultural &amp; Pivot Irrigation Components","robots":{"index":"index","follow":"follow","max-snippet":"max-snippet:-1","max-image-preview":"max-image-preview:large","max-video-preview":"max-video-preview:-1"},"canonical":"https:\/\/restagro.com.tr\/fr\/produit\/boite-a-tour-de-type-point","og_locale":"fr_FR","og_type":"article","og_title":"Point Type Tower Box | Restagro Agricultural &amp; Pivot Irrigation Components","og_description":"End Tower Box Mid end Tower Box Secondary Terminal Tower Box","og_url":"https:\/\/restagro.com.tr\/fr\/produit\/boite-a-tour-de-type-point","og_site_name":"Restagro Agricultural &amp; Pivot Irrigation Components","article_modified_time":"2026-01-12T09:11:56+00:00","og_image":[{"width":800,"height":800,"url":"https:\/\/restagro.com.tr\/wp-content\/uploads\/2025\/05\/22-1.jpeg","type":"image\/jpeg"}],"twitter_card":"summary_large_image","twitter_misc":{"Dur\u00e9e de lecture estim\u00e9e":"1 minute"},"schema":{"@context":"https:\/\/schema.org","@graph":[{"@type":"WebPage","@id":"https:\/\/restagro.com.tr\/product\/point-type-tower-box","url":"https:\/\/restagro.com.tr\/product\/point-type-tower-box","name":"Bo\u00eetier de tour de type point | Restagro Agricultural &amp; Pivot Irrigation Components","isPartOf":{"@id":"https:\/\/restagro.com.tr\/#website"},"primaryImageOfPage":{"@id":"https:\/\/restagro.com.tr\/product\/point-type-tower-box#primaryimage"},"image":{"@id":"https:\/\/restagro.com.tr\/product\/point-type-tower-box#primaryimage"},"thumbnailUrl":"https:\/\/restagro.com.tr\/wp-content\/uploads\/2025\/05\/22-1.jpeg","datePublished":"2025-05-04T04:50:47+00:00","dateModified":"2026-01-12T09:11:56+00:00","breadcrumb":{"@id":"https:\/\/restagro.com.tr\/product\/point-type-tower-box#breadcrumb"},"inLanguage":"fr-FR","potentialAction":[{"@type":"ReadAction","target":["https:\/\/restagro.com.tr\/product\/point-type-tower-box"]}]},{"@type":"ImageObject","inLanguage":"fr-FR","@id":"https:\/\/restagro.com.tr\/product\/point-type-tower-box#primaryimage","url":"https:\/\/restagro.com.tr\/wp-content\/uploads\/2025\/05\/22-1.jpeg","contentUrl":"https:\/\/restagro.com.tr\/wp-content\/uploads\/2025\/05\/22-1.jpeg","width":800,"height":800},{"@type":"BreadcrumbList","@id":"https:\/\/restagro.com.tr\/product\/point-type-tower-box#breadcrumb","itemListElement":[{"@type":"ListItem","position":1,"name":"Anasayfa","item":"https:\/\/restagro.com.tr\/"},{"@type":"ListItem","position":2,"name":"PRODUCT","item":"https:\/\/restagro.com.tr\/product"},{"@type":"ListItem","position":3,"name":"Point Type Tower Box"}]},{"@type":"WebSite","@id":"https:\/\/restagro.com.tr\/#website","url":"https:\/\/restagro.com.tr\/","name":"Restagro - Composants pour l'irrigation agricole et l'irrigation par pivotement","description":"","publisher":{"@id":"https:\/\/restagro.com.tr\/#organization"},"potentialAction":[{"@type":"SearchAction","target":{"@type":"EntryPoint","urlTemplate":"https:\/\/restagro.com.tr\/?s={search_term_string}"},"query-input":{"@type":"PropertyValueSpecification","valueRequired":true,"valueName":"search_term_string"}}],"inLanguage":"fr-FR"},{"@type":"Organization","@id":"https:\/\/restagro.com.tr\/#organization","name":"RESTAGRO","url":"https:\/\/restagro.com.tr\/","logo":{"@type":"ImageObject","inLanguage":"fr-FR","@id":"https:\/\/restagro.com.tr\/#\/schema\/logo\/image\/","url":"https:\/\/restagro.com\/wp-content\/uploads\/2021\/03\/Dark-logo-ust.png","contentUrl":"https:\/\/restagro.com\/wp-content\/uploads\/2021\/03\/Dark-logo-ust.png","width":600,"height":291,"caption":"RESTAGRO"},"image":{"@id":"https:\/\/restagro.com.tr\/#\/schema\/logo\/image\/"}}]}},"_links":{"self":[{"href":"https:\/\/restagro.com.tr\/fr\/wp-json\/wp\/v2\/product\/20981","targetHints":{"allow":["GET"]}}],"collection":[{"href":"https:\/\/restagro.com.tr\/fr\/wp-json\/wp\/v2\/product"}],"about":[{"href":"https:\/\/restagro.com.tr\/fr\/wp-json\/wp\/v2\/types\/product"}],"wp:featuredmedia":[{"embeddable":true,"href":"https:\/\/restagro.com.tr\/fr\/wp-json\/wp\/v2\/media\/21149"}],"wp:attachment":[{"href":"https:\/\/restagro.com.tr\/fr\/wp-json\/wp\/v2\/media?parent=20981"}],"wp:term":[{"taxonomy":"product_brand","embeddable":true,"href":"https:\/\/restagro.com.tr\/fr\/wp-json\/wp\/v2\/product_brand?post=20981"},{"taxonomy":"product_cat","embeddable":true,"href":"https:\/\/restagro.com.tr\/fr\/wp-json\/wp\/v2\/product_cat?post=20981"},{"taxonomy":"product_tag","embeddable":true,"href":"https:\/\/restagro.com.tr\/fr\/wp-json\/wp\/v2\/product_tag?post=20981"}],"curies":[{"name":"wp","href":"https:\/\/api.w.org\/{rel}","templated":true}]}}