{"id":20979,"date":"2025-05-04T07:45:54","date_gmt":"2025-05-04T04:45:54","guid":{"rendered":"https:\/\/restagro.com.tr\/?post_type=product&#038;p=20979"},"modified":"2025-05-04T07:45:54","modified_gmt":"2025-05-04T04:45:54","slug":"arrosage-par-aspersion","status":"publish","type":"product","link":"https:\/\/restagro.com.tr\/fr\/produit\/arrosage-par-aspersion","title":{"rendered":"Arrosage par aspersion"},"content":{"rendered":"<table width=\"672\">\n<tbody>\n<tr>\n<td width=\"224\"><img decoding=\"async\" class=\"alignnone size-medium wp-image-20945\" src=\"https:\/\/restagro.com.tr\/wp-content\/uploads\/2025\/05\/14-300x300.jpeg\" alt=\"\" width=\"300\" height=\"300\" \/><\/td>\n<td width=\"224\"><img decoding=\"async\" class=\"alignnone size-medium wp-image-20946\" src=\"https:\/\/restagro.com.tr\/wp-content\/uploads\/2025\/05\/15-300x300.jpeg\" alt=\"\" width=\"300\" height=\"300\" \/><\/td>\n<td width=\"224\"><img decoding=\"async\" class=\"alignnone size-medium wp-image-20947\" src=\"https:\/\/restagro.com.tr\/wp-content\/uploads\/2025\/05\/16-300x300.jpeg\" alt=\"\" width=\"300\" height=\"300\" \/><\/td>\n<\/tr>\n<tr>\n<td>Bac de pulv\u00e9risation \u00e0 couche unique<\/td>\n<td>Vaporisateur double couche<\/td>\n<td>Bac de pulv\u00e9risation \u00e0 trois couches<\/td>\n<\/tr>\n<tr>\n<td><img decoding=\"async\" class=\"alignnone size-medium wp-image-20948\" src=\"https:\/\/restagro.com.tr\/wp-content\/uploads\/2025\/05\/17-300x300.jpeg\" alt=\"\" width=\"300\" height=\"300\" \/><\/td>\n<td><img decoding=\"async\" class=\"alignnone size-medium wp-image-20949\" src=\"https:\/\/restagro.com.tr\/wp-content\/uploads\/2025\/05\/18-300x300.jpeg\" alt=\"\" width=\"300\" height=\"300\" \/><\/td>\n<td><img decoding=\"async\" class=\"alignnone size-medium wp-image-20950\" src=\"https:\/\/restagro.com.tr\/wp-content\/uploads\/2025\/05\/19-300x300.jpeg\" alt=\"\" width=\"300\" height=\"300\" \/><\/td>\n<\/tr>\n<tr>\n<td>Bac de pulv\u00e9risation \u00e0 couche unique<\/td>\n<td>Bac de pulv\u00e9risation \u00e0 double couche<\/td>\n<td>Bac de pulv\u00e9risation \u00e0 trois couches<\/td>\n<\/tr>\n<\/tbody>\n<\/table>","protected":false},"excerpt":{"rendered":"<p>Bac de pulv\u00e9risation \u00e0 une couche Bac de pulv\u00e9risation \u00e0 deux couches Bac de pulv\u00e9risation \u00e0 trois couches Bac de pulv\u00e9risation \u00e0 une couche Bac de pulv\u00e9risation \u00e0 deux couches Bac de pulv\u00e9risation \u00e0 trois couches<\/p>","protected":false},"featured_media":20945,"template":"","meta":{"_acf_changed":false,"_et_pb_use_builder":"","_et_pb_old_content":"","_et_gb_content_width":""},"product_brand":[],"product_cat":[102],"product_tag":[],"class_list":{"0":"post-20979","1":"product","2":"type-product","3":"status-publish","4":"has-post-thumbnail","6":"product_cat-pivot-irrigations","8":"first","9":"instock","10":"shipping-taxable","11":"product-type-simple"},"acf":[],"yoast_head":"<!-- This site is optimized with the Yoast SEO plugin v26.7 - https:\/\/yoast.com\/wordpress\/plugins\/seo\/ -->\n<title>Sprinkler Spray | Restagro Agricultural &amp; Pivot Irrigation Components<\/title>\n<meta name=\"robots\" content=\"index, follow, max-snippet:-1, max-image-preview:large, max-video-preview:-1\" \/>\n<link rel=\"canonical\" href=\"https:\/\/restagro.com.tr\/fr\/produit\/arrosage-par-aspersion\" \/>\n<meta property=\"og:locale\" content=\"fr_FR\" \/>\n<meta property=\"og:type\" content=\"article\" \/>\n<meta property=\"og:title\" content=\"Sprinkler Spray | Restagro Agricultural &amp; Pivot Irrigation Components\" \/>\n<meta property=\"og:description\" content=\"Single-Layer Spray Tray Double-Layer Spray Three-Layer Spray Tray Single-Layer Spray Tray Double-Layer Spray Tray Three-Layer Spray Tray\" \/>\n<meta property=\"og:url\" content=\"https:\/\/restagro.com.tr\/fr\/produit\/arrosage-par-aspersion\" \/>\n<meta property=\"og:site_name\" content=\"Restagro Agricultural &amp; Pivot Irrigation Components\" \/>\n<meta property=\"og:image\" content=\"https:\/\/restagro.com.tr\/wp-content\/uploads\/2025\/05\/14.jpeg?v=1746332987\" \/>\n\t<meta property=\"og:image:width\" content=\"700\" \/>\n\t<meta property=\"og:image:height\" content=\"700\" \/>\n\t<meta property=\"og:image:type\" content=\"image\/jpeg\" \/>\n<meta name=\"twitter:card\" content=\"summary_large_image\" \/>\n<meta name=\"twitter:label1\" content=\"Dur\u00e9e de lecture estim\u00e9e\" \/>\n\t<meta name=\"twitter:data1\" content=\"2 minutes\" \/>\n<script type=\"application\/ld+json\" class=\"yoast-schema-graph\">{\"@context\":\"https:\/\/schema.org\",\"@graph\":[{\"@type\":\"WebPage\",\"@id\":\"https:\/\/restagro.com.tr\/product\/sprinkler-spray\",\"url\":\"https:\/\/restagro.com.tr\/product\/sprinkler-spray\",\"name\":\"Sprinkler Spray | Restagro Agricultural &amp; Pivot Irrigation Components\",\"isPartOf\":{\"@id\":\"https:\/\/restagro.com.tr\/#website\"},\"primaryImageOfPage\":{\"@id\":\"https:\/\/restagro.com.tr\/product\/sprinkler-spray#primaryimage\"},\"image\":{\"@id\":\"https:\/\/restagro.com.tr\/product\/sprinkler-spray#primaryimage\"},\"thumbnailUrl\":\"https:\/\/restagro.com.tr\/wp-content\/uploads\/2025\/05\/14.jpeg?v=1746332987\",\"datePublished\":\"2025-05-04T04:45:54+00:00\",\"breadcrumb\":{\"@id\":\"https:\/\/restagro.com.tr\/product\/sprinkler-spray#breadcrumb\"},\"inLanguage\":\"fr-FR\",\"potentialAction\":[{\"@type\":\"ReadAction\",\"target\":[\"https:\/\/restagro.com.tr\/product\/sprinkler-spray\"]}]},{\"@type\":\"ImageObject\",\"inLanguage\":\"fr-FR\",\"@id\":\"https:\/\/restagro.com.tr\/product\/sprinkler-spray#primaryimage\",\"url\":\"https:\/\/restagro.com.tr\/wp-content\/uploads\/2025\/05\/14.jpeg?v=1746332987\",\"contentUrl\":\"https:\/\/restagro.com.tr\/wp-content\/uploads\/2025\/05\/14.jpeg?v=1746332987\",\"width\":700,\"height\":700},{\"@type\":\"BreadcrumbList\",\"@id\":\"https:\/\/restagro.com.tr\/product\/sprinkler-spray#breadcrumb\",\"itemListElement\":[{\"@type\":\"ListItem\",\"position\":1,\"name\":\"Anasayfa\",\"item\":\"https:\/\/restagro.com.tr\/\"},{\"@type\":\"ListItem\",\"position\":2,\"name\":\"PRODUCT\",\"item\":\"https:\/\/restagro.com.tr\/product\"},{\"@type\":\"ListItem\",\"position\":3,\"name\":\"Sprinkler Spray\"}]},{\"@type\":\"WebSite\",\"@id\":\"https:\/\/restagro.com.tr\/#website\",\"url\":\"https:\/\/restagro.com.tr\/\",\"name\":\"Restagro Agricultural &amp; Pivot Irrigation Components\",\"description\":\"\",\"publisher\":{\"@id\":\"https:\/\/restagro.com.tr\/#organization\"},\"potentialAction\":[{\"@type\":\"SearchAction\",\"target\":{\"@type\":\"EntryPoint\",\"urlTemplate\":\"https:\/\/restagro.com.tr\/?s={search_term_string}\"},\"query-input\":{\"@type\":\"PropertyValueSpecification\",\"valueRequired\":true,\"valueName\":\"search_term_string\"}}],\"inLanguage\":\"fr-FR\"},{\"@type\":\"Organization\",\"@id\":\"https:\/\/restagro.com.tr\/#organization\",\"name\":\"RESTAGRO\",\"url\":\"https:\/\/restagro.com.tr\/\",\"logo\":{\"@type\":\"ImageObject\",\"inLanguage\":\"fr-FR\",\"@id\":\"https:\/\/restagro.com.tr\/#\/schema\/logo\/image\/\",\"url\":\"https:\/\/restagro.com\/wp-content\/uploads\/2021\/03\/Dark-logo-ust.png\",\"contentUrl\":\"https:\/\/restagro.com\/wp-content\/uploads\/2021\/03\/Dark-logo-ust.png\",\"width\":600,\"height\":291,\"caption\":\"RESTAGRO\"},\"image\":{\"@id\":\"https:\/\/restagro.com.tr\/#\/schema\/logo\/image\/\"}}]}<\/script>\n<!-- \/ Yoast SEO plugin. -->","yoast_head_json":{"title":"Composants d'arrosage Restagro Agricultural &amp; Pivot Irrigation Components","robots":{"index":"index","follow":"follow","max-snippet":"max-snippet:-1","max-image-preview":"max-image-preview:large","max-video-preview":"max-video-preview:-1"},"canonical":"https:\/\/restagro.com.tr\/fr\/produit\/arrosage-par-aspersion","og_locale":"fr_FR","og_type":"article","og_title":"Sprinkler Spray | Restagro Agricultural &amp; Pivot Irrigation Components","og_description":"Single-Layer Spray Tray Double-Layer Spray Three-Layer Spray Tray Single-Layer Spray Tray Double-Layer Spray Tray Three-Layer Spray Tray","og_url":"https:\/\/restagro.com.tr\/fr\/produit\/arrosage-par-aspersion","og_site_name":"Restagro Agricultural &amp; Pivot Irrigation Components","og_image":[{"width":700,"height":700,"url":"https:\/\/restagro.com.tr\/wp-content\/uploads\/2025\/05\/14.jpeg?v=1746332987","type":"image\/jpeg"}],"twitter_card":"summary_large_image","twitter_misc":{"Dur\u00e9e de lecture estim\u00e9e":"2 minutes"},"schema":{"@context":"https:\/\/schema.org","@graph":[{"@type":"WebPage","@id":"https:\/\/restagro.com.tr\/product\/sprinkler-spray","url":"https:\/\/restagro.com.tr\/product\/sprinkler-spray","name":"Composants d'arrosage Restagro Agricultural &amp; Pivot Irrigation Components","isPartOf":{"@id":"https:\/\/restagro.com.tr\/#website"},"primaryImageOfPage":{"@id":"https:\/\/restagro.com.tr\/product\/sprinkler-spray#primaryimage"},"image":{"@id":"https:\/\/restagro.com.tr\/product\/sprinkler-spray#primaryimage"},"thumbnailUrl":"https:\/\/restagro.com.tr\/wp-content\/uploads\/2025\/05\/14.jpeg?v=1746332987","datePublished":"2025-05-04T04:45:54+00:00","breadcrumb":{"@id":"https:\/\/restagro.com.tr\/product\/sprinkler-spray#breadcrumb"},"inLanguage":"fr-FR","potentialAction":[{"@type":"ReadAction","target":["https:\/\/restagro.com.tr\/product\/sprinkler-spray"]}]},{"@type":"ImageObject","inLanguage":"fr-FR","@id":"https:\/\/restagro.com.tr\/product\/sprinkler-spray#primaryimage","url":"https:\/\/restagro.com.tr\/wp-content\/uploads\/2025\/05\/14.jpeg?v=1746332987","contentUrl":"https:\/\/restagro.com.tr\/wp-content\/uploads\/2025\/05\/14.jpeg?v=1746332987","width":700,"height":700},{"@type":"BreadcrumbList","@id":"https:\/\/restagro.com.tr\/product\/sprinkler-spray#breadcrumb","itemListElement":[{"@type":"ListItem","position":1,"name":"Anasayfa","item":"https:\/\/restagro.com.tr\/"},{"@type":"ListItem","position":2,"name":"PRODUCT","item":"https:\/\/restagro.com.tr\/product"},{"@type":"ListItem","position":3,"name":"Sprinkler Spray"}]},{"@type":"WebSite","@id":"https:\/\/restagro.com.tr\/#website","url":"https:\/\/restagro.com.tr\/","name":"Restagro - Composants pour l'irrigation agricole et l'irrigation par pivotement","description":"","publisher":{"@id":"https:\/\/restagro.com.tr\/#organization"},"potentialAction":[{"@type":"SearchAction","target":{"@type":"EntryPoint","urlTemplate":"https:\/\/restagro.com.tr\/?s={search_term_string}"},"query-input":{"@type":"PropertyValueSpecification","valueRequired":true,"valueName":"search_term_string"}}],"inLanguage":"fr-FR"},{"@type":"Organization","@id":"https:\/\/restagro.com.tr\/#organization","name":"RESTAGRO","url":"https:\/\/restagro.com.tr\/","logo":{"@type":"ImageObject","inLanguage":"fr-FR","@id":"https:\/\/restagro.com.tr\/#\/schema\/logo\/image\/","url":"https:\/\/restagro.com\/wp-content\/uploads\/2021\/03\/Dark-logo-ust.png","contentUrl":"https:\/\/restagro.com\/wp-content\/uploads\/2021\/03\/Dark-logo-ust.png","width":600,"height":291,"caption":"RESTAGRO"},"image":{"@id":"https:\/\/restagro.com.tr\/#\/schema\/logo\/image\/"}}]}},"_links":{"self":[{"href":"https:\/\/restagro.com.tr\/fr\/wp-json\/wp\/v2\/product\/20979","targetHints":{"allow":["GET"]}}],"collection":[{"href":"https:\/\/restagro.com.tr\/fr\/wp-json\/wp\/v2\/product"}],"about":[{"href":"https:\/\/restagro.com.tr\/fr\/wp-json\/wp\/v2\/types\/product"}],"wp:featuredmedia":[{"embeddable":true,"href":"https:\/\/restagro.com.tr\/fr\/wp-json\/wp\/v2\/media\/20945"}],"wp:attachment":[{"href":"https:\/\/restagro.com.tr\/fr\/wp-json\/wp\/v2\/media?parent=20979"}],"wp:term":[{"taxonomy":"product_brand","embeddable":true,"href":"https:\/\/restagro.com.tr\/fr\/wp-json\/wp\/v2\/product_brand?post=20979"},{"taxonomy":"product_cat","embeddable":true,"href":"https:\/\/restagro.com.tr\/fr\/wp-json\/wp\/v2\/product_cat?post=20979"},{"taxonomy":"product_tag","embeddable":true,"href":"https:\/\/restagro.com.tr\/fr\/wp-json\/wp\/v2\/product_tag?post=20979"}],"curies":[{"name":"wp","href":"https:\/\/api.w.org\/{rel}","templated":true}]}}