{"id":20975,"date":"2025-05-04T07:35:11","date_gmt":"2025-05-04T04:35:11","guid":{"rendered":"https:\/\/restagro.com.tr\/?post_type=product&#038;p=20975"},"modified":"2025-05-04T07:35:11","modified_gmt":"2025-05-04T04:35:11","slug":"boite-de-vitesses-pour-lirrigation","status":"publish","type":"product","link":"https:\/\/restagro.com.tr\/fr\/produit\/boite-de-vitesses-pour-lirrigation","title":{"rendered":"Bo\u00eete de vitesses pour l'irrigation"},"content":{"rendered":"<table width=\"496\">\n<tbody>\n<tr>\n<td width=\"248\">Nom de l'article<\/td>\n<td width=\"248\">Description<\/td>\n<\/tr>\n<tr>\n<td>Bo\u00eete de vitesses<\/td>\n<td>Col court, rapport de d\u00e9multiplication 50:1<\/td>\n<\/tr>\n<tr>\n<td>Bo\u00eete de vitesses<\/td>\n<td>Col long, rapport de d\u00e9multiplication 52:1<\/td>\n<\/tr>\n<\/tbody>\n<\/table>","protected":false},"excerpt":{"rendered":"<p>Nom de l'article Description R\u00e9ducteur de roue \u00e0 col court, rapport de 50:1 R\u00e9ducteur de roue \u00e0 col long, rapport de 52:1<\/p>","protected":false},"featured_media":20937,"template":"","meta":{"_acf_changed":false,"_et_pb_use_builder":"","_et_pb_old_content":"","_et_gb_content_width":""},"product_brand":[],"product_cat":[102],"product_tag":[],"class_list":{"0":"post-20975","1":"product","2":"type-product","3":"status-publish","4":"has-post-thumbnail","6":"product_cat-pivot-irrigations","8":"first","9":"instock","10":"shipping-taxable","11":"product-type-simple"},"acf":[],"yoast_head":"<!-- This site is optimized with the Yoast SEO plugin v26.7 - https:\/\/yoast.com\/wordpress\/plugins\/seo\/ -->\n<title>Irrigation Gear Box | Restagro Agricultural &amp; Pivot Irrigation Components<\/title>\n<meta name=\"robots\" content=\"index, follow, max-snippet:-1, max-image-preview:large, max-video-preview:-1\" \/>\n<link rel=\"canonical\" href=\"https:\/\/restagro.com.tr\/fr\/produit\/boite-de-vitesses-pour-lirrigation\" \/>\n<meta property=\"og:locale\" content=\"fr_FR\" \/>\n<meta property=\"og:type\" content=\"article\" \/>\n<meta property=\"og:title\" content=\"Irrigation Gear Box | Restagro Agricultural &amp; Pivot Irrigation Components\" \/>\n<meta property=\"og:description\" content=\"Item Name Description Wheel Gearbox Short Neck,50:1 Gear Ratio Wheel Gearbox Long Neck, 52:1 Gear Ratio\" \/>\n<meta property=\"og:url\" content=\"https:\/\/restagro.com.tr\/fr\/produit\/boite-de-vitesses-pour-lirrigation\" \/>\n<meta property=\"og:site_name\" content=\"Restagro Agricultural &amp; Pivot Irrigation Components\" \/>\n<meta property=\"og:image\" content=\"https:\/\/restagro.com.tr\/wp-content\/uploads\/2025\/05\/07.jpeg?v=1746332973\" \/>\n\t<meta property=\"og:image:width\" content=\"800\" \/>\n\t<meta property=\"og:image:height\" content=\"800\" \/>\n\t<meta property=\"og:image:type\" content=\"image\/jpeg\" \/>\n<meta name=\"twitter:card\" content=\"summary_large_image\" \/>\n<meta name=\"twitter:label1\" content=\"Dur\u00e9e de lecture estim\u00e9e\" \/>\n\t<meta name=\"twitter:data1\" content=\"1 minute\" \/>\n<script type=\"application\/ld+json\" class=\"yoast-schema-graph\">{\"@context\":\"https:\/\/schema.org\",\"@graph\":[{\"@type\":\"WebPage\",\"@id\":\"https:\/\/restagro.com.tr\/product\/irrigation-gear-box\",\"url\":\"https:\/\/restagro.com.tr\/product\/irrigation-gear-box\",\"name\":\"Irrigation Gear Box | Restagro Agricultural &amp; Pivot Irrigation Components\",\"isPartOf\":{\"@id\":\"https:\/\/restagro.com.tr\/#website\"},\"primaryImageOfPage\":{\"@id\":\"https:\/\/restagro.com.tr\/product\/irrigation-gear-box#primaryimage\"},\"image\":{\"@id\":\"https:\/\/restagro.com.tr\/product\/irrigation-gear-box#primaryimage\"},\"thumbnailUrl\":\"https:\/\/restagro.com.tr\/wp-content\/uploads\/2025\/05\/07.jpeg?v=1746332973\",\"datePublished\":\"2025-05-04T04:35:11+00:00\",\"breadcrumb\":{\"@id\":\"https:\/\/restagro.com.tr\/product\/irrigation-gear-box#breadcrumb\"},\"inLanguage\":\"fr-FR\",\"potentialAction\":[{\"@type\":\"ReadAction\",\"target\":[\"https:\/\/restagro.com.tr\/product\/irrigation-gear-box\"]}]},{\"@type\":\"ImageObject\",\"inLanguage\":\"fr-FR\",\"@id\":\"https:\/\/restagro.com.tr\/product\/irrigation-gear-box#primaryimage\",\"url\":\"https:\/\/restagro.com.tr\/wp-content\/uploads\/2025\/05\/07.jpeg?v=1746332973\",\"contentUrl\":\"https:\/\/restagro.com.tr\/wp-content\/uploads\/2025\/05\/07.jpeg?v=1746332973\",\"width\":800,\"height\":800},{\"@type\":\"BreadcrumbList\",\"@id\":\"https:\/\/restagro.com.tr\/product\/irrigation-gear-box#breadcrumb\",\"itemListElement\":[{\"@type\":\"ListItem\",\"position\":1,\"name\":\"Anasayfa\",\"item\":\"https:\/\/restagro.com.tr\/\"},{\"@type\":\"ListItem\",\"position\":2,\"name\":\"PRODUCT\",\"item\":\"https:\/\/restagro.com.tr\/product\"},{\"@type\":\"ListItem\",\"position\":3,\"name\":\"Irrigation Gear Box\"}]},{\"@type\":\"WebSite\",\"@id\":\"https:\/\/restagro.com.tr\/#website\",\"url\":\"https:\/\/restagro.com.tr\/\",\"name\":\"Restagro Agricultural &amp; Pivot Irrigation Components\",\"description\":\"\",\"publisher\":{\"@id\":\"https:\/\/restagro.com.tr\/#organization\"},\"potentialAction\":[{\"@type\":\"SearchAction\",\"target\":{\"@type\":\"EntryPoint\",\"urlTemplate\":\"https:\/\/restagro.com.tr\/?s={search_term_string}\"},\"query-input\":{\"@type\":\"PropertyValueSpecification\",\"valueRequired\":true,\"valueName\":\"search_term_string\"}}],\"inLanguage\":\"fr-FR\"},{\"@type\":\"Organization\",\"@id\":\"https:\/\/restagro.com.tr\/#organization\",\"name\":\"RESTAGRO\",\"url\":\"https:\/\/restagro.com.tr\/\",\"logo\":{\"@type\":\"ImageObject\",\"inLanguage\":\"fr-FR\",\"@id\":\"https:\/\/restagro.com.tr\/#\/schema\/logo\/image\/\",\"url\":\"https:\/\/restagro.com\/wp-content\/uploads\/2021\/03\/Dark-logo-ust.png\",\"contentUrl\":\"https:\/\/restagro.com\/wp-content\/uploads\/2021\/03\/Dark-logo-ust.png\",\"width\":600,\"height\":291,\"caption\":\"RESTAGRO\"},\"image\":{\"@id\":\"https:\/\/restagro.com.tr\/#\/schema\/logo\/image\/\"}}]}<\/script>\n<!-- \/ Yoast SEO plugin. -->","yoast_head_json":{"title":"Bo\u00eete de vitesses d'irrigation | Restagro Agricultural &amp; Pivot Irrigation Components","robots":{"index":"index","follow":"follow","max-snippet":"max-snippet:-1","max-image-preview":"max-image-preview:large","max-video-preview":"max-video-preview:-1"},"canonical":"https:\/\/restagro.com.tr\/fr\/produit\/boite-de-vitesses-pour-lirrigation","og_locale":"fr_FR","og_type":"article","og_title":"Irrigation Gear Box | Restagro Agricultural &amp; Pivot Irrigation Components","og_description":"Item Name Description Wheel Gearbox Short Neck,50:1 Gear Ratio Wheel Gearbox Long Neck, 52:1 Gear Ratio","og_url":"https:\/\/restagro.com.tr\/fr\/produit\/boite-de-vitesses-pour-lirrigation","og_site_name":"Restagro Agricultural &amp; Pivot Irrigation Components","og_image":[{"width":800,"height":800,"url":"https:\/\/restagro.com.tr\/wp-content\/uploads\/2025\/05\/07.jpeg?v=1746332973","type":"image\/jpeg"}],"twitter_card":"summary_large_image","twitter_misc":{"Dur\u00e9e de lecture estim\u00e9e":"1 minute"},"schema":{"@context":"https:\/\/schema.org","@graph":[{"@type":"WebPage","@id":"https:\/\/restagro.com.tr\/product\/irrigation-gear-box","url":"https:\/\/restagro.com.tr\/product\/irrigation-gear-box","name":"Bo\u00eete de vitesses d'irrigation | Restagro Agricultural &amp; Pivot Irrigation Components","isPartOf":{"@id":"https:\/\/restagro.com.tr\/#website"},"primaryImageOfPage":{"@id":"https:\/\/restagro.com.tr\/product\/irrigation-gear-box#primaryimage"},"image":{"@id":"https:\/\/restagro.com.tr\/product\/irrigation-gear-box#primaryimage"},"thumbnailUrl":"https:\/\/restagro.com.tr\/wp-content\/uploads\/2025\/05\/07.jpeg?v=1746332973","datePublished":"2025-05-04T04:35:11+00:00","breadcrumb":{"@id":"https:\/\/restagro.com.tr\/product\/irrigation-gear-box#breadcrumb"},"inLanguage":"fr-FR","potentialAction":[{"@type":"ReadAction","target":["https:\/\/restagro.com.tr\/product\/irrigation-gear-box"]}]},{"@type":"ImageObject","inLanguage":"fr-FR","@id":"https:\/\/restagro.com.tr\/product\/irrigation-gear-box#primaryimage","url":"https:\/\/restagro.com.tr\/wp-content\/uploads\/2025\/05\/07.jpeg?v=1746332973","contentUrl":"https:\/\/restagro.com.tr\/wp-content\/uploads\/2025\/05\/07.jpeg?v=1746332973","width":800,"height":800},{"@type":"BreadcrumbList","@id":"https:\/\/restagro.com.tr\/product\/irrigation-gear-box#breadcrumb","itemListElement":[{"@type":"ListItem","position":1,"name":"Anasayfa","item":"https:\/\/restagro.com.tr\/"},{"@type":"ListItem","position":2,"name":"PRODUCT","item":"https:\/\/restagro.com.tr\/product"},{"@type":"ListItem","position":3,"name":"Irrigation Gear Box"}]},{"@type":"WebSite","@id":"https:\/\/restagro.com.tr\/#website","url":"https:\/\/restagro.com.tr\/","name":"Restagro - Composants pour l'irrigation agricole et l'irrigation par pivotement","description":"","publisher":{"@id":"https:\/\/restagro.com.tr\/#organization"},"potentialAction":[{"@type":"SearchAction","target":{"@type":"EntryPoint","urlTemplate":"https:\/\/restagro.com.tr\/?s={search_term_string}"},"query-input":{"@type":"PropertyValueSpecification","valueRequired":true,"valueName":"search_term_string"}}],"inLanguage":"fr-FR"},{"@type":"Organization","@id":"https:\/\/restagro.com.tr\/#organization","name":"RESTAGRO","url":"https:\/\/restagro.com.tr\/","logo":{"@type":"ImageObject","inLanguage":"fr-FR","@id":"https:\/\/restagro.com.tr\/#\/schema\/logo\/image\/","url":"https:\/\/restagro.com\/wp-content\/uploads\/2021\/03\/Dark-logo-ust.png","contentUrl":"https:\/\/restagro.com\/wp-content\/uploads\/2021\/03\/Dark-logo-ust.png","width":600,"height":291,"caption":"RESTAGRO"},"image":{"@id":"https:\/\/restagro.com.tr\/#\/schema\/logo\/image\/"}}]}},"_links":{"self":[{"href":"https:\/\/restagro.com.tr\/fr\/wp-json\/wp\/v2\/product\/20975","targetHints":{"allow":["GET"]}}],"collection":[{"href":"https:\/\/restagro.com.tr\/fr\/wp-json\/wp\/v2\/product"}],"about":[{"href":"https:\/\/restagro.com.tr\/fr\/wp-json\/wp\/v2\/types\/product"}],"wp:featuredmedia":[{"embeddable":true,"href":"https:\/\/restagro.com.tr\/fr\/wp-json\/wp\/v2\/media\/20937"}],"wp:attachment":[{"href":"https:\/\/restagro.com.tr\/fr\/wp-json\/wp\/v2\/media?parent=20975"}],"wp:term":[{"taxonomy":"product_brand","embeddable":true,"href":"https:\/\/restagro.com.tr\/fr\/wp-json\/wp\/v2\/product_brand?post=20975"},{"taxonomy":"product_cat","embeddable":true,"href":"https:\/\/restagro.com.tr\/fr\/wp-json\/wp\/v2\/product_cat?post=20975"},{"taxonomy":"product_tag","embeddable":true,"href":"https:\/\/restagro.com.tr\/fr\/wp-json\/wp\/v2\/product_tag?post=20975"}],"curies":[{"name":"wp","href":"https:\/\/api.w.org\/{rel}","templated":true}]}}