{"id":20931,"date":"2025-05-04T07:19:33","date_gmt":"2025-05-04T04:19:33","guid":{"rendered":"https:\/\/restagro.com.tr\/?post_type=product&#038;p=20931"},"modified":"2025-05-04T07:54:47","modified_gmt":"2025-05-04T04:54:47","slug":"bord-dirrigation","status":"publish","type":"product","link":"https:\/\/restagro.com.tr\/fr\/produit\/bord-dirrigation","title":{"rendered":"Irrigation Rim"},"content":{"rendered":"<table style=\"height: 80px; border-collapse: collapse;\" border=\"0\" cellspacing=\"0\" cellpadding=\"0\">\n<tbody>\n<tr style=\"height: 16.0pt;\">\n<td class=\"xl65\" style=\"height: 16px; width: 65.3047px;\" height=\"21\">Taille de la jante<\/td>\n<td class=\"xl65\" style=\"width: 77.1953px; height: 16px;\">Type<\/td>\n<td class=\"xl65\" style=\"width: 113.5px; height: 16px;\">Offeset<\/td>\n<\/tr>\n<tr style=\"height: 16.0pt;\">\n<td class=\"xl66\" style=\"height: 16px; width: 65.3047px;\" height=\"21\">W8x24<\/td>\n<td class=\"xl66\" style=\"height: 16px; width: 77.1953px;\">Galvanis\u00e9<\/td>\n<td class=\"xl66\" style=\"height: 16px; width: 113.5px;\">-50,8 mm<\/td>\n<\/tr>\n<tr style=\"height: 16.0pt;\">\n<td class=\"xl66\" style=\"height: 16px; width: 65.3047px;\" height=\"21\">W10x24<\/td>\n<td class=\"xl66\" style=\"height: 16px; width: 77.1953px;\">Galvanis\u00e9<\/td>\n<td class=\"xl66\" style=\"height: 16px; width: 113.5px;\">-50,8mm\/+35mm<\/td>\n<\/tr>\n<tr style=\"height: 16.0pt;\">\n<td class=\"xl66\" style=\"height: 16px; width: 65.3047px;\" height=\"21\">W12x24<\/td>\n<td class=\"xl66\" style=\"height: 16px; width: 77.1953px;\">Galvanis\u00e9<\/td>\n<td class=\"xl66\" style=\"height: 16px; width: 113.5px;\">-70 mm\/0 mm<\/td>\n<\/tr>\n<tr style=\"height: 16.0pt;\">\n<td class=\"xl66\" style=\"height: 16px; width: 65.3047px;\" height=\"21\">W10x38<\/td>\n<td class=\"xl66\" style=\"height: 16px; width: 77.1953px;\">Galvanis\u00e9<\/td>\n<td class=\"xl66\" style=\"height: 16px; width: 113.5px;\">-44mm\/+62mm<\/td>\n<\/tr>\n<\/tbody>\n<\/table>\n<p class=\"p1\">","protected":false},"excerpt":{"rendered":"<p class=\"p1\"><i>-Peut \u00eatre personnalis\u00e9<\/i><\/p>\n<p class=\"p1\"><i>-Le bord est galvanis\u00e9 pour r\u00e9sister \u00e0 la corrosion<\/i><\/p>\n<p class=\"p1\"><i>-Convient \u00e0 l'industrie et \u00e0 l'agriculture<\/i><\/p>","protected":false},"featured_media":20933,"template":"","meta":{"_acf_changed":false,"_et_pb_use_builder":"","_et_pb_old_content":"","_et_gb_content_width":""},"product_brand":[],"product_cat":[102],"product_tag":[],"class_list":{"0":"post-20931","1":"product","2":"type-product","3":"status-publish","4":"has-post-thumbnail","6":"product_cat-pivot-irrigations","8":"first","9":"instock","10":"shipping-taxable","11":"product-type-simple"},"acf":[],"yoast_head":"<!-- This site is optimized with the Yoast SEO plugin v26.7 - https:\/\/yoast.com\/wordpress\/plugins\/seo\/ -->\n<title>Irrigation Rim | Restagro Agricultural &amp; Pivot Irrigation Components<\/title>\n<meta name=\"robots\" content=\"index, follow, max-snippet:-1, max-image-preview:large, max-video-preview:-1\" \/>\n<link rel=\"canonical\" href=\"https:\/\/restagro.com.tr\/fr\/produit\/bord-dirrigation\" \/>\n<meta property=\"og:locale\" content=\"fr_FR\" \/>\n<meta property=\"og:type\" content=\"article\" \/>\n<meta property=\"og:title\" content=\"Irrigation Rim | Restagro Agricultural &amp; Pivot Irrigation Components\" \/>\n<meta property=\"og:description\" content=\"--Can be customized --Rim is galvanized to resist corrosion --Suitable for industry and agriculture\" \/>\n<meta property=\"og:url\" content=\"https:\/\/restagro.com.tr\/fr\/produit\/bord-dirrigation\" \/>\n<meta property=\"og:site_name\" content=\"Restagro Agricultural &amp; Pivot Irrigation Components\" \/>\n<meta property=\"article:modified_time\" content=\"2025-05-04T04:54:47+00:00\" \/>\n<meta property=\"og:image\" content=\"https:\/\/restagro.com.tr\/wp-content\/uploads\/2025\/05\/05.jpeg?v=1746332290\" \/>\n\t<meta property=\"og:image:width\" content=\"800\" \/>\n\t<meta property=\"og:image:height\" content=\"800\" \/>\n\t<meta property=\"og:image:type\" content=\"image\/jpeg\" \/>\n<meta name=\"twitter:card\" content=\"summary_large_image\" \/>\n<meta name=\"twitter:label1\" content=\"Dur\u00e9e de lecture estim\u00e9e\" \/>\n\t<meta name=\"twitter:data1\" content=\"1 minute\" \/>\n<script type=\"application\/ld+json\" class=\"yoast-schema-graph\">{\"@context\":\"https:\/\/schema.org\",\"@graph\":[{\"@type\":\"WebPage\",\"@id\":\"https:\/\/restagro.com.tr\/product\/irrigation-rim\",\"url\":\"https:\/\/restagro.com.tr\/product\/irrigation-rim\",\"name\":\"Irrigation Rim | Restagro Agricultural &amp; Pivot Irrigation Components\",\"isPartOf\":{\"@id\":\"https:\/\/restagro.com.tr\/#website\"},\"primaryImageOfPage\":{\"@id\":\"https:\/\/restagro.com.tr\/product\/irrigation-rim#primaryimage\"},\"image\":{\"@id\":\"https:\/\/restagro.com.tr\/product\/irrigation-rim#primaryimage\"},\"thumbnailUrl\":\"https:\/\/restagro.com.tr\/wp-content\/uploads\/2025\/05\/05.jpeg?v=1746332290\",\"datePublished\":\"2025-05-04T04:19:33+00:00\",\"dateModified\":\"2025-05-04T04:54:47+00:00\",\"breadcrumb\":{\"@id\":\"https:\/\/restagro.com.tr\/product\/irrigation-rim#breadcrumb\"},\"inLanguage\":\"fr-FR\",\"potentialAction\":[{\"@type\":\"ReadAction\",\"target\":[\"https:\/\/restagro.com.tr\/product\/irrigation-rim\"]}]},{\"@type\":\"ImageObject\",\"inLanguage\":\"fr-FR\",\"@id\":\"https:\/\/restagro.com.tr\/product\/irrigation-rim#primaryimage\",\"url\":\"https:\/\/restagro.com.tr\/wp-content\/uploads\/2025\/05\/05.jpeg?v=1746332290\",\"contentUrl\":\"https:\/\/restagro.com.tr\/wp-content\/uploads\/2025\/05\/05.jpeg?v=1746332290\",\"width\":800,\"height\":800},{\"@type\":\"BreadcrumbList\",\"@id\":\"https:\/\/restagro.com.tr\/product\/irrigation-rim#breadcrumb\",\"itemListElement\":[{\"@type\":\"ListItem\",\"position\":1,\"name\":\"Anasayfa\",\"item\":\"https:\/\/restagro.com.tr\/\"},{\"@type\":\"ListItem\",\"position\":2,\"name\":\"PRODUCT\",\"item\":\"https:\/\/restagro.com.tr\/product\"},{\"@type\":\"ListItem\",\"position\":3,\"name\":\"Irrigation Rim\"}]},{\"@type\":\"WebSite\",\"@id\":\"https:\/\/restagro.com.tr\/#website\",\"url\":\"https:\/\/restagro.com.tr\/\",\"name\":\"Restagro Agricultural &amp; Pivot Irrigation Components\",\"description\":\"\",\"publisher\":{\"@id\":\"https:\/\/restagro.com.tr\/#organization\"},\"potentialAction\":[{\"@type\":\"SearchAction\",\"target\":{\"@type\":\"EntryPoint\",\"urlTemplate\":\"https:\/\/restagro.com.tr\/?s={search_term_string}\"},\"query-input\":{\"@type\":\"PropertyValueSpecification\",\"valueRequired\":true,\"valueName\":\"search_term_string\"}}],\"inLanguage\":\"fr-FR\"},{\"@type\":\"Organization\",\"@id\":\"https:\/\/restagro.com.tr\/#organization\",\"name\":\"RESTAGRO\",\"url\":\"https:\/\/restagro.com.tr\/\",\"logo\":{\"@type\":\"ImageObject\",\"inLanguage\":\"fr-FR\",\"@id\":\"https:\/\/restagro.com.tr\/#\/schema\/logo\/image\/\",\"url\":\"https:\/\/restagro.com\/wp-content\/uploads\/2021\/03\/Dark-logo-ust.png\",\"contentUrl\":\"https:\/\/restagro.com\/wp-content\/uploads\/2021\/03\/Dark-logo-ust.png\",\"width\":600,\"height\":291,\"caption\":\"RESTAGRO\"},\"image\":{\"@id\":\"https:\/\/restagro.com.tr\/#\/schema\/logo\/image\/\"}}]}<\/script>\n<!-- \/ Yoast SEO plugin. -->","yoast_head_json":{"title":"Jantes d'irrigation | Restagro Agricultural &amp; Pivot Irrigation Components","robots":{"index":"index","follow":"follow","max-snippet":"max-snippet:-1","max-image-preview":"max-image-preview:large","max-video-preview":"max-video-preview:-1"},"canonical":"https:\/\/restagro.com.tr\/fr\/produit\/bord-dirrigation","og_locale":"fr_FR","og_type":"article","og_title":"Irrigation Rim | Restagro Agricultural &amp; Pivot Irrigation Components","og_description":"--Can be customized --Rim is galvanized to resist corrosion --Suitable for industry and agriculture","og_url":"https:\/\/restagro.com.tr\/fr\/produit\/bord-dirrigation","og_site_name":"Restagro Agricultural &amp; Pivot Irrigation Components","article_modified_time":"2025-05-04T04:54:47+00:00","og_image":[{"width":800,"height":800,"url":"https:\/\/restagro.com.tr\/wp-content\/uploads\/2025\/05\/05.jpeg?v=1746332290","type":"image\/jpeg"}],"twitter_card":"summary_large_image","twitter_misc":{"Dur\u00e9e de lecture estim\u00e9e":"1 minute"},"schema":{"@context":"https:\/\/schema.org","@graph":[{"@type":"WebPage","@id":"https:\/\/restagro.com.tr\/product\/irrigation-rim","url":"https:\/\/restagro.com.tr\/product\/irrigation-rim","name":"Jantes d'irrigation | Restagro Agricultural &amp; Pivot Irrigation Components","isPartOf":{"@id":"https:\/\/restagro.com.tr\/#website"},"primaryImageOfPage":{"@id":"https:\/\/restagro.com.tr\/product\/irrigation-rim#primaryimage"},"image":{"@id":"https:\/\/restagro.com.tr\/product\/irrigation-rim#primaryimage"},"thumbnailUrl":"https:\/\/restagro.com.tr\/wp-content\/uploads\/2025\/05\/05.jpeg?v=1746332290","datePublished":"2025-05-04T04:19:33+00:00","dateModified":"2025-05-04T04:54:47+00:00","breadcrumb":{"@id":"https:\/\/restagro.com.tr\/product\/irrigation-rim#breadcrumb"},"inLanguage":"fr-FR","potentialAction":[{"@type":"ReadAction","target":["https:\/\/restagro.com.tr\/product\/irrigation-rim"]}]},{"@type":"ImageObject","inLanguage":"fr-FR","@id":"https:\/\/restagro.com.tr\/product\/irrigation-rim#primaryimage","url":"https:\/\/restagro.com.tr\/wp-content\/uploads\/2025\/05\/05.jpeg?v=1746332290","contentUrl":"https:\/\/restagro.com.tr\/wp-content\/uploads\/2025\/05\/05.jpeg?v=1746332290","width":800,"height":800},{"@type":"BreadcrumbList","@id":"https:\/\/restagro.com.tr\/product\/irrigation-rim#breadcrumb","itemListElement":[{"@type":"ListItem","position":1,"name":"Anasayfa","item":"https:\/\/restagro.com.tr\/"},{"@type":"ListItem","position":2,"name":"PRODUCT","item":"https:\/\/restagro.com.tr\/product"},{"@type":"ListItem","position":3,"name":"Irrigation Rim"}]},{"@type":"WebSite","@id":"https:\/\/restagro.com.tr\/#website","url":"https:\/\/restagro.com.tr\/","name":"Restagro - Composants pour l'irrigation agricole et l'irrigation par pivotement","description":"","publisher":{"@id":"https:\/\/restagro.com.tr\/#organization"},"potentialAction":[{"@type":"SearchAction","target":{"@type":"EntryPoint","urlTemplate":"https:\/\/restagro.com.tr\/?s={search_term_string}"},"query-input":{"@type":"PropertyValueSpecification","valueRequired":true,"valueName":"search_term_string"}}],"inLanguage":"fr-FR"},{"@type":"Organization","@id":"https:\/\/restagro.com.tr\/#organization","name":"RESTAGRO","url":"https:\/\/restagro.com.tr\/","logo":{"@type":"ImageObject","inLanguage":"fr-FR","@id":"https:\/\/restagro.com.tr\/#\/schema\/logo\/image\/","url":"https:\/\/restagro.com\/wp-content\/uploads\/2021\/03\/Dark-logo-ust.png","contentUrl":"https:\/\/restagro.com\/wp-content\/uploads\/2021\/03\/Dark-logo-ust.png","width":600,"height":291,"caption":"RESTAGRO"},"image":{"@id":"https:\/\/restagro.com.tr\/#\/schema\/logo\/image\/"}}]}},"_links":{"self":[{"href":"https:\/\/restagro.com.tr\/fr\/wp-json\/wp\/v2\/product\/20931","targetHints":{"allow":["GET"]}}],"collection":[{"href":"https:\/\/restagro.com.tr\/fr\/wp-json\/wp\/v2\/product"}],"about":[{"href":"https:\/\/restagro.com.tr\/fr\/wp-json\/wp\/v2\/types\/product"}],"wp:featuredmedia":[{"embeddable":true,"href":"https:\/\/restagro.com.tr\/fr\/wp-json\/wp\/v2\/media\/20933"}],"wp:attachment":[{"href":"https:\/\/restagro.com.tr\/fr\/wp-json\/wp\/v2\/media?parent=20931"}],"wp:term":[{"taxonomy":"product_brand","embeddable":true,"href":"https:\/\/restagro.com.tr\/fr\/wp-json\/wp\/v2\/product_brand?post=20931"},{"taxonomy":"product_cat","embeddable":true,"href":"https:\/\/restagro.com.tr\/fr\/wp-json\/wp\/v2\/product_cat?post=20931"},{"taxonomy":"product_tag","embeddable":true,"href":"https:\/\/restagro.com.tr\/fr\/wp-json\/wp\/v2\/product_tag?post=20931"}],"curies":[{"name":"wp","href":"https:\/\/api.w.org\/{rel}","templated":true}]}}