{"id":19613,"date":"2024-01-11T13:44:36","date_gmt":"2024-01-11T10:44:36","guid":{"rendered":"https:\/\/restagro.com.tr\/?post_type=product&#038;p=19613#"},"modified":"2024-01-11T13:44:37","modified_gmt":"2024-01-11T10:44:37","slug":"type-de-tube-jante","status":"publish","type":"product","link":"https:\/\/restagro.com.tr\/fr\/produit\/type-de-tube-jante","title":{"rendered":"JANTE DE TYPE TUBE"},"content":{"rendered":"<table width=\"911\">\n<tbody>\n<tr>\n<td width=\"87\">\u00dcr\u00fcn Kodu<\/td>\n<td width=\"87\">Tipi<\/td>\n<td width=\"87\">Tipi Lastik<\/td>\n<td width=\"87\">Lastik Ebat\u0131<\/td>\n<td width=\"87\">Porya \u00c7ap\u0131<\/td>\n<td width=\"87\">Bijon Say\u0131s\u0131<\/td>\n<td width=\"87\">Bijon \u00c7ap\u0131<\/td>\n<td width=\"109\">Bijon Eksen \u00c7ap\u0131<\/td>\n<td width=\"85\">Disque Kal\u0131nl\u0131\u011f\u0131<\/td>\n<td width=\"108\">\u00c7ember Kal\u0131nl\u0131\u011f\u0131<\/td>\n<\/tr>\n<tr>\n<td><\/td>\n<td><\/td>\n<td><\/td>\n<td><\/td>\n<td>A mm<\/td>\n<td><\/td>\n<td>B mm<\/td>\n<td>C mm<\/td>\n<td>mm<\/td>\n<td>mm<\/td>\n<\/tr>\n<tr>\n<td>1001<\/td>\n<td>3.00\u00d78<\/td>\n<td>\u00a0TYPE DE TUBE<\/td>\n<td>\u00a0400-8<\/td>\n<td>59<\/td>\n<td>4<\/td>\n<td>14<\/td>\n<td>98<\/td>\n<td>4<\/td>\n<td>3<\/td>\n<\/tr>\n<tr>\n<td>1002<\/td>\n<td>3.00\u00d78<\/td>\n<td>TYPE DE TUBE<\/td>\n<td>400-8<\/td>\n<td>66<\/td>\n<td>4<\/td>\n<td>14<\/td>\n<td>108<\/td>\n<td>4<\/td>\n<td>3<\/td>\n<\/tr>\n<tr>\n<td>1003<\/td>\n<td>3.00\u00d710<\/td>\n<td>\u00a0TYPE DE TUBE<\/td>\n<td>\u00a0400-10<\/td>\n<td>59<\/td>\n<td>4<\/td>\n<td>14<\/td>\n<td>98<\/td>\n<td>4<\/td>\n<td>3<\/td>\n<\/tr>\n<tr>\n<td>1004<\/td>\n<td>3.00\u00d710<\/td>\n<td>\u00a0TYPE DE TUBE<\/td>\n<td>\u00a0400-10<\/td>\n<td>66<\/td>\n<td>4<\/td>\n<td>14<\/td>\n<td>108<\/td>\n<td>4<\/td>\n<td>3<\/td>\n<\/tr>\n<tr>\n<td>1005<\/td>\n<td>3.00\u00d712<\/td>\n<td>\u00a0TYPE DE TUBE<\/td>\n<td>\u00a0500X12<\/td>\n<td>110<\/td>\n<td>3<\/td>\n<td>14<\/td>\n<td>140<\/td>\n<td>4<\/td>\n<td>3<\/td>\n<\/tr>\n<tr>\n<td>1006<\/td>\n<td>3.00\u00d712<\/td>\n<td>\u00a0TYPE DE TUBE<\/td>\n<td>\u00a0500X12<\/td>\n<td>110<\/td>\n<td>5<\/td>\n<td>14<\/td>\n<td>160<\/td>\n<td>4<\/td>\n<td>3<\/td>\n<\/tr>\n<tr>\n<td>1007<\/td>\n<td>3.00\u00d712<\/td>\n<td>\u00a0TYPE DE TUBE<\/td>\n<td>\u00a0500X12<\/td>\n<td>59<\/td>\n<td>4<\/td>\n<td>14<\/td>\n<td>98<\/td>\n<td>4<\/td>\n<td>3<\/td>\n<\/tr>\n<tr>\n<td>1008<\/td>\n<td>3.00\u00d715<\/td>\n<td>\u00a0TYPE DE TUBE<\/td>\n<td>\u00a0500-15<\/td>\n<td>59<\/td>\n<td>4<\/td>\n<td>14<\/td>\n<td>98<\/td>\n<td>4<\/td>\n<td>3<\/td>\n<\/tr>\n<tr>\n<td>1009<\/td>\n<td>3.00\u00d715<\/td>\n<td>\u00a0TYPE DE TUBE<\/td>\n<td>\u00a0500-15<\/td>\n<td>110<\/td>\n<td>3<\/td>\n<td>14<\/td>\n<td>140<\/td>\n<td>4<\/td>\n<td>3<\/td>\n<\/tr>\n<tr>\n<td><\/td>\n<td>3.00X16<\/td>\n<td>TYPE DE TUBE<\/td>\n<td>4.00-16<\/td>\n<td><\/td>\n<td><\/td>\n<td><\/td>\n<td><\/td>\n<td><\/td>\n<td><\/td>\n<\/tr>\n<tr>\n<td>1010<\/td>\n<td>3.50\u00d710<\/td>\n<td>\u00a0TYPE DE TUBE<\/td>\n<td>\u00a0500-10<\/td>\n<td>59<\/td>\n<td>4<\/td>\n<td>14<\/td>\n<td>98<\/td>\n<td>4<\/td>\n<td>3<\/td>\n<\/tr>\n<tr>\n<td>1011<\/td>\n<td>4.00\u00d713<\/td>\n<td>\u00a0TYPE DE TUBE<\/td>\n<td>\u00a0155-13 165-13<\/td>\n<td>59<\/td>\n<td>4<\/td>\n<td>14<\/td>\n<td>98<\/td>\n<td>4<\/td>\n<td>3<\/td>\n<\/tr>\n<tr>\n<td>1012<\/td>\n<td>4.00\u00d713<\/td>\n<td>\u00a0TYPE DE TUBE<\/td>\n<td>\u00a0155-13 165-13<\/td>\n<td>110<\/td>\n<td>5<\/td>\n<td>14<\/td>\n<td>140<\/td>\n<td>4<\/td>\n<td>3<\/td>\n<\/tr>\n<tr>\n<td>1013<\/td>\n<td>4.00\u00d713<\/td>\n<td>\u00a0TYPE DE TUBE<\/td>\n<td>\u00a0155-13 165-13<\/td>\n<td>110<\/td>\n<td>3<\/td>\n<td>14<\/td>\n<td>160<\/td>\n<td>4<\/td>\n<td>3<\/td>\n<\/tr>\n<tr>\n<td>1014<\/td>\n<td>4.00\u00d713<\/td>\n<td>\u00a0TYPE DE TUBE<\/td>\n<td>\u00a0155-13 165-13<\/td>\n<td>110<\/td>\n<td>5<\/td>\n<td>14<\/td>\n<td>160<\/td>\n<td>4<\/td>\n<td>3<\/td>\n<\/tr>\n<tr>\n<td>1015<\/td>\n<td>4.00\u00d714<\/td>\n<td>\u00a0TYPE DE TUBE<\/td>\n<td>155-14 165-14<\/td>\n<td>110<\/td>\n<td>5<\/td>\n<td>14<\/td>\n<td>140<\/td>\n<td>4<\/td>\n<td>3<\/td>\n<\/tr>\n<tr>\n<td>1016<\/td>\n<td>4.00\u00d714<\/td>\n<td>\u00a0TYPE DE TUBE<\/td>\n<td>\u00a0155-14 165-14<\/td>\n<td>110<\/td>\n<td>5<\/td>\n<td>14<\/td>\n<td>160<\/td>\n<td>4<\/td>\n<td>3<\/td>\n<\/tr>\n<tr>\n<td><\/td>\n<td>4.00X15<\/td>\n<td>TYPE DE TUBE<\/td>\n<td>4.00-15<\/td>\n<td><\/td>\n<td><\/td>\n<td><\/td>\n<td><\/td>\n<td><\/td>\n<td><\/td>\n<\/tr>\n<tr>\n<td>1017<\/td>\n<td>4.00\u00d716<\/td>\n<td>\u00a0TYPE DE TUBE<\/td>\n<td>\u00a0600-16<\/td>\n<td>110<\/td>\n<td>5<\/td>\n<td>16<\/td>\n<td>140<\/td>\n<td>5<\/td>\n<td>3<\/td>\n<\/tr>\n<tr>\n<td>1018<\/td>\n<td>4.00\u00d716<\/td>\n<td>\u00a0TYPE DE TUBE<\/td>\n<td>\u00a0600-16<\/td>\n<td>110<\/td>\n<td>5<\/td>\n<td>16<\/td>\n<td>160<\/td>\n<td>5<\/td>\n<td>3<\/td>\n<\/tr>\n<tr>\n<td>1019<\/td>\n<td>4.50\u00d715<\/td>\n<td>\u00a0TYPE DE TUBE<\/td>\n<td>6.50\/80-15<\/td>\n<td>110<\/td>\n<td>3<\/td>\n<td>14<\/td>\n<td>140<\/td>\n<td>4<\/td>\n<td>3<\/td>\n<\/tr>\n<tr>\n<td>1020<\/td>\n<td>4.50\u00d716<\/td>\n<td>\u00a0TYPE DE TUBE<\/td>\n<td>650-16<\/td>\n<td>110<\/td>\n<td>5<\/td>\n<td>16<\/td>\n<td>140<\/td>\n<td>5<\/td>\n<td>3<\/td>\n<\/tr>\n<tr>\n<td>1021<\/td>\n<td>4.50\u00d716<\/td>\n<td>\u00a0TYPE DE TUBE<\/td>\n<td>\u00a0650-16<\/td>\n<td>110<\/td>\n<td>5<\/td>\n<td>16<\/td>\n<td>160<\/td>\n<td>5<\/td>\n<td>3<\/td>\n<\/tr>\n<tr>\n<td>1022<\/td>\n<td>5.00\u00d712<\/td>\n<td>\u00a0TYPE DE TUBE<\/td>\n<td>6.50\/80-12<\/td>\n<td>52<\/td>\n<td>4<\/td>\n<td>14<\/td>\n<td>95<\/td>\n<td>4<\/td>\n<td>3<\/td>\n<\/tr>\n<tr>\n<td>1023<\/td>\n<td>5.00\u00d712<\/td>\n<td>\u00a0TYPE DE TUBE<\/td>\n<td>\u00a06.50\/80-12<\/td>\n<td>59<\/td>\n<td>4<\/td>\n<td>14<\/td>\n<td>98<\/td>\n<td>4<\/td>\n<td>3<\/td>\n<\/tr>\n<tr>\n<td>1024<\/td>\n<td>5.00\u00d712<\/td>\n<td>\u00a0TYPE DE TUBE<\/td>\n<td>\u00a06.50\/80-12<\/td>\n<td>70<\/td>\n<td>4<\/td>\n<td>14<\/td>\n<td>102<\/td>\n<td>4<\/td>\n<td>3<\/td>\n<\/tr>\n<tr>\n<td>1025<\/td>\n<td>5.00\u00d713<\/td>\n<td>\u00a0TYPE DE TUBE<\/td>\n<td>6.50\/80-13<\/td>\n<td>52<\/td>\n<td>4<\/td>\n<td>14<\/td>\n<td>95<\/td>\n<td>4<\/td>\n<td>3<\/td>\n<\/tr>\n<tr>\n<td>1026<\/td>\n<td>5.00\u00d713<\/td>\n<td>\u00a0TYPE DE TUBE<\/td>\n<td>6.50\/80-13<\/td>\n<td>59<\/td>\n<td>4<\/td>\n<td>14<\/td>\n<td>98<\/td>\n<td>4<\/td>\n<td>3<\/td>\n<\/tr>\n<tr>\n<td>1027<\/td>\n<td>5.00\u00d713<\/td>\n<td>\u00a0TYPE DE TUBE<\/td>\n<td>\u00a06.50\/80-13<\/td>\n<td>110<\/td>\n<td>5<\/td>\n<td>14<\/td>\n<td>140<\/td>\n<td>4<\/td>\n<td>3<\/td>\n<\/tr>\n<tr>\n<td>1028<\/td>\n<td>5.00\u00d713<\/td>\n<td>\u00a0TYPE DE TUBE<\/td>\n<td>\u00a06.50\/80-13<\/td>\n<td>110<\/td>\n<td>5<\/td>\n<td>14<\/td>\n<td>160<\/td>\n<td>4<\/td>\n<td>3<\/td>\n<\/tr>\n<tr>\n<td>1029<\/td>\n<td>5.50X16<\/td>\n<td>\u00a0TYPE DE TUBE<\/td>\n<td>\u00a0750-16<\/td>\n<td>110<\/td>\n<td>5<\/td>\n<td>16<\/td>\n<td>140<\/td>\n<td>6<\/td>\n<td>\u00a03.5<\/td>\n<\/tr>\n<tr>\n<td>1030<\/td>\n<td>5.50X16<\/td>\n<td>\u00a0TYPE DE TUBE<\/td>\n<td>\u00a0750-16<\/td>\n<td>110<\/td>\n<td>5<\/td>\n<td>16<\/td>\n<td>160<\/td>\n<td>6<\/td>\n<td>\u00a03.5<\/td>\n<\/tr>\n<tr>\n<td>1031<\/td>\n<td>5.50X18<\/td>\n<td>\u00a0TYPE DE TUBE<\/td>\n<td>\u00a0750-18<\/td>\n<td>110<\/td>\n<td>5<\/td>\n<td>18<\/td>\n<td>160<\/td>\n<td>7<\/td>\n<td>4<\/td>\n<\/tr>\n<tr>\n<td><\/td>\n<td>6.00X16<\/td>\n<td>TYPE DE TUBE<\/td>\n<td>9.00-16<\/td>\n<td><\/td>\n<td><\/td>\n<td><\/td>\n<td><\/td>\n<td><\/td>\n<td><\/td>\n<\/tr>\n<tr>\n<td>1032<\/td>\n<td>10.00\u00d724<\/td>\n<td>\u00a0TYPE DE TUBE<\/td>\n<td>\u00a012.4-24<\/td>\n<td>220<\/td>\n<td>8<\/td>\n<td>22<\/td>\n<td>275<\/td>\n<td>7<\/td>\n<td>4<\/td>\n<\/tr>\n<tr>\n<td>1033<\/td>\n<td>12.00\u00d724<\/td>\n<td>\u00a0TYPE DE TUBE<\/td>\n<td>14.09.2024<\/td>\n<td>154<\/td>\n<td>8<\/td>\n<td>16<\/td>\n<td>155<\/td>\n<td>7<\/td>\n<td>4<\/td>\n<\/tr>\n<\/tbody>\n<\/table>","protected":false},"excerpt":{"rendered":"<p>\u00dcr\u00fcn Kodu Tipi Lastik Tipi Lastik Ebat\u0131 Porya \u00c7ap\u0131 Bijon Say\u0131s\u0131 Bijon \u00c7ap\u0131 Bijon Eksen \u00c7ap\u0131 Disk Kal\u0131nl\u0131\u011f\u0131 \u00c7ember Kal\u0131nl\u0131\u011f\u0131 A mm B mm C mm mm mm 1001 3.00&#215;8 \u00a0TUBE TYPE \u00a0400-8 59 4 14 98 4 3 1002 3.00&#215;8 TUBE TYPE 400-8 66 4 14 108 4 3 1003 3.00&#215;10 \u00a0TUBE TYPE \u00a0400-10 [&hellip;]<\/p>","protected":false},"featured_media":19614,"template":"","meta":{"_acf_changed":false,"_et_pb_use_builder":"","_et_pb_old_content":"","_et_gb_content_width":""},"product_brand":[],"product_cat":[29,86,31],"product_tag":[],"class_list":{"0":"post-19613","1":"product","2":"type-product","3":"status-publish","4":"has-post-thumbnail","6":"product_cat-spare-parts","7":"product_cat-rim-wheels","8":"product_cat-rim","10":"first","11":"instock","12":"shipping-taxable","13":"product-type-simple"},"acf":[],"yoast_head":"<!-- This site is optimized with the Yoast SEO plugin v26.7 - https:\/\/yoast.com\/wordpress\/plugins\/seo\/ -->\n<title>TUBE TYPE RIM | Restagro Agricultural &amp; Pivot Irrigation Components<\/title>\n<meta name=\"robots\" content=\"index, follow, max-snippet:-1, max-image-preview:large, max-video-preview:-1\" \/>\n<link rel=\"canonical\" href=\"https:\/\/restagro.com.tr\/fr\/produit\/type-de-tube-jante\" \/>\n<meta property=\"og:locale\" content=\"fr_FR\" \/>\n<meta property=\"og:type\" content=\"article\" \/>\n<meta property=\"og:title\" content=\"TUBE TYPE RIM | Restagro Agricultural &amp; Pivot Irrigation Components\" \/>\n<meta property=\"og:description\" content=\"\u00dcr\u00fcn Kodu Tipi Lastik Tipi Lastik Ebat\u0131 Porya \u00c7ap\u0131 Bijon Say\u0131s\u0131 Bijon \u00c7ap\u0131 Bijon Eksen \u00c7ap\u0131 Disk Kal\u0131nl\u0131\u011f\u0131 \u00c7ember Kal\u0131nl\u0131\u011f\u0131 A mm B mm C mm mm mm 1001 3.00&#215;8 \u00a0TUBE TYPE \u00a0400-8 59 4 14 98 4 3 1002 3.00&#215;8 TUBE TYPE 400-8 66 4 14 108 4 3 1003 3.00&#215;10 \u00a0TUBE TYPE \u00a0400-10 [&hellip;]\" \/>\n<meta property=\"og:url\" content=\"https:\/\/restagro.com.tr\/fr\/produit\/type-de-tube-jante\" \/>\n<meta property=\"og:site_name\" content=\"Restagro Agricultural &amp; Pivot Irrigation Components\" \/>\n<meta property=\"article:modified_time\" content=\"2024-01-11T10:44:37+00:00\" \/>\n<meta property=\"og:image\" content=\"https:\/\/restagro.com.tr\/wp-content\/uploads\/2024\/01\/tube-type1.jpg\" \/>\n\t<meta property=\"og:image:width\" content=\"1000\" \/>\n\t<meta property=\"og:image:height\" content=\"1000\" \/>\n\t<meta property=\"og:image:type\" content=\"image\/jpeg\" \/>\n<meta name=\"twitter:card\" content=\"summary_large_image\" \/>\n<meta name=\"twitter:label1\" content=\"Dur\u00e9e de lecture estim\u00e9e\" \/>\n\t<meta name=\"twitter:data1\" content=\"2 minutes\" \/>\n<script type=\"application\/ld+json\" class=\"yoast-schema-graph\">{\"@context\":\"https:\/\/schema.org\",\"@graph\":[{\"@type\":\"WebPage\",\"@id\":\"https:\/\/restagro.com.tr\/product\/tube-type-rim\",\"url\":\"https:\/\/restagro.com.tr\/product\/tube-type-rim\",\"name\":\"TUBE TYPE RIM | Restagro Agricultural &amp; Pivot Irrigation Components\",\"isPartOf\":{\"@id\":\"https:\/\/restagro.com.tr\/#website\"},\"primaryImageOfPage\":{\"@id\":\"https:\/\/restagro.com.tr\/product\/tube-type-rim#primaryimage\"},\"image\":{\"@id\":\"https:\/\/restagro.com.tr\/product\/tube-type-rim#primaryimage\"},\"thumbnailUrl\":\"https:\/\/restagro.com.tr\/wp-content\/uploads\/2024\/01\/tube-type1.jpg?v=1720172280\",\"datePublished\":\"2024-01-11T10:44:36+00:00\",\"dateModified\":\"2024-01-11T10:44:37+00:00\",\"breadcrumb\":{\"@id\":\"https:\/\/restagro.com.tr\/product\/tube-type-rim#breadcrumb\"},\"inLanguage\":\"fr-FR\",\"potentialAction\":[{\"@type\":\"ReadAction\",\"target\":[\"https:\/\/restagro.com.tr\/product\/tube-type-rim\"]}]},{\"@type\":\"ImageObject\",\"inLanguage\":\"fr-FR\",\"@id\":\"https:\/\/restagro.com.tr\/product\/tube-type-rim#primaryimage\",\"url\":\"https:\/\/restagro.com.tr\/wp-content\/uploads\/2024\/01\/tube-type1.jpg?v=1720172280\",\"contentUrl\":\"https:\/\/restagro.com.tr\/wp-content\/uploads\/2024\/01\/tube-type1.jpg?v=1720172280\",\"width\":1000,\"height\":1000},{\"@type\":\"BreadcrumbList\",\"@id\":\"https:\/\/restagro.com.tr\/product\/tube-type-rim#breadcrumb\",\"itemListElement\":[{\"@type\":\"ListItem\",\"position\":1,\"name\":\"Anasayfa\",\"item\":\"https:\/\/restagro.com.tr\/\"},{\"@type\":\"ListItem\",\"position\":2,\"name\":\"PRODUCT\",\"item\":\"https:\/\/restagro.com.tr\/product\"},{\"@type\":\"ListItem\",\"position\":3,\"name\":\"TUBE TYPE RIM\"}]},{\"@type\":\"WebSite\",\"@id\":\"https:\/\/restagro.com.tr\/#website\",\"url\":\"https:\/\/restagro.com.tr\/\",\"name\":\"Restagro Agricultural &amp; Pivot Irrigation Components\",\"description\":\"\",\"publisher\":{\"@id\":\"https:\/\/restagro.com.tr\/#organization\"},\"potentialAction\":[{\"@type\":\"SearchAction\",\"target\":{\"@type\":\"EntryPoint\",\"urlTemplate\":\"https:\/\/restagro.com.tr\/?s={search_term_string}\"},\"query-input\":{\"@type\":\"PropertyValueSpecification\",\"valueRequired\":true,\"valueName\":\"search_term_string\"}}],\"inLanguage\":\"fr-FR\"},{\"@type\":\"Organization\",\"@id\":\"https:\/\/restagro.com.tr\/#organization\",\"name\":\"RESTAGRO\",\"url\":\"https:\/\/restagro.com.tr\/\",\"logo\":{\"@type\":\"ImageObject\",\"inLanguage\":\"fr-FR\",\"@id\":\"https:\/\/restagro.com.tr\/#\/schema\/logo\/image\/\",\"url\":\"https:\/\/restagro.com\/wp-content\/uploads\/2021\/03\/Dark-logo-ust.png\",\"contentUrl\":\"https:\/\/restagro.com\/wp-content\/uploads\/2021\/03\/Dark-logo-ust.png\",\"width\":600,\"height\":291,\"caption\":\"RESTAGRO\"},\"image\":{\"@id\":\"https:\/\/restagro.com.tr\/#\/schema\/logo\/image\/\"}}]}<\/script>\n<!-- \/ Yoast SEO plugin. -->","yoast_head_json":{"title":"BAGUE DE TYPE TUBE | Restagro Agricultural &amp; Pivot Irrigation Components","robots":{"index":"index","follow":"follow","max-snippet":"max-snippet:-1","max-image-preview":"max-image-preview:large","max-video-preview":"max-video-preview:-1"},"canonical":"https:\/\/restagro.com.tr\/fr\/produit\/type-de-tube-jante","og_locale":"fr_FR","og_type":"article","og_title":"TUBE TYPE RIM | Restagro Agricultural &amp; Pivot Irrigation Components","og_description":"\u00dcr\u00fcn Kodu Tipi Lastik Tipi Lastik Ebat\u0131 Porya \u00c7ap\u0131 Bijon Say\u0131s\u0131 Bijon \u00c7ap\u0131 Bijon Eksen \u00c7ap\u0131 Disk Kal\u0131nl\u0131\u011f\u0131 \u00c7ember Kal\u0131nl\u0131\u011f\u0131 A mm B mm C mm mm mm 1001 3.00&#215;8 \u00a0TUBE TYPE \u00a0400-8 59 4 14 98 4 3 1002 3.00&#215;8 TUBE TYPE 400-8 66 4 14 108 4 3 1003 3.00&#215;10 \u00a0TUBE TYPE \u00a0400-10 [&hellip;]","og_url":"https:\/\/restagro.com.tr\/fr\/produit\/type-de-tube-jante","og_site_name":"Restagro Agricultural &amp; Pivot Irrigation Components","article_modified_time":"2024-01-11T10:44:37+00:00","og_image":[{"width":1000,"height":1000,"url":"https:\/\/restagro.com.tr\/wp-content\/uploads\/2024\/01\/tube-type1.jpg","type":"image\/jpeg"}],"twitter_card":"summary_large_image","twitter_misc":{"Dur\u00e9e de lecture estim\u00e9e":"2 minutes"},"schema":{"@context":"https:\/\/schema.org","@graph":[{"@type":"WebPage","@id":"https:\/\/restagro.com.tr\/product\/tube-type-rim","url":"https:\/\/restagro.com.tr\/product\/tube-type-rim","name":"BAGUE DE TYPE TUBE | Restagro Agricultural &amp; Pivot Irrigation Components","isPartOf":{"@id":"https:\/\/restagro.com.tr\/#website"},"primaryImageOfPage":{"@id":"https:\/\/restagro.com.tr\/product\/tube-type-rim#primaryimage"},"image":{"@id":"https:\/\/restagro.com.tr\/product\/tube-type-rim#primaryimage"},"thumbnailUrl":"https:\/\/restagro.com.tr\/wp-content\/uploads\/2024\/01\/tube-type1.jpg?v=1720172280","datePublished":"2024-01-11T10:44:36+00:00","dateModified":"2024-01-11T10:44:37+00:00","breadcrumb":{"@id":"https:\/\/restagro.com.tr\/product\/tube-type-rim#breadcrumb"},"inLanguage":"fr-FR","potentialAction":[{"@type":"ReadAction","target":["https:\/\/restagro.com.tr\/product\/tube-type-rim"]}]},{"@type":"ImageObject","inLanguage":"fr-FR","@id":"https:\/\/restagro.com.tr\/product\/tube-type-rim#primaryimage","url":"https:\/\/restagro.com.tr\/wp-content\/uploads\/2024\/01\/tube-type1.jpg?v=1720172280","contentUrl":"https:\/\/restagro.com.tr\/wp-content\/uploads\/2024\/01\/tube-type1.jpg?v=1720172280","width":1000,"height":1000},{"@type":"BreadcrumbList","@id":"https:\/\/restagro.com.tr\/product\/tube-type-rim#breadcrumb","itemListElement":[{"@type":"ListItem","position":1,"name":"Anasayfa","item":"https:\/\/restagro.com.tr\/"},{"@type":"ListItem","position":2,"name":"PRODUCT","item":"https:\/\/restagro.com.tr\/product"},{"@type":"ListItem","position":3,"name":"TUBE TYPE RIM"}]},{"@type":"WebSite","@id":"https:\/\/restagro.com.tr\/#website","url":"https:\/\/restagro.com.tr\/","name":"Restagro - Composants pour l'irrigation agricole et l'irrigation par pivotement","description":"","publisher":{"@id":"https:\/\/restagro.com.tr\/#organization"},"potentialAction":[{"@type":"SearchAction","target":{"@type":"EntryPoint","urlTemplate":"https:\/\/restagro.com.tr\/?s={search_term_string}"},"query-input":{"@type":"PropertyValueSpecification","valueRequired":true,"valueName":"search_term_string"}}],"inLanguage":"fr-FR"},{"@type":"Organization","@id":"https:\/\/restagro.com.tr\/#organization","name":"RESTAGRO","url":"https:\/\/restagro.com.tr\/","logo":{"@type":"ImageObject","inLanguage":"fr-FR","@id":"https:\/\/restagro.com.tr\/#\/schema\/logo\/image\/","url":"https:\/\/restagro.com\/wp-content\/uploads\/2021\/03\/Dark-logo-ust.png","contentUrl":"https:\/\/restagro.com\/wp-content\/uploads\/2021\/03\/Dark-logo-ust.png","width":600,"height":291,"caption":"RESTAGRO"},"image":{"@id":"https:\/\/restagro.com.tr\/#\/schema\/logo\/image\/"}}]}},"_links":{"self":[{"href":"https:\/\/restagro.com.tr\/fr\/wp-json\/wp\/v2\/product\/19613","targetHints":{"allow":["GET"]}}],"collection":[{"href":"https:\/\/restagro.com.tr\/fr\/wp-json\/wp\/v2\/product"}],"about":[{"href":"https:\/\/restagro.com.tr\/fr\/wp-json\/wp\/v2\/types\/product"}],"wp:featuredmedia":[{"embeddable":true,"href":"https:\/\/restagro.com.tr\/fr\/wp-json\/wp\/v2\/media\/19614"}],"wp:attachment":[{"href":"https:\/\/restagro.com.tr\/fr\/wp-json\/wp\/v2\/media?parent=19613"}],"wp:term":[{"taxonomy":"product_brand","embeddable":true,"href":"https:\/\/restagro.com.tr\/fr\/wp-json\/wp\/v2\/product_brand?post=19613"},{"taxonomy":"product_cat","embeddable":true,"href":"https:\/\/restagro.com.tr\/fr\/wp-json\/wp\/v2\/product_cat?post=19613"},{"taxonomy":"product_tag","embeddable":true,"href":"https:\/\/restagro.com.tr\/fr\/wp-json\/wp\/v2\/product_tag?post=19613"}],"curies":[{"name":"wp","href":"https:\/\/api.w.org\/{rel}","templated":true}]}}