{"id":19602,"date":"2024-01-11T13:17:05","date_gmt":"2024-01-11T10:17:05","guid":{"rendered":"https:\/\/restagro.com.tr\/?post_type=product&#038;p=19602#"},"modified":"2024-01-11T13:17:06","modified_gmt":"2024-01-11T10:17:06","slug":"jante-tubeless","status":"publish","type":"product","link":"https:\/\/restagro.com.tr\/fr\/produit\/jante-tubeless","title":{"rendered":"JANTE TUBELESS"},"content":{"rendered":"<table width=\"870\">\n<tbody>\n<tr>\n<td width=\"87\">\u00dcr\u00fcn Kodu<\/td>\n<td width=\"87\">Ebat<\/td>\n<td width=\"87\">Tipi Lastik<\/td>\n<td width=\"87\">Lastik Ebat\u0131<\/td>\n<td width=\"87\">Porya \u00c7ap\u0131<\/td>\n<td width=\"87\">Bijpn Sayh\u0131so\u0131<\/td>\n<td width=\"87\">Bijon \u00c7ap\u0131<\/td>\n<td width=\"87\">Bijon Ekesn \u00c7ap\u0131<\/td>\n<td width=\"87\">Disque Kal\u0131nl\u0131\u011f\u0131<\/td>\n<td width=\"87\">\u00c7ember Kal\u0131nl\u0131\u011f\u0131<\/td>\n<\/tr>\n<tr>\n<td><\/td>\n<td><\/td>\n<td><\/td>\n<td><\/td>\n<td>A mm<\/td>\n<td><\/td>\n<td>B mm<\/td>\n<td>C mm<\/td>\n<td>mm<\/td>\n<td>mm<\/td>\n<\/tr>\n<tr>\n<td>2001<\/td>\n<td>4.00\u00d713<\/td>\n<td>Sans chambre \u00e0 air<\/td>\n<td>155-13<br \/>\n165-13<\/td>\n<td>59<\/td>\n<td>4<\/td>\n<td>16<\/td>\n<td>98<\/td>\n<td>4<\/td>\n<td>3<\/td>\n<\/tr>\n<tr>\n<td>2002<\/td>\n<td>4.00\u00d713<\/td>\n<td>Sans chambre \u00e0 air<\/td>\n<td>155-13<br \/>\n165-13<\/td>\n<td>110<\/td>\n<td>3<\/td>\n<td>16<\/td>\n<td>140<\/td>\n<td>4<\/td>\n<td>3<\/td>\n<\/tr>\n<tr>\n<td>\u00a02003<\/td>\n<td>4.00\u00d713<\/td>\n<td>Sans chambre \u00e0 air<\/td>\n<td>155-13<br \/>\n165-13<\/td>\n<td>110<\/td>\n<td>5<\/td>\n<td>16<\/td>\n<td>140<\/td>\n<td>4<\/td>\n<td>3<\/td>\n<\/tr>\n<tr>\n<td>\u00a02004<\/td>\n<td>4.00\u00d713<\/td>\n<td>Sans chambre \u00e0 air<\/td>\n<td>155-13<br \/>\n165-13<\/td>\n<td>110<\/td>\n<td>5<\/td>\n<td>16<\/td>\n<td>160<\/td>\n<td>4<\/td>\n<td>3<\/td>\n<\/tr>\n<tr>\n<td>\u00a02005<\/td>\n<td>4.00\u00d714<\/td>\n<td>Sans chambre \u00e0 air<\/td>\n<td>155-14<br \/>\n165-14<\/td>\n<td>110<\/td>\n<td>5<\/td>\n<td>16<\/td>\n<td>160<\/td>\n<td>5<\/td>\n<td>3<\/td>\n<\/tr>\n<tr>\n<td>\u00a02006<\/td>\n<td>5.00\u00d78<\/td>\n<td>Sans chambre \u00e0 air<\/td>\n<td>16.5\/6-8<\/td>\n<td>59<\/td>\n<td>4<\/td>\n<td>12<\/td>\n<td>98<\/td>\n<td>6<\/td>\n<td>3<\/td>\n<\/tr>\n<tr>\n<td>\u00a02007<\/td>\n<td>5.00\u00d78<\/td>\n<td>Sans chambre \u00e0 air<\/td>\n<td>16.5\/6-8<\/td>\n<td>66<\/td>\n<td>4<\/td>\n<td>12<\/td>\n<td>108<\/td>\n<td>6<\/td>\n<td>3<\/td>\n<\/tr>\n<tr>\n<td><\/td>\n<td>5.00\u00d712<\/td>\n<td><\/td>\n<td><\/td>\n<td><\/td>\n<td><\/td>\n<td><\/td>\n<td><\/td>\n<td><\/td>\n<td><\/td>\n<\/tr>\n<tr>\n<td>\u00a02008<\/td>\n<td>5.00\u00d713<\/td>\n<td>Sans chambre \u00e0 air<\/td>\n<td>175-13<br \/>\n185-13<\/td>\n<td>110<\/td>\n<td>5<\/td>\n<td>16<\/td>\n<td>160<\/td>\n<td>5<\/td>\n<td>3<\/td>\n<\/tr>\n<tr>\n<td>\u00a02009<\/td>\n<td>5.50\u00d714<\/td>\n<td>Sans chambre \u00e0 air<\/td>\n<td>175-14<br \/>\n185-14<\/td>\n<td>110<\/td>\n<td>5<\/td>\n<td>16<\/td>\n<td>160<\/td>\n<td>5<\/td>\n<td>3<\/td>\n<\/tr>\n<tr>\n<td>\u00a02010<\/td>\n<td>5.50\u00d715<\/td>\n<td>Sans chambre \u00e0 air<\/td>\n<td>175-15<br \/>\n185-15<br \/>\n195-15<\/td>\n<td>110<\/td>\n<td>5<\/td>\n<td>16<\/td>\n<td>160<\/td>\n<td>5<\/td>\n<td>4<\/td>\n<\/tr>\n<tr>\n<td>\u00a02011<\/td>\n<td>6.50\u00d712<\/td>\n<td>Sans chambre \u00e0 air<\/td>\n<td>7.00-12<\/td>\n<td>110<\/td>\n<td>5<\/td>\n<td>16<\/td>\n<td>160<\/td>\n<td>6<\/td>\n<td>3<\/td>\n<\/tr>\n<tr>\n<td>2012<\/td>\n<td>6.50\u00d715<\/td>\n<td>Sans chambre \u00e0 air<\/td>\n<td>205\/70-15<br \/>\n225\/70-15<br \/>\n235\/75-15<\/td>\n<td>110<\/td>\n<td>5<\/td>\n<td>18<\/td>\n<td>160<\/td>\n<td>6<\/td>\n<td>4<\/td>\n<\/tr>\n<tr>\n<td>\u00a02013<\/td>\n<td>6.50\u00d715<\/td>\n<td>Sans chambre \u00e0 air<\/td>\n<td>205\/70-15<br \/>\n225\/70-15<br \/>\n235\/75-15<\/td>\n<td>160<\/td>\n<td>6<\/td>\n<td>18<\/td>\n<td>205<\/td>\n<td>6<\/td>\n<td>4<\/td>\n<\/tr>\n<tr>\n<td>\u00a02014<\/td>\n<td>6.50\u00d716<\/td>\n<td>Sans chambre \u00e0 air<\/td>\n<td>225\/70-16<br \/>\n235\/70-16<\/td>\n<td>160<\/td>\n<td>6<\/td>\n<td>18<\/td>\n<td>205<\/td>\n<td>7<\/td>\n<td>4<\/td>\n<\/tr>\n<tr>\n<td>\u00a02015<\/td>\n<td>7.00\u00d716<\/td>\n<td>Sans chambre \u00e0 air<\/td>\n<td>9.00-16<\/td>\n<td>160<\/td>\n<td>6<\/td>\n<td>18<\/td>\n<td>205<\/td>\n<td>7<\/td>\n<td>4<\/td>\n<\/tr>\n<tr>\n<td>\u00a02016<\/td>\n<td>7.00\u00d717.5<\/td>\n<td>Sans chambre \u00e0 air<\/td>\n<td>215\/75 R17.5<br \/>\n225\/75 R17.5<br \/>\n235\/75 R17.5<br \/>\n245\/75 R17.5<\/td>\n<td>160<\/td>\n<td>6<\/td>\n<td>22<\/td>\n<td>205<\/td>\n<td>10<\/td>\n<td>5<\/td>\n<\/tr>\n<tr>\n<td>\u00a02017<\/td>\n<td>7.50\u00d719.5<\/td>\n<td>Sans chambre \u00e0 air<\/td>\n<td>285\/70 R19.5<br \/>\n265\/70R19.5<\/td>\n<td>160<\/td>\n<td>6<\/td>\n<td>22<\/td>\n<td>205<\/td>\n<td>10<\/td>\n<td>5<\/td>\n<\/tr>\n<tr>\n<td>\u00a02018<\/td>\n<td>8.00\u00d712<\/td>\n<td>Sans chambre \u00e0 air<\/td>\n<td>10.00\/80-12<\/td>\n<td>110<\/td>\n<td>5<\/td>\n<td>16<\/td>\n<td>160<\/td>\n<td>6<\/td>\n<td>4<\/td>\n<\/tr>\n<tr>\n<td>\u00a02019<\/td>\n<td>8.00\u00d712<\/td>\n<td>Sans chambre \u00e0 air<\/td>\n<td>10.00\/80-12<\/td>\n<td>160<\/td>\n<td>6<\/td>\n<td>18<\/td>\n<td>205<\/td>\n<td>6<\/td>\n<td>4<\/td>\n<\/tr>\n<tr>\n<td>\u00a02020<\/td>\n<td>8.00\u00d716<\/td>\n<td>Sans chambre \u00e0 air<\/td>\n<td>10.00-16<\/td>\n<td>160<\/td>\n<td>6<\/td>\n<td>20<\/td>\n<td>205<\/td>\n<td>7<\/td>\n<td>4<\/td>\n<\/tr>\n<tr>\n<td><\/td>\n<td>8.25X19.5<\/td>\n<td>Sans chambre \u00e0 air<\/td>\n<td>285\/70-19,5<\/td>\n<td><\/td>\n<td><\/td>\n<td><\/td>\n<td><\/td>\n<td><\/td>\n<td><\/td>\n<\/tr>\n<tr>\n<td>\u00a02021<\/td>\n<td>9.00\u00d715.3<\/td>\n<td>Sans chambre \u00e0 air<\/td>\n<td>10.00\/75-15<br \/>\n11.5\/80-15.3<\/td>\n<td>110<\/td>\n<td>5<\/td>\n<td>18<\/td>\n<td>160<\/td>\n<td>7<\/td>\n<td>4<\/td>\n<\/tr>\n<tr>\n<td>\u00a02022<\/td>\n<td>9.00\u00d715.3<\/td>\n<td>Sans chambre \u00e0 air<\/td>\n<td>10.00\/75-15<br \/>\n11.5\/80-15.3<\/td>\n<td>160<\/td>\n<td>6<\/td>\n<td>18<\/td>\n<td>205<\/td>\n<td>7<\/td>\n<td>4<\/td>\n<\/tr>\n<tr>\n<td>2023<\/td>\n<td>9.00\u00d716<\/td>\n<td>Sans chambre \u00e0 air<\/td>\n<td>10.50\/65-16<\/td>\n<td>160<\/td>\n<td>6<\/td>\n<td>20<\/td>\n<td>205<\/td>\n<td>7<\/td>\n<td>4<\/td>\n<\/tr>\n<tr>\n<td>\u00a02024<\/td>\n<td>9.00\u00d718<\/td>\n<td>Sans chambre \u00e0 air<\/td>\n<td>10.5\/80-18<\/td>\n<td>160<\/td>\n<td>6<\/td>\n<td>22<\/td>\n<td>205<\/td>\n<td>10<\/td>\n<td>5<\/td>\n<\/tr>\n<tr>\n<td><\/td>\n<td>9.00\u00d722.5<\/td>\n<td><\/td>\n<td>315\/80-22.5<\/td>\n<td><\/td>\n<td><\/td>\n<td><\/td>\n<td><\/td>\n<td><\/td>\n<td><\/td>\n<\/tr>\n<tr>\n<td>2025<\/td>\n<td>10.00\u00d715.3<\/td>\n<td>Sans chambre \u00e0 air<\/td>\n<td>12.5\/80-15.3<\/td>\n<td>160<\/td>\n<td>6<\/td>\n<td>18<\/td>\n<td>205<\/td>\n<td>8<\/td>\n<td>4<\/td>\n<\/tr>\n<tr>\n<td>\u00a02026<\/td>\n<td>10.00\u00d715.3<\/td>\n<td>Sans chambre \u00e0 air<\/td>\n<td>12.5\/80-15.3<\/td>\n<td>160<\/td>\n<td>6<\/td>\n<td>18<\/td>\n<td>205<\/td>\n<td>10<\/td>\n<td>4<\/td>\n<\/tr>\n<tr>\n<td>\u00a02027<\/td>\n<td>10.00\u00d716<\/td>\n<td>Sans chambre \u00e0 air<\/td>\n<td>10.50\/65-16<\/td>\n<td>160<\/td>\n<td>6<\/td>\n<td>20<\/td>\n<td>205<\/td>\n<td>7<\/td>\n<td>4<\/td>\n<\/tr>\n<tr>\n<td>\u00a02028<\/td>\n<td>10.00\u00d718<\/td>\n<td>Sans chambre \u00e0 air<\/td>\n<td>12.5\/80-18<\/td>\n<td>160<\/td>\n<td>6<\/td>\n<td>22<\/td>\n<td>205<\/td>\n<td>10<\/td>\n<td>5<\/td>\n<\/tr>\n<tr>\n<td>\u00a02029<\/td>\n<td>10.00\u00d720<\/td>\n<td>Sans chambre \u00e0 air<\/td>\n<td>12.5\/80-20<\/td>\n<td>160<\/td>\n<td>6<\/td>\n<td>22<\/td>\n<td>205<\/td>\n<td>10<\/td>\n<td>5<\/td>\n<\/tr>\n<tr>\n<td>\u00a02030<\/td>\n<td>11.00\u00d716<\/td>\n<td>Sans chambre \u00e0 air<\/td>\n<td>340\/55-16<\/td>\n<td>160<\/td>\n<td>6<\/td>\n<td>20<\/td>\n<td>205<\/td>\n<td>7<\/td>\n<td>4<\/td>\n<\/tr>\n<tr>\n<td>\u00a02031<\/td>\n<td>11.00\u00d718<\/td>\n<td>Sans chambre \u00e0 air<\/td>\n<td>13\/65-18<\/td>\n<td>160<\/td>\n<td>6<\/td>\n<td>22<\/td>\n<td>205<\/td>\n<td>10<\/td>\n<td>5<\/td>\n<\/tr>\n<tr>\n<td>2032<\/td>\n<td>11.00\u00d720<\/td>\n<td>Sans chambre \u00e0 air<\/td>\n<td>12.5\/80-20<\/td>\n<td>160<\/td>\n<td>6<\/td>\n<td>22<\/td>\n<td>205<\/td>\n<td>10<\/td>\n<td>5<\/td>\n<\/tr>\n<tr>\n<td><\/td>\n<td>11.75\u00d717.5<\/td>\n<td><\/td>\n<td><\/td>\n<td><\/td>\n<td><\/td>\n<td><\/td>\n<td><\/td>\n<td><\/td>\n<td><\/td>\n<\/tr>\n<tr>\n<td><\/td>\n<td>11.75\u00d719.5<\/td>\n<td>Sans chambre \u00e0 air<\/td>\n<td>385\/50-19,5<\/td>\n<td><\/td>\n<td><\/td>\n<td><\/td>\n<td><\/td>\n<td><\/td>\n<td><\/td>\n<\/tr>\n<tr>\n<td><\/td>\n<td>11.75\u00d722.5<\/td>\n<td>Sans chambre \u00e0 air<\/td>\n<td>385\/65-22,5<\/td>\n<td><\/td>\n<td><\/td>\n<td><\/td>\n<td><\/td>\n<td><\/td>\n<td><\/td>\n<\/tr>\n<tr>\n<td>\u00a02033<\/td>\n<td>13.00\u00d715.5<\/td>\n<td>Sans chambre \u00e0 air<\/td>\n<td>400\/60-15.5<\/td>\n<td>160<\/td>\n<td>6<\/td>\n<td>22<\/td>\n<td>205<\/td>\n<td>10<\/td>\n<td>5<\/td>\n<\/tr>\n<tr>\n<td><\/td>\n<td>13.00\u00d717<\/td>\n<td><\/td>\n<td>15.00\/55\/-17<\/td>\n<td><\/td>\n<td><\/td>\n<td><\/td>\n<td><\/td>\n<td><\/td>\n<td><\/td>\n<\/tr>\n<tr>\n<td><\/td>\n<td>13.00\u00d718<\/td>\n<td><\/td>\n<td><\/td>\n<td><\/td>\n<td><\/td>\n<td><\/td>\n<td><\/td>\n<td><\/td>\n<td><\/td>\n<\/tr>\n<tr>\n<td>2034<\/td>\n<td>\u00a013.00\u00d720<\/td>\n<td>\u00a0Sans chambre \u00e0 air<\/td>\n<td>440\/65-20<br \/>\n420\/65-20<br \/>\n425\/75-20<\/td>\n<td>160<\/td>\n<td>6<\/td>\n<td>\u00a022<\/td>\n<td>\u00a0205<\/td>\n<td>10<\/td>\n<td>5<\/td>\n<\/tr>\n<tr>\n<td><\/td>\n<td><\/td>\n<td><\/td>\n<td><\/td>\n<td><\/td>\n<td><\/td>\n<td><\/td>\n<td><\/td>\n<td><\/td>\n<td><\/td>\n<\/tr>\n<tr>\n<td><\/td>\n<td>13.00\u00d722.5<\/td>\n<td>Sans chambre \u00e0 air<\/td>\n<td><\/td>\n<td><\/td>\n<td><\/td>\n<td><\/td>\n<td><\/td>\n<td><\/td>\n<td><\/td>\n<\/tr>\n<tr>\n<td><\/td>\n<td>14.00\u00d719.5<\/td>\n<td><\/td>\n<td>435\/50-19.5<\/td>\n<td><\/td>\n<td><\/td>\n<td><\/td>\n<td><\/td>\n<td><\/td>\n<td><\/td>\n<\/tr>\n<\/tbody>\n<\/table>","protected":false},"excerpt":{"rendered":"<p>\u00dcr\u00fcn Kodu Ebat Lastik Tipi Lastik Ebat\u0131 Porya \u00c7ap\u0131 Bijpn Sayh\u0131so\u0131 Bijon \u00c7ap\u0131 Bijon Ekesn \u00c7ap\u0131 Disk Kal\u0131nl\u0131\u011f\u0131 \u00c7ember Kal\u0131nl\u0131\u011f\u0131 A mm B mm C mm mm mm 2001 4.00&#215;13 Tubeless 155-13 165-13 59 4 16 98 4 3 2002 4.00&#215;13 Tubeless 155-13 165-13 110 3 16 140 4 3 \u00a02003 4.00&#215;13 Tubeless 155-13 165-13 [&hellip;]<\/p>","protected":false},"featured_media":19603,"template":"","meta":{"_acf_changed":false,"_et_pb_use_builder":"","_et_pb_old_content":"","_et_gb_content_width":""},"product_brand":[],"product_cat":[29,86,31],"product_tag":[],"class_list":{"0":"post-19602","1":"product","2":"type-product","3":"status-publish","4":"has-post-thumbnail","6":"product_cat-spare-parts","7":"product_cat-rim-wheels","8":"product_cat-rim","10":"first","11":"instock","12":"shipping-taxable","13":"product-type-simple"},"acf":[],"yoast_head":"<!-- This site is optimized with the Yoast SEO plugin v26.7 - https:\/\/yoast.com\/wordpress\/plugins\/seo\/ -->\n<title>TUBELESS RIM | Restagro Agricultural &amp; Pivot Irrigation Components<\/title>\n<meta name=\"robots\" content=\"index, follow, max-snippet:-1, max-image-preview:large, max-video-preview:-1\" \/>\n<link rel=\"canonical\" href=\"https:\/\/restagro.com.tr\/fr\/produit\/jante-tubeless\" \/>\n<meta property=\"og:locale\" content=\"fr_FR\" \/>\n<meta property=\"og:type\" content=\"article\" \/>\n<meta property=\"og:title\" content=\"TUBELESS RIM | Restagro Agricultural &amp; Pivot Irrigation Components\" \/>\n<meta property=\"og:description\" content=\"\u00dcr\u00fcn Kodu Ebat Lastik Tipi Lastik Ebat\u0131 Porya \u00c7ap\u0131 Bijpn Sayh\u0131so\u0131 Bijon \u00c7ap\u0131 Bijon Ekesn \u00c7ap\u0131 Disk Kal\u0131nl\u0131\u011f\u0131 \u00c7ember Kal\u0131nl\u0131\u011f\u0131 A mm B mm C mm mm mm 2001 4.00&#215;13 Tubeless 155-13 165-13 59 4 16 98 4 3 2002 4.00&#215;13 Tubeless 155-13 165-13 110 3 16 140 4 3 \u00a02003 4.00&#215;13 Tubeless 155-13 165-13 [&hellip;]\" \/>\n<meta property=\"og:url\" content=\"https:\/\/restagro.com.tr\/fr\/produit\/jante-tubeless\" \/>\n<meta property=\"og:site_name\" content=\"Restagro Agricultural &amp; Pivot Irrigation Components\" \/>\n<meta property=\"article:modified_time\" content=\"2024-01-11T10:17:06+00:00\" \/>\n<meta property=\"og:image\" content=\"https:\/\/restagro.com.tr\/wp-content\/uploads\/2024\/01\/tubeless1.jpg\" \/>\n\t<meta property=\"og:image:width\" content=\"1000\" \/>\n\t<meta property=\"og:image:height\" content=\"1000\" \/>\n\t<meta property=\"og:image:type\" content=\"image\/jpeg\" \/>\n<meta name=\"twitter:card\" content=\"summary_large_image\" \/>\n<meta name=\"twitter:label1\" content=\"Dur\u00e9e de lecture estim\u00e9e\" \/>\n\t<meta name=\"twitter:data1\" content=\"3 minutes\" \/>\n<script type=\"application\/ld+json\" class=\"yoast-schema-graph\">{\"@context\":\"https:\/\/schema.org\",\"@graph\":[{\"@type\":\"WebPage\",\"@id\":\"https:\/\/restagro.com.tr\/product\/tubeless-rim\",\"url\":\"https:\/\/restagro.com.tr\/product\/tubeless-rim\",\"name\":\"TUBELESS RIM | Restagro Agricultural &amp; Pivot Irrigation Components\",\"isPartOf\":{\"@id\":\"https:\/\/restagro.com.tr\/#website\"},\"primaryImageOfPage\":{\"@id\":\"https:\/\/restagro.com.tr\/product\/tubeless-rim#primaryimage\"},\"image\":{\"@id\":\"https:\/\/restagro.com.tr\/product\/tubeless-rim#primaryimage\"},\"thumbnailUrl\":\"https:\/\/restagro.com.tr\/wp-content\/uploads\/2024\/01\/tubeless1.jpg?v=1720172274\",\"datePublished\":\"2024-01-11T10:17:05+00:00\",\"dateModified\":\"2024-01-11T10:17:06+00:00\",\"breadcrumb\":{\"@id\":\"https:\/\/restagro.com.tr\/product\/tubeless-rim#breadcrumb\"},\"inLanguage\":\"fr-FR\",\"potentialAction\":[{\"@type\":\"ReadAction\",\"target\":[\"https:\/\/restagro.com.tr\/product\/tubeless-rim\"]}]},{\"@type\":\"ImageObject\",\"inLanguage\":\"fr-FR\",\"@id\":\"https:\/\/restagro.com.tr\/product\/tubeless-rim#primaryimage\",\"url\":\"https:\/\/restagro.com.tr\/wp-content\/uploads\/2024\/01\/tubeless1.jpg?v=1720172274\",\"contentUrl\":\"https:\/\/restagro.com.tr\/wp-content\/uploads\/2024\/01\/tubeless1.jpg?v=1720172274\",\"width\":1000,\"height\":1000},{\"@type\":\"BreadcrumbList\",\"@id\":\"https:\/\/restagro.com.tr\/product\/tubeless-rim#breadcrumb\",\"itemListElement\":[{\"@type\":\"ListItem\",\"position\":1,\"name\":\"Anasayfa\",\"item\":\"https:\/\/restagro.com.tr\/\"},{\"@type\":\"ListItem\",\"position\":2,\"name\":\"PRODUCT\",\"item\":\"https:\/\/restagro.com.tr\/product\"},{\"@type\":\"ListItem\",\"position\":3,\"name\":\"TUBELESS RIM\"}]},{\"@type\":\"WebSite\",\"@id\":\"https:\/\/restagro.com.tr\/#website\",\"url\":\"https:\/\/restagro.com.tr\/\",\"name\":\"Restagro Agricultural &amp; Pivot Irrigation Components\",\"description\":\"\",\"publisher\":{\"@id\":\"https:\/\/restagro.com.tr\/#organization\"},\"potentialAction\":[{\"@type\":\"SearchAction\",\"target\":{\"@type\":\"EntryPoint\",\"urlTemplate\":\"https:\/\/restagro.com.tr\/?s={search_term_string}\"},\"query-input\":{\"@type\":\"PropertyValueSpecification\",\"valueRequired\":true,\"valueName\":\"search_term_string\"}}],\"inLanguage\":\"fr-FR\"},{\"@type\":\"Organization\",\"@id\":\"https:\/\/restagro.com.tr\/#organization\",\"name\":\"RESTAGRO\",\"url\":\"https:\/\/restagro.com.tr\/\",\"logo\":{\"@type\":\"ImageObject\",\"inLanguage\":\"fr-FR\",\"@id\":\"https:\/\/restagro.com.tr\/#\/schema\/logo\/image\/\",\"url\":\"https:\/\/restagro.com\/wp-content\/uploads\/2021\/03\/Dark-logo-ust.png\",\"contentUrl\":\"https:\/\/restagro.com\/wp-content\/uploads\/2021\/03\/Dark-logo-ust.png\",\"width\":600,\"height\":291,\"caption\":\"RESTAGRO\"},\"image\":{\"@id\":\"https:\/\/restagro.com.tr\/#\/schema\/logo\/image\/\"}}]}<\/script>\n<!-- \/ Yoast SEO plugin. -->","yoast_head_json":{"title":"BAGUE TUBELESS | Restagro Agricultural &amp; Pivot Irrigation Components","robots":{"index":"index","follow":"follow","max-snippet":"max-snippet:-1","max-image-preview":"max-image-preview:large","max-video-preview":"max-video-preview:-1"},"canonical":"https:\/\/restagro.com.tr\/fr\/produit\/jante-tubeless","og_locale":"fr_FR","og_type":"article","og_title":"TUBELESS RIM | Restagro Agricultural &amp; Pivot Irrigation Components","og_description":"\u00dcr\u00fcn Kodu Ebat Lastik Tipi Lastik Ebat\u0131 Porya \u00c7ap\u0131 Bijpn Sayh\u0131so\u0131 Bijon \u00c7ap\u0131 Bijon Ekesn \u00c7ap\u0131 Disk Kal\u0131nl\u0131\u011f\u0131 \u00c7ember Kal\u0131nl\u0131\u011f\u0131 A mm B mm C mm mm mm 2001 4.00&#215;13 Tubeless 155-13 165-13 59 4 16 98 4 3 2002 4.00&#215;13 Tubeless 155-13 165-13 110 3 16 140 4 3 \u00a02003 4.00&#215;13 Tubeless 155-13 165-13 [&hellip;]","og_url":"https:\/\/restagro.com.tr\/fr\/produit\/jante-tubeless","og_site_name":"Restagro Agricultural &amp; Pivot Irrigation Components","article_modified_time":"2024-01-11T10:17:06+00:00","og_image":[{"width":1000,"height":1000,"url":"https:\/\/restagro.com.tr\/wp-content\/uploads\/2024\/01\/tubeless1.jpg","type":"image\/jpeg"}],"twitter_card":"summary_large_image","twitter_misc":{"Dur\u00e9e de lecture estim\u00e9e":"3 minutes"},"schema":{"@context":"https:\/\/schema.org","@graph":[{"@type":"WebPage","@id":"https:\/\/restagro.com.tr\/product\/tubeless-rim","url":"https:\/\/restagro.com.tr\/product\/tubeless-rim","name":"BAGUE TUBELESS | Restagro Agricultural &amp; Pivot Irrigation Components","isPartOf":{"@id":"https:\/\/restagro.com.tr\/#website"},"primaryImageOfPage":{"@id":"https:\/\/restagro.com.tr\/product\/tubeless-rim#primaryimage"},"image":{"@id":"https:\/\/restagro.com.tr\/product\/tubeless-rim#primaryimage"},"thumbnailUrl":"https:\/\/restagro.com.tr\/wp-content\/uploads\/2024\/01\/tubeless1.jpg?v=1720172274","datePublished":"2024-01-11T10:17:05+00:00","dateModified":"2024-01-11T10:17:06+00:00","breadcrumb":{"@id":"https:\/\/restagro.com.tr\/product\/tubeless-rim#breadcrumb"},"inLanguage":"fr-FR","potentialAction":[{"@type":"ReadAction","target":["https:\/\/restagro.com.tr\/product\/tubeless-rim"]}]},{"@type":"ImageObject","inLanguage":"fr-FR","@id":"https:\/\/restagro.com.tr\/product\/tubeless-rim#primaryimage","url":"https:\/\/restagro.com.tr\/wp-content\/uploads\/2024\/01\/tubeless1.jpg?v=1720172274","contentUrl":"https:\/\/restagro.com.tr\/wp-content\/uploads\/2024\/01\/tubeless1.jpg?v=1720172274","width":1000,"height":1000},{"@type":"BreadcrumbList","@id":"https:\/\/restagro.com.tr\/product\/tubeless-rim#breadcrumb","itemListElement":[{"@type":"ListItem","position":1,"name":"Anasayfa","item":"https:\/\/restagro.com.tr\/"},{"@type":"ListItem","position":2,"name":"PRODUCT","item":"https:\/\/restagro.com.tr\/product"},{"@type":"ListItem","position":3,"name":"TUBELESS RIM"}]},{"@type":"WebSite","@id":"https:\/\/restagro.com.tr\/#website","url":"https:\/\/restagro.com.tr\/","name":"Restagro - Composants pour l'irrigation agricole et l'irrigation par pivotement","description":"","publisher":{"@id":"https:\/\/restagro.com.tr\/#organization"},"potentialAction":[{"@type":"SearchAction","target":{"@type":"EntryPoint","urlTemplate":"https:\/\/restagro.com.tr\/?s={search_term_string}"},"query-input":{"@type":"PropertyValueSpecification","valueRequired":true,"valueName":"search_term_string"}}],"inLanguage":"fr-FR"},{"@type":"Organization","@id":"https:\/\/restagro.com.tr\/#organization","name":"RESTAGRO","url":"https:\/\/restagro.com.tr\/","logo":{"@type":"ImageObject","inLanguage":"fr-FR","@id":"https:\/\/restagro.com.tr\/#\/schema\/logo\/image\/","url":"https:\/\/restagro.com\/wp-content\/uploads\/2021\/03\/Dark-logo-ust.png","contentUrl":"https:\/\/restagro.com\/wp-content\/uploads\/2021\/03\/Dark-logo-ust.png","width":600,"height":291,"caption":"RESTAGRO"},"image":{"@id":"https:\/\/restagro.com.tr\/#\/schema\/logo\/image\/"}}]}},"_links":{"self":[{"href":"https:\/\/restagro.com.tr\/fr\/wp-json\/wp\/v2\/product\/19602","targetHints":{"allow":["GET"]}}],"collection":[{"href":"https:\/\/restagro.com.tr\/fr\/wp-json\/wp\/v2\/product"}],"about":[{"href":"https:\/\/restagro.com.tr\/fr\/wp-json\/wp\/v2\/types\/product"}],"wp:featuredmedia":[{"embeddable":true,"href":"https:\/\/restagro.com.tr\/fr\/wp-json\/wp\/v2\/media\/19603"}],"wp:attachment":[{"href":"https:\/\/restagro.com.tr\/fr\/wp-json\/wp\/v2\/media?parent=19602"}],"wp:term":[{"taxonomy":"product_brand","embeddable":true,"href":"https:\/\/restagro.com.tr\/fr\/wp-json\/wp\/v2\/product_brand?post=19602"},{"taxonomy":"product_cat","embeddable":true,"href":"https:\/\/restagro.com.tr\/fr\/wp-json\/wp\/v2\/product_cat?post=19602"},{"taxonomy":"product_tag","embeddable":true,"href":"https:\/\/restagro.com.tr\/fr\/wp-json\/wp\/v2\/product_tag?post=19602"}],"curies":[{"name":"wp","href":"https:\/\/api.w.org\/{rel}","templated":true}]}}