{"id":16883,"date":"2024-01-03T10:24:05","date_gmt":"2024-01-03T07:24:05","guid":{"rendered":"https:\/\/restagro.com.tr\/?post_type=product&#038;p=16883"},"modified":"2024-01-03T10:24:05","modified_gmt":"2024-01-03T07:24:05","slug":"rst-170-verins-hydropneumatiques-triple-piston","status":"publish","type":"product","link":"https:\/\/restagro.com.tr\/fr\/produit\/rst-170-verins-hydropneumatiques-triple-piston","title":{"rendered":"RST - 170 V\u00e9rins hydropneumatiques ( Triple piston )"},"content":{"rendered":"<table width=\"961\">\n<tbody>\n<tr>\n<td width=\"140\">Code<\/td>\n<td width=\"183\">Capacit\u00e9 de levage<\/td>\n<td width=\"145\">Hauteur minimale<\/td>\n<td width=\"153\">Hauteur maximale<\/td>\n<td width=\"205\">Distance de levage<\/td>\n<td width=\"135\">Poids<\/td>\n<\/tr>\n<tr>\n<td>TMS170<\/td>\n<td>50000\/25000\/15000 KG<\/td>\n<td>170 mm<\/td>\n<td>370 mm<\/td>\n<td>50\/70 -25\/65 -10\/65 mm<\/td>\n<td>65 kg<\/td>\n<\/tr>\n<\/tbody>\n<\/table>","protected":false},"excerpt":{"rendered":"<p>Code Capacit\u00e9 de levage Hauteur minimale Hauteur maximale Distance de levage Poids TMS170 50000\/25000\/15000 KG 170 mm 370 mm 50\/70 -25\/65 -10\/65 mm 65 kg<\/p>","protected":false},"featured_media":19506,"template":"","meta":{"_acf_changed":false,"_et_pb_use_builder":"","_et_pb_old_content":"","_et_gb_content_width":""},"product_brand":[],"product_cat":[39],"product_tag":[],"class_list":{"0":"post-16883","1":"product","2":"type-product","3":"status-publish","4":"has-post-thumbnail","6":"product_cat-hydropneumatic-jack","8":"first","9":"instock","10":"shipping-taxable","11":"product-type-simple"},"acf":[],"yoast_head":"<!-- This site is optimized with the Yoast SEO plugin v26.7 - https:\/\/yoast.com\/wordpress\/plugins\/seo\/ -->\n<title>RST - 170 Hydropneumat\u0131c Jacks ( Tr\u0131ple P\u0131ston ) | Restagro Agricultural &amp; Pivot Irrigation Components<\/title>\n<meta name=\"robots\" content=\"index, follow, max-snippet:-1, max-image-preview:large, max-video-preview:-1\" \/>\n<link rel=\"canonical\" href=\"https:\/\/restagro.com.tr\/fr\/produit\/rst-170-verins-hydropneumatiques-triple-piston\" \/>\n<meta property=\"og:locale\" content=\"fr_FR\" \/>\n<meta property=\"og:type\" content=\"article\" \/>\n<meta property=\"og:title\" content=\"RST - 170 Hydropneumat\u0131c Jacks ( Tr\u0131ple P\u0131ston ) | Restagro Agricultural &amp; Pivot Irrigation Components\" \/>\n<meta property=\"og:description\" content=\"Code Lifting Capacity Minimum HEIGHT Maximum HEIGHT Lifting DISTANCE Weight TMS170 50000\/25000\/15000 KG 170 mm 370 mm 50\/70 -25\/65 -10\/65 mm 65 kg\" \/>\n<meta property=\"og:url\" content=\"https:\/\/restagro.com.tr\/fr\/produit\/rst-170-verins-hydropneumatiques-triple-piston\" \/>\n<meta property=\"og:site_name\" content=\"Restagro Agricultural &amp; Pivot Irrigation Components\" \/>\n<meta property=\"og:image\" content=\"https:\/\/restagro.com.tr\/wp-content\/uploads\/2023\/12\/rst-170.jpg\" \/>\n\t<meta property=\"og:image:width\" content=\"1000\" \/>\n\t<meta property=\"og:image:height\" content=\"1000\" \/>\n\t<meta property=\"og:image:type\" content=\"image\/jpeg\" \/>\n<meta name=\"twitter:card\" content=\"summary_large_image\" \/>\n<meta name=\"twitter:label1\" content=\"Dur\u00e9e de lecture estim\u00e9e\" \/>\n\t<meta name=\"twitter:data1\" content=\"1 minute\" \/>\n<script type=\"application\/ld+json\" class=\"yoast-schema-graph\">{\"@context\":\"https:\/\/schema.org\",\"@graph\":[{\"@type\":\"WebPage\",\"@id\":\"https:\/\/restagro.com.tr\/product\/rst-170-hydropneumatic-jacks-triple-piston\",\"url\":\"https:\/\/restagro.com.tr\/product\/rst-170-hydropneumatic-jacks-triple-piston\",\"name\":\"RST - 170 Hydropneumat\u0131c Jacks ( Tr\u0131ple P\u0131ston ) | Restagro Agricultural &amp; Pivot Irrigation Components\",\"isPartOf\":{\"@id\":\"https:\/\/restagro.com.tr\/#website\"},\"primaryImageOfPage\":{\"@id\":\"https:\/\/restagro.com.tr\/product\/rst-170-hydropneumatic-jacks-triple-piston#primaryimage\"},\"image\":{\"@id\":\"https:\/\/restagro.com.tr\/product\/rst-170-hydropneumatic-jacks-triple-piston#primaryimage\"},\"thumbnailUrl\":\"https:\/\/restagro.com.tr\/wp-content\/uploads\/2023\/12\/rst-170.jpg?v=1720172255\",\"datePublished\":\"2024-01-03T07:24:05+00:00\",\"breadcrumb\":{\"@id\":\"https:\/\/restagro.com.tr\/product\/rst-170-hydropneumatic-jacks-triple-piston#breadcrumb\"},\"inLanguage\":\"fr-FR\",\"potentialAction\":[{\"@type\":\"ReadAction\",\"target\":[\"https:\/\/restagro.com.tr\/product\/rst-170-hydropneumatic-jacks-triple-piston\"]}]},{\"@type\":\"ImageObject\",\"inLanguage\":\"fr-FR\",\"@id\":\"https:\/\/restagro.com.tr\/product\/rst-170-hydropneumatic-jacks-triple-piston#primaryimage\",\"url\":\"https:\/\/restagro.com.tr\/wp-content\/uploads\/2023\/12\/rst-170.jpg?v=1720172255\",\"contentUrl\":\"https:\/\/restagro.com.tr\/wp-content\/uploads\/2023\/12\/rst-170.jpg?v=1720172255\",\"width\":1000,\"height\":1000},{\"@type\":\"BreadcrumbList\",\"@id\":\"https:\/\/restagro.com.tr\/product\/rst-170-hydropneumatic-jacks-triple-piston#breadcrumb\",\"itemListElement\":[{\"@type\":\"ListItem\",\"position\":1,\"name\":\"Anasayfa\",\"item\":\"https:\/\/restagro.com.tr\/\"},{\"@type\":\"ListItem\",\"position\":2,\"name\":\"PRODUCT\",\"item\":\"https:\/\/restagro.com.tr\/product\"},{\"@type\":\"ListItem\",\"position\":3,\"name\":\"RST &#8211; 170 Hydropneumat\u0131c Jacks ( Tr\u0131ple P\u0131ston )\"}]},{\"@type\":\"WebSite\",\"@id\":\"https:\/\/restagro.com.tr\/#website\",\"url\":\"https:\/\/restagro.com.tr\/\",\"name\":\"Restagro Agricultural &amp; Pivot Irrigation Components\",\"description\":\"\",\"publisher\":{\"@id\":\"https:\/\/restagro.com.tr\/#organization\"},\"potentialAction\":[{\"@type\":\"SearchAction\",\"target\":{\"@type\":\"EntryPoint\",\"urlTemplate\":\"https:\/\/restagro.com.tr\/?s={search_term_string}\"},\"query-input\":{\"@type\":\"PropertyValueSpecification\",\"valueRequired\":true,\"valueName\":\"search_term_string\"}}],\"inLanguage\":\"fr-FR\"},{\"@type\":\"Organization\",\"@id\":\"https:\/\/restagro.com.tr\/#organization\",\"name\":\"RESTAGRO\",\"url\":\"https:\/\/restagro.com.tr\/\",\"logo\":{\"@type\":\"ImageObject\",\"inLanguage\":\"fr-FR\",\"@id\":\"https:\/\/restagro.com.tr\/#\/schema\/logo\/image\/\",\"url\":\"https:\/\/restagro.com\/wp-content\/uploads\/2021\/03\/Dark-logo-ust.png\",\"contentUrl\":\"https:\/\/restagro.com\/wp-content\/uploads\/2021\/03\/Dark-logo-ust.png\",\"width\":600,\"height\":291,\"caption\":\"RESTAGRO\"},\"image\":{\"@id\":\"https:\/\/restagro.com.tr\/#\/schema\/logo\/image\/\"}}]}<\/script>\n<!-- \/ Yoast SEO plugin. -->","yoast_head_json":{"title":"RST - 170 V\u00e9rins Hydropneumat\u0131c ( Tr\u0131ple P\u0131ston ) | Restagro Agricultural &amp; Pivot Irrigation Components","robots":{"index":"index","follow":"follow","max-snippet":"max-snippet:-1","max-image-preview":"max-image-preview:large","max-video-preview":"max-video-preview:-1"},"canonical":"https:\/\/restagro.com.tr\/fr\/produit\/rst-170-verins-hydropneumatiques-triple-piston","og_locale":"fr_FR","og_type":"article","og_title":"RST - 170 Hydropneumat\u0131c Jacks ( Tr\u0131ple P\u0131ston ) | Restagro Agricultural &amp; Pivot Irrigation Components","og_description":"Code Lifting Capacity Minimum HEIGHT Maximum HEIGHT Lifting DISTANCE Weight TMS170 50000\/25000\/15000 KG 170 mm 370 mm 50\/70 -25\/65 -10\/65 mm 65 kg","og_url":"https:\/\/restagro.com.tr\/fr\/produit\/rst-170-verins-hydropneumatiques-triple-piston","og_site_name":"Restagro Agricultural &amp; Pivot Irrigation Components","og_image":[{"width":1000,"height":1000,"url":"https:\/\/restagro.com.tr\/wp-content\/uploads\/2023\/12\/rst-170.jpg","type":"image\/jpeg"}],"twitter_card":"summary_large_image","twitter_misc":{"Dur\u00e9e de lecture estim\u00e9e":"1 minute"},"schema":{"@context":"https:\/\/schema.org","@graph":[{"@type":"WebPage","@id":"https:\/\/restagro.com.tr\/product\/rst-170-hydropneumatic-jacks-triple-piston","url":"https:\/\/restagro.com.tr\/product\/rst-170-hydropneumatic-jacks-triple-piston","name":"RST - 170 V\u00e9rins Hydropneumat\u0131c ( Tr\u0131ple P\u0131ston ) | Restagro Agricultural &amp; Pivot Irrigation Components","isPartOf":{"@id":"https:\/\/restagro.com.tr\/#website"},"primaryImageOfPage":{"@id":"https:\/\/restagro.com.tr\/product\/rst-170-hydropneumatic-jacks-triple-piston#primaryimage"},"image":{"@id":"https:\/\/restagro.com.tr\/product\/rst-170-hydropneumatic-jacks-triple-piston#primaryimage"},"thumbnailUrl":"https:\/\/restagro.com.tr\/wp-content\/uploads\/2023\/12\/rst-170.jpg?v=1720172255","datePublished":"2024-01-03T07:24:05+00:00","breadcrumb":{"@id":"https:\/\/restagro.com.tr\/product\/rst-170-hydropneumatic-jacks-triple-piston#breadcrumb"},"inLanguage":"fr-FR","potentialAction":[{"@type":"ReadAction","target":["https:\/\/restagro.com.tr\/product\/rst-170-hydropneumatic-jacks-triple-piston"]}]},{"@type":"ImageObject","inLanguage":"fr-FR","@id":"https:\/\/restagro.com.tr\/product\/rst-170-hydropneumatic-jacks-triple-piston#primaryimage","url":"https:\/\/restagro.com.tr\/wp-content\/uploads\/2023\/12\/rst-170.jpg?v=1720172255","contentUrl":"https:\/\/restagro.com.tr\/wp-content\/uploads\/2023\/12\/rst-170.jpg?v=1720172255","width":1000,"height":1000},{"@type":"BreadcrumbList","@id":"https:\/\/restagro.com.tr\/product\/rst-170-hydropneumatic-jacks-triple-piston#breadcrumb","itemListElement":[{"@type":"ListItem","position":1,"name":"Anasayfa","item":"https:\/\/restagro.com.tr\/"},{"@type":"ListItem","position":2,"name":"PRODUCT","item":"https:\/\/restagro.com.tr\/product"},{"@type":"ListItem","position":3,"name":"RST &#8211; 170 Hydropneumat\u0131c Jacks ( Tr\u0131ple P\u0131ston )"}]},{"@type":"WebSite","@id":"https:\/\/restagro.com.tr\/#website","url":"https:\/\/restagro.com.tr\/","name":"Restagro - Composants pour l'irrigation agricole et l'irrigation par pivotement","description":"","publisher":{"@id":"https:\/\/restagro.com.tr\/#organization"},"potentialAction":[{"@type":"SearchAction","target":{"@type":"EntryPoint","urlTemplate":"https:\/\/restagro.com.tr\/?s={search_term_string}"},"query-input":{"@type":"PropertyValueSpecification","valueRequired":true,"valueName":"search_term_string"}}],"inLanguage":"fr-FR"},{"@type":"Organization","@id":"https:\/\/restagro.com.tr\/#organization","name":"RESTAGRO","url":"https:\/\/restagro.com.tr\/","logo":{"@type":"ImageObject","inLanguage":"fr-FR","@id":"https:\/\/restagro.com.tr\/#\/schema\/logo\/image\/","url":"https:\/\/restagro.com\/wp-content\/uploads\/2021\/03\/Dark-logo-ust.png","contentUrl":"https:\/\/restagro.com\/wp-content\/uploads\/2021\/03\/Dark-logo-ust.png","width":600,"height":291,"caption":"RESTAGRO"},"image":{"@id":"https:\/\/restagro.com.tr\/#\/schema\/logo\/image\/"}}]}},"_links":{"self":[{"href":"https:\/\/restagro.com.tr\/fr\/wp-json\/wp\/v2\/product\/16883","targetHints":{"allow":["GET"]}}],"collection":[{"href":"https:\/\/restagro.com.tr\/fr\/wp-json\/wp\/v2\/product"}],"about":[{"href":"https:\/\/restagro.com.tr\/fr\/wp-json\/wp\/v2\/types\/product"}],"wp:featuredmedia":[{"embeddable":true,"href":"https:\/\/restagro.com.tr\/fr\/wp-json\/wp\/v2\/media\/19506"}],"wp:attachment":[{"href":"https:\/\/restagro.com.tr\/fr\/wp-json\/wp\/v2\/media?parent=16883"}],"wp:term":[{"taxonomy":"product_brand","embeddable":true,"href":"https:\/\/restagro.com.tr\/fr\/wp-json\/wp\/v2\/product_brand?post=16883"},{"taxonomy":"product_cat","embeddable":true,"href":"https:\/\/restagro.com.tr\/fr\/wp-json\/wp\/v2\/product_cat?post=16883"},{"taxonomy":"product_tag","embeddable":true,"href":"https:\/\/restagro.com.tr\/fr\/wp-json\/wp\/v2\/product_tag?post=16883"}],"curies":[{"name":"wp","href":"https:\/\/api.w.org\/{rel}","templated":true}]}}