{"id":16877,"date":"2024-01-02T03:05:04","date_gmt":"2024-01-02T00:05:04","guid":{"rendered":"https:\/\/restagro.com.tr\/?post_type=product&#038;p=16877"},"modified":"2024-03-12T21:28:55","modified_gmt":"2024-03-12T18:28:55","slug":"ciseaux-a-lames-de-ressort-co","status":"publish","type":"product","link":"https:\/\/restagro.com.tr\/fr\/produit\/ciseaux-a-lames-de-ressort-co","title":{"rendered":"Co - Ressort \u00e0 lame \/ Ciseaux"},"content":{"rendered":"<table width=\"893\">\n<tbody>\n<tr>\n<td width=\"87\">Code<\/td>\n<td width=\"183\">Nom du produit<\/td>\n<td width=\"53\">A<\/td>\n<td width=\"53\">B<\/td>\n<td width=\"53\">c<\/td>\n<td width=\"53\">D<\/td>\n<td width=\"53\">E<\/td>\n<td width=\"87\">Poids<\/td>\n<td width=\"87\">Pi\u00e8ce de feuille<\/td>\n<td width=\"97\">Pi\u00e8ce suppl\u00e9mentaire<\/td>\n<td width=\"87\">Capacit\u00e9<\/td>\n<\/tr>\n<tr>\n<td>RST- 3230<\/td>\n<td>Assistant<\/td>\n<td>630<\/td>\n<td>315<\/td>\n<td>85<\/td>\n<td>8<\/td>\n<td>57<\/td>\n<td>10<\/td>\n<td>6<\/td>\n<td><\/td>\n<td>500<\/td>\n<\/tr>\n<tr>\n<td>RST- 3231<\/td>\n<td>8 Plis + Assistant<\/td>\n<td>970<\/td>\n<td>450<\/td>\n<td>100<\/td>\n<td>8<\/td>\n<td>57<\/td>\n<td>30<\/td>\n<td>8<\/td>\n<td>6<\/td>\n<td>1400<\/td>\n<\/tr>\n<tr>\n<td>RST- 3232<\/td>\n<td>10 Plis + Assistant<\/td>\n<td>970<\/td>\n<td>450<\/td>\n<td>100<\/td>\n<td>8<\/td>\n<td>57<\/td>\n<td>34<\/td>\n<td>10<\/td>\n<td>6<\/td>\n<td>1550<\/td>\n<\/tr>\n<tr>\n<td>RST- 3233<\/td>\n<td>10 Plis + Double<\/td>\n<td>1000<\/td>\n<td>500<\/td>\n<td>120<\/td>\n<td>8<\/td>\n<td>57<\/td>\n<td>35<\/td>\n<td>10<\/td>\n<td>6<\/td>\n<td>1550<\/td>\n<\/tr>\n<tr>\n<td>RST- 3234<\/td>\n<td>10 Plis + Assistant**<\/td>\n<td>830<\/td>\n<td>450<\/td>\n<td>100<\/td>\n<td>10<\/td>\n<td>70<\/td>\n<td>58<\/td>\n<td>10<\/td>\n<td>6<\/td>\n<td>2500<\/td>\n<\/tr>\n<tr>\n<td>RST- 3235<\/td>\n<td>12 Plis 100x57<\/td>\n<td>970<\/td>\n<td>450<\/td>\n<td>100<\/td>\n<td>8<\/td>\n<td>57<\/td>\n<td>40<\/td>\n<td>12<\/td>\n<td>6<\/td>\n<td>1900<\/td>\n<\/tr>\n<tr>\n<td>RST- 3236<\/td>\n<td>12 Plis 110x57<\/td>\n<td>1120<\/td>\n<td>500<\/td>\n<td>100<\/td>\n<td>8<\/td>\n<td>57<\/td>\n<td>47<\/td>\n<td>12<\/td>\n<td>6<\/td>\n<td>2300<\/td>\n<\/tr>\n<tr>\n<td>RST- 3237<\/td>\n<td>12 Plis 110x70<\/td>\n<td>1120<\/td>\n<td>500<\/td>\n<td>100<\/td>\n<td>10<\/td>\n<td>57<\/td>\n<td>64<\/td>\n<td>12<\/td>\n<td>6<\/td>\n<td>2300<\/td>\n<\/tr>\n<tr>\n<td>RST- 3238<\/td>\n<td>12 Plis 120x57<\/td>\n<td>1190<\/td>\n<td>520<\/td>\n<td>100<\/td>\n<td>8<\/td>\n<td>57<\/td>\n<td>52<\/td>\n<td>12<\/td>\n<td>6<\/td>\n<td>2500<\/td>\n<\/tr>\n<tr>\n<td>RST- 3239<\/td>\n<td>12 Plis 110x63<\/td>\n<td>1120<\/td>\n<td>500<\/td>\n<td>100<\/td>\n<td>8<\/td>\n<td>63<\/td>\n<td>52<\/td>\n<td>12<\/td>\n<td>6<\/td>\n<td>2500<\/td>\n<\/tr>\n<tr>\n<td>RST- 3240<\/td>\n<td>12 Plis 120x63<\/td>\n<td>1190<\/td>\n<td>520<\/td>\n<td>100<\/td>\n<td>8<\/td>\n<td>63<\/td>\n<td>58<\/td>\n<td>12<\/td>\n<td>7<\/td>\n<td>2800<\/td>\n<\/tr>\n<tr>\n<td>RST- 3241<\/td>\n<td>10 Plis 130x70<\/td>\n<td>1290<\/td>\n<td>540<\/td>\n<td>100<\/td>\n<td>10<\/td>\n<td>70<\/td>\n<td>70<\/td>\n<td>10<\/td>\n<td>7<\/td>\n<td>4200<\/td>\n<\/tr>\n<tr>\n<td>RST- 3242<\/td>\n<td>12 Plis 130x70<\/td>\n<td>1290<\/td>\n<td>540<\/td>\n<td>100<\/td>\n<td>10<\/td>\n<td>70<\/td>\n<td>85<\/td>\n<td>12<\/td>\n<td>7<\/td>\n<td>4600<\/td>\n<\/tr>\n<\/tbody>\n<\/table>\n<p class=\"p1\">**Ressort \u00e0 lames pour produit \u00e0 usage sp\u00e9cial<\/p>","protected":false},"excerpt":{"rendered":"<p>Code Product Name A B c D E Weight Leaf Piece Additional Piece Capacity RST-\u00a0 3230 Assistant 630 315 85 8 57 10 6 500 RST-\u00a0 3231 8 Fold + Assistant 970 450 100 8 57 30 8 6 1400 RST-\u00a0 3232 10 Fold + Assistant 970 450 100 8 57 34 10 6 1550 [&hellip;]<\/p>","protected":false},"featured_media":19394,"template":"","meta":{"_acf_changed":false,"_et_pb_use_builder":"","_et_pb_old_content":"","_et_gb_content_width":""},"product_brand":[],"product_cat":[37],"product_tag":[],"class_list":{"0":"post-16877","1":"product","2":"type-product","3":"status-publish","4":"has-post-thumbnail","6":"product_cat-leaf-spring-scissors","8":"first","9":"instock","10":"shipping-taxable","11":"product-type-simple"},"acf":[],"yoast_head":"<!-- This site is optimized with the Yoast SEO plugin v26.7 - https:\/\/yoast.com\/wordpress\/plugins\/seo\/ -->\n<title>Co - Leaf Spring \/ Scissors | Restagro Agricultural &amp; Pivot Irrigation Components<\/title>\n<meta name=\"robots\" content=\"index, follow, max-snippet:-1, max-image-preview:large, max-video-preview:-1\" \/>\n<link rel=\"canonical\" href=\"https:\/\/restagro.com.tr\/fr\/produit\/ciseaux-a-lames-de-ressort-co\" \/>\n<meta property=\"og:locale\" content=\"fr_FR\" \/>\n<meta property=\"og:type\" content=\"article\" \/>\n<meta property=\"og:title\" content=\"Co - Leaf Spring \/ Scissors | Restagro Agricultural &amp; Pivot Irrigation Components\" \/>\n<meta property=\"og:description\" content=\"Code Product Name A B c D E Weight Leaf Piece Additional Piece Capacity RST-\u00a0 3230 Assistant 630 315 85 8 57 10 6 500 RST-\u00a0 3231 8 Fold + Assistant 970 450 100 8 57 30 8 6 1400 RST-\u00a0 3232 10 Fold + Assistant 970 450 100 8 57 34 10 6 1550 [&hellip;]\" \/>\n<meta property=\"og:url\" content=\"https:\/\/restagro.com.tr\/fr\/produit\/ciseaux-a-lames-de-ressort-co\" \/>\n<meta property=\"og:site_name\" content=\"Restagro Agricultural &amp; Pivot Irrigation Components\" \/>\n<meta property=\"article:modified_time\" content=\"2024-03-12T18:28:55+00:00\" \/>\n<meta property=\"og:image\" content=\"https:\/\/restagro.com.tr\/wp-content\/uploads\/2023\/12\/makas-1.jpg?v=1704998317\" \/>\n\t<meta property=\"og:image:width\" content=\"1000\" \/>\n\t<meta property=\"og:image:height\" content=\"1000\" \/>\n\t<meta property=\"og:image:type\" content=\"image\/jpeg\" \/>\n<meta name=\"twitter:card\" content=\"summary_large_image\" \/>\n<meta name=\"twitter:label1\" content=\"Dur\u00e9e de lecture estim\u00e9e\" \/>\n\t<meta name=\"twitter:data1\" content=\"2 minutes\" \/>\n<script type=\"application\/ld+json\" class=\"yoast-schema-graph\">{\"@context\":\"https:\/\/schema.org\",\"@graph\":[{\"@type\":\"WebPage\",\"@id\":\"https:\/\/restagro.com.tr\/product\/co-leaf-spring-scissors\",\"url\":\"https:\/\/restagro.com.tr\/product\/co-leaf-spring-scissors\",\"name\":\"Co - Leaf Spring \/ Scissors | Restagro Agricultural &amp; Pivot Irrigation Components\",\"isPartOf\":{\"@id\":\"https:\/\/restagro.com.tr\/#website\"},\"primaryImageOfPage\":{\"@id\":\"https:\/\/restagro.com.tr\/product\/co-leaf-spring-scissors#primaryimage\"},\"image\":{\"@id\":\"https:\/\/restagro.com.tr\/product\/co-leaf-spring-scissors#primaryimage\"},\"thumbnailUrl\":\"https:\/\/restagro.com.tr\/wp-content\/uploads\/2023\/12\/makas-1.jpg?v=1720172314\",\"datePublished\":\"2024-01-02T00:05:04+00:00\",\"dateModified\":\"2024-03-12T18:28:55+00:00\",\"breadcrumb\":{\"@id\":\"https:\/\/restagro.com.tr\/product\/co-leaf-spring-scissors#breadcrumb\"},\"inLanguage\":\"fr-FR\",\"potentialAction\":[{\"@type\":\"ReadAction\",\"target\":[\"https:\/\/restagro.com.tr\/product\/co-leaf-spring-scissors\"]}]},{\"@type\":\"ImageObject\",\"inLanguage\":\"fr-FR\",\"@id\":\"https:\/\/restagro.com.tr\/product\/co-leaf-spring-scissors#primaryimage\",\"url\":\"https:\/\/restagro.com.tr\/wp-content\/uploads\/2023\/12\/makas-1.jpg?v=1720172314\",\"contentUrl\":\"https:\/\/restagro.com.tr\/wp-content\/uploads\/2023\/12\/makas-1.jpg?v=1720172314\",\"width\":1000,\"height\":1000},{\"@type\":\"BreadcrumbList\",\"@id\":\"https:\/\/restagro.com.tr\/product\/co-leaf-spring-scissors#breadcrumb\",\"itemListElement\":[{\"@type\":\"ListItem\",\"position\":1,\"name\":\"Anasayfa\",\"item\":\"https:\/\/restagro.com.tr\/\"},{\"@type\":\"ListItem\",\"position\":2,\"name\":\"PRODUCT\",\"item\":\"https:\/\/restagro.com.tr\/product\"},{\"@type\":\"ListItem\",\"position\":3,\"name\":\"Co &#8211; Leaf Spring \/ Scissors\"}]},{\"@type\":\"WebSite\",\"@id\":\"https:\/\/restagro.com.tr\/#website\",\"url\":\"https:\/\/restagro.com.tr\/\",\"name\":\"Restagro Agricultural &amp; Pivot Irrigation Components\",\"description\":\"\",\"publisher\":{\"@id\":\"https:\/\/restagro.com.tr\/#organization\"},\"potentialAction\":[{\"@type\":\"SearchAction\",\"target\":{\"@type\":\"EntryPoint\",\"urlTemplate\":\"https:\/\/restagro.com.tr\/?s={search_term_string}\"},\"query-input\":{\"@type\":\"PropertyValueSpecification\",\"valueRequired\":true,\"valueName\":\"search_term_string\"}}],\"inLanguage\":\"fr-FR\"},{\"@type\":\"Organization\",\"@id\":\"https:\/\/restagro.com.tr\/#organization\",\"name\":\"RESTAGRO\",\"url\":\"https:\/\/restagro.com.tr\/\",\"logo\":{\"@type\":\"ImageObject\",\"inLanguage\":\"fr-FR\",\"@id\":\"https:\/\/restagro.com.tr\/#\/schema\/logo\/image\/\",\"url\":\"https:\/\/restagro.com\/wp-content\/uploads\/2021\/03\/Dark-logo-ust.png\",\"contentUrl\":\"https:\/\/restagro.com\/wp-content\/uploads\/2021\/03\/Dark-logo-ust.png\",\"width\":600,\"height\":291,\"caption\":\"RESTAGRO\"},\"image\":{\"@id\":\"https:\/\/restagro.com.tr\/#\/schema\/logo\/image\/\"}}]}<\/script>\n<!-- \/ Yoast SEO plugin. -->","yoast_head_json":{"title":"Co - Leaf Spring \/ Scissors | Restagro Agricultural &amp; Pivot Irrigation Components","robots":{"index":"index","follow":"follow","max-snippet":"max-snippet:-1","max-image-preview":"max-image-preview:large","max-video-preview":"max-video-preview:-1"},"canonical":"https:\/\/restagro.com.tr\/fr\/produit\/ciseaux-a-lames-de-ressort-co","og_locale":"fr_FR","og_type":"article","og_title":"Co - Leaf Spring \/ Scissors | Restagro Agricultural &amp; Pivot Irrigation Components","og_description":"Code Product Name A B c D E Weight Leaf Piece Additional Piece Capacity RST-\u00a0 3230 Assistant 630 315 85 8 57 10 6 500 RST-\u00a0 3231 8 Fold + Assistant 970 450 100 8 57 30 8 6 1400 RST-\u00a0 3232 10 Fold + Assistant 970 450 100 8 57 34 10 6 1550 [&hellip;]","og_url":"https:\/\/restagro.com.tr\/fr\/produit\/ciseaux-a-lames-de-ressort-co","og_site_name":"Restagro Agricultural &amp; Pivot Irrigation Components","article_modified_time":"2024-03-12T18:28:55+00:00","og_image":[{"width":1000,"height":1000,"url":"https:\/\/restagro.com.tr\/wp-content\/uploads\/2023\/12\/makas-1.jpg?v=1704998317","type":"image\/jpeg"}],"twitter_card":"summary_large_image","twitter_misc":{"Dur\u00e9e de lecture estim\u00e9e":"2 minutes"},"schema":{"@context":"https:\/\/schema.org","@graph":[{"@type":"WebPage","@id":"https:\/\/restagro.com.tr\/product\/co-leaf-spring-scissors","url":"https:\/\/restagro.com.tr\/product\/co-leaf-spring-scissors","name":"Co - Leaf Spring \/ Scissors | Restagro Agricultural &amp; Pivot Irrigation Components","isPartOf":{"@id":"https:\/\/restagro.com.tr\/#website"},"primaryImageOfPage":{"@id":"https:\/\/restagro.com.tr\/product\/co-leaf-spring-scissors#primaryimage"},"image":{"@id":"https:\/\/restagro.com.tr\/product\/co-leaf-spring-scissors#primaryimage"},"thumbnailUrl":"https:\/\/restagro.com.tr\/wp-content\/uploads\/2023\/12\/makas-1.jpg?v=1720172314","datePublished":"2024-01-02T00:05:04+00:00","dateModified":"2024-03-12T18:28:55+00:00","breadcrumb":{"@id":"https:\/\/restagro.com.tr\/product\/co-leaf-spring-scissors#breadcrumb"},"inLanguage":"fr-FR","potentialAction":[{"@type":"ReadAction","target":["https:\/\/restagro.com.tr\/product\/co-leaf-spring-scissors"]}]},{"@type":"ImageObject","inLanguage":"fr-FR","@id":"https:\/\/restagro.com.tr\/product\/co-leaf-spring-scissors#primaryimage","url":"https:\/\/restagro.com.tr\/wp-content\/uploads\/2023\/12\/makas-1.jpg?v=1720172314","contentUrl":"https:\/\/restagro.com.tr\/wp-content\/uploads\/2023\/12\/makas-1.jpg?v=1720172314","width":1000,"height":1000},{"@type":"BreadcrumbList","@id":"https:\/\/restagro.com.tr\/product\/co-leaf-spring-scissors#breadcrumb","itemListElement":[{"@type":"ListItem","position":1,"name":"Anasayfa","item":"https:\/\/restagro.com.tr\/"},{"@type":"ListItem","position":2,"name":"PRODUCT","item":"https:\/\/restagro.com.tr\/product"},{"@type":"ListItem","position":3,"name":"Co &#8211; Leaf Spring \/ Scissors"}]},{"@type":"WebSite","@id":"https:\/\/restagro.com.tr\/#website","url":"https:\/\/restagro.com.tr\/","name":"Restagro - Composants pour l'irrigation agricole et l'irrigation par pivotement","description":"","publisher":{"@id":"https:\/\/restagro.com.tr\/#organization"},"potentialAction":[{"@type":"SearchAction","target":{"@type":"EntryPoint","urlTemplate":"https:\/\/restagro.com.tr\/?s={search_term_string}"},"query-input":{"@type":"PropertyValueSpecification","valueRequired":true,"valueName":"search_term_string"}}],"inLanguage":"fr-FR"},{"@type":"Organization","@id":"https:\/\/restagro.com.tr\/#organization","name":"RESTAGRO","url":"https:\/\/restagro.com.tr\/","logo":{"@type":"ImageObject","inLanguage":"fr-FR","@id":"https:\/\/restagro.com.tr\/#\/schema\/logo\/image\/","url":"https:\/\/restagro.com\/wp-content\/uploads\/2021\/03\/Dark-logo-ust.png","contentUrl":"https:\/\/restagro.com\/wp-content\/uploads\/2021\/03\/Dark-logo-ust.png","width":600,"height":291,"caption":"RESTAGRO"},"image":{"@id":"https:\/\/restagro.com.tr\/#\/schema\/logo\/image\/"}}]}},"_links":{"self":[{"href":"https:\/\/restagro.com.tr\/fr\/wp-json\/wp\/v2\/product\/16877","targetHints":{"allow":["GET"]}}],"collection":[{"href":"https:\/\/restagro.com.tr\/fr\/wp-json\/wp\/v2\/product"}],"about":[{"href":"https:\/\/restagro.com.tr\/fr\/wp-json\/wp\/v2\/types\/product"}],"wp:featuredmedia":[{"embeddable":true,"href":"https:\/\/restagro.com.tr\/fr\/wp-json\/wp\/v2\/media\/19394"}],"wp:attachment":[{"href":"https:\/\/restagro.com.tr\/fr\/wp-json\/wp\/v2\/media?parent=16877"}],"wp:term":[{"taxonomy":"product_brand","embeddable":true,"href":"https:\/\/restagro.com.tr\/fr\/wp-json\/wp\/v2\/product_brand?post=16877"},{"taxonomy":"product_cat","embeddable":true,"href":"https:\/\/restagro.com.tr\/fr\/wp-json\/wp\/v2\/product_cat?post=16877"},{"taxonomy":"product_tag","embeddable":true,"href":"https:\/\/restagro.com.tr\/fr\/wp-json\/wp\/v2\/product_tag?post=16877"}],"curies":[{"name":"wp","href":"https:\/\/api.w.org\/{rel}","templated":true}]}}