{"id":16859,"date":"2023-09-13T12:59:01","date_gmt":"2023-09-13T09:59:01","guid":{"rendered":"https:\/\/restagro.com.tr\/?post_type=product&#038;p=16859"},"modified":"2024-07-05T13:19:59","modified_gmt":"2024-07-05T10:19:59","slug":"systeme-dirrigation-a-pivot-jante-de-roue","status":"publish","type":"product","link":"https:\/\/restagro.com.tr\/fr\/produit\/systeme-dirrigation-a-pivot-jante-de-roue","title":{"rendered":"Syst\u00e8me d'irrigation Pivot - Roues \/ Jantes"},"content":{"rendered":"","protected":false},"excerpt":{"rendered":"<p>24x12 Les roues W12-24 et W13 sont disponibles dans une taille de 24 pouces avec une largeur de 12 pouces et un motif de roue de 8 pouces sur 8 pouces. Ces roues sont livr\u00e9es avec une roue galvanis\u00e9e \u00e0 8 boulons (8-8-6<\/p>\n<p class=\"translation-block\">Ce produit est \u00e9galement disponible dans d'autres tailles.\nRestagro Tire\/Rims fournit ce produit, et vous pouvez choisir entre deux tailles, W12-24 - R1 et W13 - R1.<\/p>\n<p>Gr\u00e2ce au traitement E-coating, ce produit pr\u00e9sente une finition polie \u00e0 l'eau qui dure longtemps apr\u00e8s le s\u00e9chage de la peinture.  Le produit est r\u00e9sistant \u00e0 la corrosion, ce qui permet un fonctionnement sans faille, m\u00eame \u00e0 des temp\u00e9ratures extr\u00eames et dans des environnements difficiles.<\/p>\n<p>En outre, la protection de la roue reste en place \u00e0 tout moment, ce qui garantit que la zone de la tige de valve est prot\u00e9g\u00e9e contre les dommages caus\u00e9s par le b\u00e9tail lors d'une utilisation prolong\u00e9e de vos pivots centraux.<\/p>","protected":false},"featured_media":20617,"template":"","meta":{"_acf_changed":false,"_et_pb_use_builder":"","_et_pb_old_content":"","_et_gb_content_width":""},"product_brand":[],"product_cat":[31],"product_tag":[],"class_list":{"0":"post-16859","1":"product","2":"type-product","3":"status-publish","4":"has-post-thumbnail","6":"product_cat-rim","8":"first","9":"instock","10":"shipping-taxable","11":"product-type-simple"},"acf":[],"yoast_head":"<!-- This site is optimized with the Yoast SEO plugin v26.7 - https:\/\/yoast.com\/wordpress\/plugins\/seo\/ -->\n<title>Pivot Irrigation System Wheel Rim | Restagro Agricultural &amp; Pivot Irrigation Components<\/title>\n<meta name=\"robots\" content=\"index, follow, max-snippet:-1, max-image-preview:large, max-video-preview:-1\" \/>\n<link rel=\"canonical\" href=\"https:\/\/restagro.com.tr\/fr\/produit\/systeme-dirrigation-a-pivot-jante-de-roue\" \/>\n<meta property=\"og:locale\" content=\"fr_FR\" \/>\n<meta property=\"og:type\" content=\"article\" \/>\n<meta property=\"og:title\" content=\"Pivot Irrigation System Wheel Rim | Restagro Agricultural &amp; Pivot Irrigation Components\" \/>\n<meta property=\"og:description\" content=\"24x12 - W12-24 - W13 wheels with a size of 24 inches, a width of 12 inches, and an eight-inch on eight-inch lug pattern with this Galvanized 8 Bolt Wheel (8-8-6).  Also , Available sizes ; W12-24 - R1 W13 - R1  This being the Restagro Tire\/Rims product that it is, you bet it\u2019s E-coating processed and will boast a wet-polish finish long after the paint has dried. What\u2019s more: It is corrosion-resistant, meaning you can apply it in extreme temperatures and harsh environments without a dent in your operations.  You can also use your center pivots for hours without worrying about damaging the valve stem area due to livestock because this wheel just so happens to have its guard up at all times..\" \/>\n<meta property=\"og:url\" content=\"https:\/\/restagro.com.tr\/fr\/produit\/systeme-dirrigation-a-pivot-jante-de-roue\" \/>\n<meta property=\"og:site_name\" content=\"Restagro Agricultural &amp; Pivot Irrigation Components\" \/>\n<meta property=\"article:modified_time\" content=\"2024-07-05T10:19:59+00:00\" \/>\n<meta property=\"og:image\" content=\"https:\/\/restagro.com.tr\/wp-content\/uploads\/2023\/09\/jant.webp\" \/>\n\t<meta property=\"og:image:width\" content=\"720\" \/>\n\t<meta property=\"og:image:height\" content=\"720\" \/>\n\t<meta property=\"og:image:type\" content=\"image\/webp\" \/>\n<meta name=\"twitter:card\" content=\"summary_large_image\" \/>\n<script type=\"application\/ld+json\" class=\"yoast-schema-graph\">{\"@context\":\"https:\/\/schema.org\",\"@graph\":[{\"@type\":\"WebPage\",\"@id\":\"https:\/\/restagro.com.tr\/product\/pivot-irrigation-system-wheel-rim\",\"url\":\"https:\/\/restagro.com.tr\/product\/pivot-irrigation-system-wheel-rim\",\"name\":\"Pivot Irrigation System Wheel Rim | Restagro Agricultural &amp; Pivot Irrigation Components\",\"isPartOf\":{\"@id\":\"https:\/\/restagro.com.tr\/#website\"},\"primaryImageOfPage\":{\"@id\":\"https:\/\/restagro.com.tr\/product\/pivot-irrigation-system-wheel-rim#primaryimage\"},\"image\":{\"@id\":\"https:\/\/restagro.com.tr\/product\/pivot-irrigation-system-wheel-rim#primaryimage\"},\"thumbnailUrl\":\"https:\/\/restagro.com.tr\/wp-content\/uploads\/2024\/07\/jant.jpg?v=1720173623\",\"datePublished\":\"2023-09-13T09:59:01+00:00\",\"dateModified\":\"2024-07-05T10:19:59+00:00\",\"breadcrumb\":{\"@id\":\"https:\/\/restagro.com.tr\/product\/pivot-irrigation-system-wheel-rim#breadcrumb\"},\"inLanguage\":\"fr-FR\",\"potentialAction\":[{\"@type\":\"ReadAction\",\"target\":[\"https:\/\/restagro.com.tr\/product\/pivot-irrigation-system-wheel-rim\"]}]},{\"@type\":\"ImageObject\",\"inLanguage\":\"fr-FR\",\"@id\":\"https:\/\/restagro.com.tr\/product\/pivot-irrigation-system-wheel-rim#primaryimage\",\"url\":\"https:\/\/restagro.com.tr\/wp-content\/uploads\/2024\/07\/jant.jpg?v=1720173623\",\"contentUrl\":\"https:\/\/restagro.com.tr\/wp-content\/uploads\/2024\/07\/jant.jpg?v=1720173623\",\"width\":720,\"height\":720},{\"@type\":\"BreadcrumbList\",\"@id\":\"https:\/\/restagro.com.tr\/product\/pivot-irrigation-system-wheel-rim#breadcrumb\",\"itemListElement\":[{\"@type\":\"ListItem\",\"position\":1,\"name\":\"Anasayfa\",\"item\":\"https:\/\/restagro.com.tr\/\"},{\"@type\":\"ListItem\",\"position\":2,\"name\":\"PRODUCT\",\"item\":\"https:\/\/restagro.com.tr\/product\"},{\"@type\":\"ListItem\",\"position\":3,\"name\":\"Pivot Irrigation System Wheel Rim\"}]},{\"@type\":\"WebSite\",\"@id\":\"https:\/\/restagro.com.tr\/#website\",\"url\":\"https:\/\/restagro.com.tr\/\",\"name\":\"Restagro Agricultural &amp; Pivot Irrigation Components\",\"description\":\"\",\"publisher\":{\"@id\":\"https:\/\/restagro.com.tr\/#organization\"},\"potentialAction\":[{\"@type\":\"SearchAction\",\"target\":{\"@type\":\"EntryPoint\",\"urlTemplate\":\"https:\/\/restagro.com.tr\/?s={search_term_string}\"},\"query-input\":{\"@type\":\"PropertyValueSpecification\",\"valueRequired\":true,\"valueName\":\"search_term_string\"}}],\"inLanguage\":\"fr-FR\"},{\"@type\":\"Organization\",\"@id\":\"https:\/\/restagro.com.tr\/#organization\",\"name\":\"RESTAGRO\",\"url\":\"https:\/\/restagro.com.tr\/\",\"logo\":{\"@type\":\"ImageObject\",\"inLanguage\":\"fr-FR\",\"@id\":\"https:\/\/restagro.com.tr\/#\/schema\/logo\/image\/\",\"url\":\"https:\/\/restagro.com\/wp-content\/uploads\/2021\/03\/Dark-logo-ust.png\",\"contentUrl\":\"https:\/\/restagro.com\/wp-content\/uploads\/2021\/03\/Dark-logo-ust.png\",\"width\":600,\"height\":291,\"caption\":\"RESTAGRO\"},\"image\":{\"@id\":\"https:\/\/restagro.com.tr\/#\/schema\/logo\/image\/\"}}]}<\/script>\n<!-- \/ Yoast SEO plugin. -->","yoast_head_json":{"title":"Jante pour syst\u00e8me d'irrigation par pivotement | Restagro Agricultural &amp; Pivot Irrigation Components","robots":{"index":"index","follow":"follow","max-snippet":"max-snippet:-1","max-image-preview":"max-image-preview:large","max-video-preview":"max-video-preview:-1"},"canonical":"https:\/\/restagro.com.tr\/fr\/produit\/systeme-dirrigation-a-pivot-jante-de-roue","og_locale":"fr_FR","og_type":"article","og_title":"Pivot Irrigation System Wheel Rim | Restagro Agricultural &amp; Pivot Irrigation Components","og_description":"24x12 - W12-24 - W13 wheels with a size of 24 inches, a width of 12 inches, and an eight-inch on eight-inch lug pattern with this Galvanized 8 Bolt Wheel (8-8-6).  Also , Available sizes ; W12-24 - R1 W13 - R1  This being the Restagro Tire\/Rims product that it is, you bet it\u2019s E-coating processed and will boast a wet-polish finish long after the paint has dried. What\u2019s more: It is corrosion-resistant, meaning you can apply it in extreme temperatures and harsh environments without a dent in your operations.  You can also use your center pivots for hours without worrying about damaging the valve stem area due to livestock because this wheel just so happens to have its guard up at all times..","og_url":"https:\/\/restagro.com.tr\/fr\/produit\/systeme-dirrigation-a-pivot-jante-de-roue","og_site_name":"Restagro Agricultural &amp; Pivot Irrigation Components","article_modified_time":"2024-07-05T10:19:59+00:00","og_image":[{"width":720,"height":720,"url":"https:\/\/restagro.com.tr\/wp-content\/uploads\/2023\/09\/jant.webp","type":"image\/webp"}],"twitter_card":"summary_large_image","schema":{"@context":"https:\/\/schema.org","@graph":[{"@type":"WebPage","@id":"https:\/\/restagro.com.tr\/product\/pivot-irrigation-system-wheel-rim","url":"https:\/\/restagro.com.tr\/product\/pivot-irrigation-system-wheel-rim","name":"Jante pour syst\u00e8me d'irrigation par pivotement | Restagro Agricultural &amp; Pivot Irrigation Components","isPartOf":{"@id":"https:\/\/restagro.com.tr\/#website"},"primaryImageOfPage":{"@id":"https:\/\/restagro.com.tr\/product\/pivot-irrigation-system-wheel-rim#primaryimage"},"image":{"@id":"https:\/\/restagro.com.tr\/product\/pivot-irrigation-system-wheel-rim#primaryimage"},"thumbnailUrl":"https:\/\/restagro.com.tr\/wp-content\/uploads\/2024\/07\/jant.jpg?v=1720173623","datePublished":"2023-09-13T09:59:01+00:00","dateModified":"2024-07-05T10:19:59+00:00","breadcrumb":{"@id":"https:\/\/restagro.com.tr\/product\/pivot-irrigation-system-wheel-rim#breadcrumb"},"inLanguage":"fr-FR","potentialAction":[{"@type":"ReadAction","target":["https:\/\/restagro.com.tr\/product\/pivot-irrigation-system-wheel-rim"]}]},{"@type":"ImageObject","inLanguage":"fr-FR","@id":"https:\/\/restagro.com.tr\/product\/pivot-irrigation-system-wheel-rim#primaryimage","url":"https:\/\/restagro.com.tr\/wp-content\/uploads\/2024\/07\/jant.jpg?v=1720173623","contentUrl":"https:\/\/restagro.com.tr\/wp-content\/uploads\/2024\/07\/jant.jpg?v=1720173623","width":720,"height":720},{"@type":"BreadcrumbList","@id":"https:\/\/restagro.com.tr\/product\/pivot-irrigation-system-wheel-rim#breadcrumb","itemListElement":[{"@type":"ListItem","position":1,"name":"Anasayfa","item":"https:\/\/restagro.com.tr\/"},{"@type":"ListItem","position":2,"name":"PRODUCT","item":"https:\/\/restagro.com.tr\/product"},{"@type":"ListItem","position":3,"name":"Pivot Irrigation System Wheel Rim"}]},{"@type":"WebSite","@id":"https:\/\/restagro.com.tr\/#website","url":"https:\/\/restagro.com.tr\/","name":"Restagro - Composants pour l'irrigation agricole et l'irrigation par pivotement","description":"","publisher":{"@id":"https:\/\/restagro.com.tr\/#organization"},"potentialAction":[{"@type":"SearchAction","target":{"@type":"EntryPoint","urlTemplate":"https:\/\/restagro.com.tr\/?s={search_term_string}"},"query-input":{"@type":"PropertyValueSpecification","valueRequired":true,"valueName":"search_term_string"}}],"inLanguage":"fr-FR"},{"@type":"Organization","@id":"https:\/\/restagro.com.tr\/#organization","name":"RESTAGRO","url":"https:\/\/restagro.com.tr\/","logo":{"@type":"ImageObject","inLanguage":"fr-FR","@id":"https:\/\/restagro.com.tr\/#\/schema\/logo\/image\/","url":"https:\/\/restagro.com\/wp-content\/uploads\/2021\/03\/Dark-logo-ust.png","contentUrl":"https:\/\/restagro.com\/wp-content\/uploads\/2021\/03\/Dark-logo-ust.png","width":600,"height":291,"caption":"RESTAGRO"},"image":{"@id":"https:\/\/restagro.com.tr\/#\/schema\/logo\/image\/"}}]}},"_links":{"self":[{"href":"https:\/\/restagro.com.tr\/fr\/wp-json\/wp\/v2\/product\/16859","targetHints":{"allow":["GET"]}}],"collection":[{"href":"https:\/\/restagro.com.tr\/fr\/wp-json\/wp\/v2\/product"}],"about":[{"href":"https:\/\/restagro.com.tr\/fr\/wp-json\/wp\/v2\/types\/product"}],"wp:featuredmedia":[{"embeddable":true,"href":"https:\/\/restagro.com.tr\/fr\/wp-json\/wp\/v2\/media\/20617"}],"wp:attachment":[{"href":"https:\/\/restagro.com.tr\/fr\/wp-json\/wp\/v2\/media?parent=16859"}],"wp:term":[{"taxonomy":"product_brand","embeddable":true,"href":"https:\/\/restagro.com.tr\/fr\/wp-json\/wp\/v2\/product_brand?post=16859"},{"taxonomy":"product_cat","embeddable":true,"href":"https:\/\/restagro.com.tr\/fr\/wp-json\/wp\/v2\/product_cat?post=16859"},{"taxonomy":"product_tag","embeddable":true,"href":"https:\/\/restagro.com.tr\/fr\/wp-json\/wp\/v2\/product_tag?post=16859"}],"curies":[{"name":"wp","href":"https:\/\/api.w.org\/{rel}","templated":true}]}}