{"id":16840,"date":"2023-09-13T12:24:05","date_gmt":"2023-09-13T09:24:05","guid":{"rendered":"https:\/\/restagro.com.tr\/?post_type=product&#038;p=16840"},"modified":"2023-09-13T13:28:48","modified_gmt":"2023-09-13T10:28:48","slug":"pneus-dirrigation","status":"publish","type":"product","link":"https:\/\/restagro.com.tr\/fr\/produit\/pneus-dirrigation","title":{"rendered":"PNEUS POUR IRRIGATION"},"content":{"rendered":"<table width=\"468\" cellspacing=\"0\" cellpadding=\"0\">\n<tbody>\n<tr class=\"firstRow\">\n<td class=\"et4\" rowspan=\"2\" width=\"54\" height=\"59\">TAILLE<\/td>\n<td class=\"et4\" rowspan=\"2\" width=\"71\">TYPE<\/td>\n<td class=\"et4\" rowspan=\"2\" width=\"54\">PR<\/td>\n<td class=\"et4\" rowspan=\"2\" width=\"54\">STD RIM<\/td>\n<td class=\"et4\" rowspan=\"2\" width=\"54\">MAX. CHARGE<br \/>\n(KG)<\/td>\n<td class=\"et4\" rowspan=\"2\" width=\"63\">PRESSION DE GONFLAGE<br \/>\n(KPA)<\/td>\n<td class=\"et5\" colspan=\"2\" width=\"117\">DIMENSION DU PNEU<\/td>\n<\/tr>\n<tr>\n<td class=\"et9\" width=\"58\">LARGEUR DE LA SECTION (MM)<\/td>\n<td class=\"et9\" width=\"59\">DIAM\u00c8TRE TOTAL (MM)<\/td>\n<\/tr>\n<tr>\n<td class=\"et10\" width=\"54\" height=\"17\">11.2-24<\/td>\n<td class=\"et11\">Arrosage<\/td>\n<td class=\"et10\" width=\"54\">6<\/td>\n<td class=\"et10\" width=\"54\">W10<\/td>\n<td class=\"et10\" width=\"54\">950<\/td>\n<td class=\"et10\" width=\"63\">180<\/td>\n<td class=\"et10\" width=\"58\">285<\/td>\n<td class=\"et10\" width=\"59\">1105<\/td>\n<\/tr>\n<tr>\n<td class=\"et11\" height=\"17\">11.2-38<\/td>\n<td class=\"et11\">Arrosage<\/td>\n<td class=\"et11\">10<\/td>\n<td class=\"et11\">W10<\/td>\n<td class=\"et11\">1630<\/td>\n<td class=\"et11\">180<\/td>\n<td class=\"et11\">305<\/td>\n<td class=\"et11\">1540<\/td>\n<\/tr>\n<tr>\n<td class=\"et11\" height=\"17\">13.6-24<\/td>\n<td class=\"et11\">Arrosage<\/td>\n<td class=\"et11\">10<\/td>\n<td class=\"et11\">W12<\/td>\n<td class=\"et11\">1545<\/td>\n<td class=\"et11\">210<\/td>\n<td class=\"et11\">345<\/td>\n<td class=\"et11\">1210<\/td>\n<\/tr>\n<tr>\n<td class=\"et11\" height=\"17\">14.9-24<\/td>\n<td class=\"et11\">Arrosage<\/td>\n<td class=\"et11\">10<\/td>\n<td class=\"et11\">W13<\/td>\n<td class=\"et11\">1990<\/td>\n<td class=\"et11\">230<\/td>\n<td class=\"et11\">378<\/td>\n<td class=\"et11\">1265<\/td>\n<\/tr>\n<\/tbody>\n<\/table>","protected":false},"excerpt":{"rendered":"<p>Il s'agit d'un pneu destin\u00e9 \u00e0 \u00eatre utilis\u00e9 dans les syst\u00e8mes d'irrigation \u00e0 pivot central et lin\u00e9aire.<\/p>","protected":false},"featured_media":16861,"template":"","meta":{"_acf_changed":false,"_et_pb_use_builder":"","_et_pb_old_content":"","_et_gb_content_width":""},"product_brand":[],"product_cat":[29,30],"product_tag":[],"class_list":{"0":"post-16840","1":"product","2":"type-product","3":"status-publish","4":"has-post-thumbnail","6":"product_cat-spare-parts","7":"product_cat-wheels","9":"first","10":"instock","11":"shipping-taxable","12":"product-type-simple"},"acf":[],"yoast_head":"<!-- This site is optimized with the Yoast SEO plugin v26.7 - https:\/\/yoast.com\/wordpress\/plugins\/seo\/ -->\n<title>IRRIGATION TIRES | Restagro Agricultural &amp; Pivot Irrigation Components<\/title>\n<meta name=\"robots\" content=\"index, follow, max-snippet:-1, max-image-preview:large, max-video-preview:-1\" \/>\n<link rel=\"canonical\" href=\"https:\/\/restagro.com.tr\/fr\/produit\/pneus-dirrigation\" \/>\n<meta property=\"og:locale\" content=\"fr_FR\" \/>\n<meta property=\"og:type\" content=\"article\" \/>\n<meta property=\"og:title\" content=\"IRRIGATION TIRES | Restagro Agricultural &amp; Pivot Irrigation Components\" \/>\n<meta property=\"og:description\" content=\"This is a tyre designed for use in centre pivot and linear irrigation systems.\" \/>\n<meta property=\"og:url\" content=\"https:\/\/restagro.com.tr\/fr\/produit\/pneus-dirrigation\" \/>\n<meta property=\"og:site_name\" content=\"Restagro Agricultural &amp; Pivot Irrigation Components\" \/>\n<meta property=\"article:modified_time\" content=\"2023-09-13T10:28:48+00:00\" \/>\n<meta property=\"og:image\" content=\"https:\/\/restagro.com.tr\/wp-content\/uploads\/2023\/09\/teker-00001.jpg\" \/>\n\t<meta property=\"og:image:width\" content=\"520\" \/>\n\t<meta property=\"og:image:height\" content=\"380\" \/>\n\t<meta property=\"og:image:type\" content=\"image\/jpeg\" \/>\n<meta name=\"twitter:card\" content=\"summary_large_image\" \/>\n<meta name=\"twitter:label1\" content=\"Dur\u00e9e de lecture estim\u00e9e\" \/>\n\t<meta name=\"twitter:data1\" content=\"1 minute\" \/>\n<script type=\"application\/ld+json\" class=\"yoast-schema-graph\">{\"@context\":\"https:\/\/schema.org\",\"@graph\":[{\"@type\":\"WebPage\",\"@id\":\"https:\/\/restagro.com.tr\/product\/irrigation-tires\",\"url\":\"https:\/\/restagro.com.tr\/product\/irrigation-tires\",\"name\":\"IRRIGATION TIRES | Restagro Agricultural &amp; Pivot Irrigation Components\",\"isPartOf\":{\"@id\":\"https:\/\/restagro.com.tr\/#website\"},\"primaryImageOfPage\":{\"@id\":\"https:\/\/restagro.com.tr\/product\/irrigation-tires#primaryimage\"},\"image\":{\"@id\":\"https:\/\/restagro.com.tr\/product\/irrigation-tires#primaryimage\"},\"thumbnailUrl\":\"https:\/\/restagro.com.tr\/wp-content\/uploads\/2023\/09\/teker-00001.jpg?v=1720172910\",\"datePublished\":\"2023-09-13T09:24:05+00:00\",\"dateModified\":\"2023-09-13T10:28:48+00:00\",\"breadcrumb\":{\"@id\":\"https:\/\/restagro.com.tr\/product\/irrigation-tires#breadcrumb\"},\"inLanguage\":\"fr-FR\",\"potentialAction\":[{\"@type\":\"ReadAction\",\"target\":[\"https:\/\/restagro.com.tr\/product\/irrigation-tires\"]}]},{\"@type\":\"ImageObject\",\"inLanguage\":\"fr-FR\",\"@id\":\"https:\/\/restagro.com.tr\/product\/irrigation-tires#primaryimage\",\"url\":\"https:\/\/restagro.com.tr\/wp-content\/uploads\/2023\/09\/teker-00001.jpg?v=1720172910\",\"contentUrl\":\"https:\/\/restagro.com.tr\/wp-content\/uploads\/2023\/09\/teker-00001.jpg?v=1720172910\",\"width\":520,\"height\":380},{\"@type\":\"BreadcrumbList\",\"@id\":\"https:\/\/restagro.com.tr\/product\/irrigation-tires#breadcrumb\",\"itemListElement\":[{\"@type\":\"ListItem\",\"position\":1,\"name\":\"Anasayfa\",\"item\":\"https:\/\/restagro.com.tr\/\"},{\"@type\":\"ListItem\",\"position\":2,\"name\":\"PRODUCT\",\"item\":\"https:\/\/restagro.com.tr\/product\"},{\"@type\":\"ListItem\",\"position\":3,\"name\":\"IRRIGATION TIRES\"}]},{\"@type\":\"WebSite\",\"@id\":\"https:\/\/restagro.com.tr\/#website\",\"url\":\"https:\/\/restagro.com.tr\/\",\"name\":\"Restagro Agricultural &amp; Pivot Irrigation Components\",\"description\":\"\",\"publisher\":{\"@id\":\"https:\/\/restagro.com.tr\/#organization\"},\"potentialAction\":[{\"@type\":\"SearchAction\",\"target\":{\"@type\":\"EntryPoint\",\"urlTemplate\":\"https:\/\/restagro.com.tr\/?s={search_term_string}\"},\"query-input\":{\"@type\":\"PropertyValueSpecification\",\"valueRequired\":true,\"valueName\":\"search_term_string\"}}],\"inLanguage\":\"fr-FR\"},{\"@type\":\"Organization\",\"@id\":\"https:\/\/restagro.com.tr\/#organization\",\"name\":\"RESTAGRO\",\"url\":\"https:\/\/restagro.com.tr\/\",\"logo\":{\"@type\":\"ImageObject\",\"inLanguage\":\"fr-FR\",\"@id\":\"https:\/\/restagro.com.tr\/#\/schema\/logo\/image\/\",\"url\":\"https:\/\/restagro.com\/wp-content\/uploads\/2021\/03\/Dark-logo-ust.png\",\"contentUrl\":\"https:\/\/restagro.com\/wp-content\/uploads\/2021\/03\/Dark-logo-ust.png\",\"width\":600,\"height\":291,\"caption\":\"RESTAGRO\"},\"image\":{\"@id\":\"https:\/\/restagro.com.tr\/#\/schema\/logo\/image\/\"}}]}<\/script>\n<!-- \/ Yoast SEO plugin. -->","yoast_head_json":{"title":"Pneus d'irrigation - Restagro Agricultural &amp; Pivot Irrigation Components","robots":{"index":"index","follow":"follow","max-snippet":"max-snippet:-1","max-image-preview":"max-image-preview:large","max-video-preview":"max-video-preview:-1"},"canonical":"https:\/\/restagro.com.tr\/fr\/produit\/pneus-dirrigation","og_locale":"fr_FR","og_type":"article","og_title":"IRRIGATION TIRES | Restagro Agricultural &amp; Pivot Irrigation Components","og_description":"This is a tyre designed for use in centre pivot and linear irrigation systems.","og_url":"https:\/\/restagro.com.tr\/fr\/produit\/pneus-dirrigation","og_site_name":"Restagro Agricultural &amp; Pivot Irrigation Components","article_modified_time":"2023-09-13T10:28:48+00:00","og_image":[{"width":520,"height":380,"url":"https:\/\/restagro.com.tr\/wp-content\/uploads\/2023\/09\/teker-00001.jpg","type":"image\/jpeg"}],"twitter_card":"summary_large_image","twitter_misc":{"Dur\u00e9e de lecture estim\u00e9e":"1 minute"},"schema":{"@context":"https:\/\/schema.org","@graph":[{"@type":"WebPage","@id":"https:\/\/restagro.com.tr\/product\/irrigation-tires","url":"https:\/\/restagro.com.tr\/product\/irrigation-tires","name":"Pneus d'irrigation - Restagro Agricultural &amp; Pivot Irrigation Components","isPartOf":{"@id":"https:\/\/restagro.com.tr\/#website"},"primaryImageOfPage":{"@id":"https:\/\/restagro.com.tr\/product\/irrigation-tires#primaryimage"},"image":{"@id":"https:\/\/restagro.com.tr\/product\/irrigation-tires#primaryimage"},"thumbnailUrl":"https:\/\/restagro.com.tr\/wp-content\/uploads\/2023\/09\/teker-00001.jpg?v=1720172910","datePublished":"2023-09-13T09:24:05+00:00","dateModified":"2023-09-13T10:28:48+00:00","breadcrumb":{"@id":"https:\/\/restagro.com.tr\/product\/irrigation-tires#breadcrumb"},"inLanguage":"fr-FR","potentialAction":[{"@type":"ReadAction","target":["https:\/\/restagro.com.tr\/product\/irrigation-tires"]}]},{"@type":"ImageObject","inLanguage":"fr-FR","@id":"https:\/\/restagro.com.tr\/product\/irrigation-tires#primaryimage","url":"https:\/\/restagro.com.tr\/wp-content\/uploads\/2023\/09\/teker-00001.jpg?v=1720172910","contentUrl":"https:\/\/restagro.com.tr\/wp-content\/uploads\/2023\/09\/teker-00001.jpg?v=1720172910","width":520,"height":380},{"@type":"BreadcrumbList","@id":"https:\/\/restagro.com.tr\/product\/irrigation-tires#breadcrumb","itemListElement":[{"@type":"ListItem","position":1,"name":"Anasayfa","item":"https:\/\/restagro.com.tr\/"},{"@type":"ListItem","position":2,"name":"PRODUCT","item":"https:\/\/restagro.com.tr\/product"},{"@type":"ListItem","position":3,"name":"IRRIGATION TIRES"}]},{"@type":"WebSite","@id":"https:\/\/restagro.com.tr\/#website","url":"https:\/\/restagro.com.tr\/","name":"Restagro - Composants pour l'irrigation agricole et l'irrigation par pivotement","description":"","publisher":{"@id":"https:\/\/restagro.com.tr\/#organization"},"potentialAction":[{"@type":"SearchAction","target":{"@type":"EntryPoint","urlTemplate":"https:\/\/restagro.com.tr\/?s={search_term_string}"},"query-input":{"@type":"PropertyValueSpecification","valueRequired":true,"valueName":"search_term_string"}}],"inLanguage":"fr-FR"},{"@type":"Organization","@id":"https:\/\/restagro.com.tr\/#organization","name":"RESTAGRO","url":"https:\/\/restagro.com.tr\/","logo":{"@type":"ImageObject","inLanguage":"fr-FR","@id":"https:\/\/restagro.com.tr\/#\/schema\/logo\/image\/","url":"https:\/\/restagro.com\/wp-content\/uploads\/2021\/03\/Dark-logo-ust.png","contentUrl":"https:\/\/restagro.com\/wp-content\/uploads\/2021\/03\/Dark-logo-ust.png","width":600,"height":291,"caption":"RESTAGRO"},"image":{"@id":"https:\/\/restagro.com.tr\/#\/schema\/logo\/image\/"}}]}},"_links":{"self":[{"href":"https:\/\/restagro.com.tr\/fr\/wp-json\/wp\/v2\/product\/16840","targetHints":{"allow":["GET"]}}],"collection":[{"href":"https:\/\/restagro.com.tr\/fr\/wp-json\/wp\/v2\/product"}],"about":[{"href":"https:\/\/restagro.com.tr\/fr\/wp-json\/wp\/v2\/types\/product"}],"wp:featuredmedia":[{"embeddable":true,"href":"https:\/\/restagro.com.tr\/fr\/wp-json\/wp\/v2\/media\/16861"}],"wp:attachment":[{"href":"https:\/\/restagro.com.tr\/fr\/wp-json\/wp\/v2\/media?parent=16840"}],"wp:term":[{"taxonomy":"product_brand","embeddable":true,"href":"https:\/\/restagro.com.tr\/fr\/wp-json\/wp\/v2\/product_brand?post=16840"},{"taxonomy":"product_cat","embeddable":true,"href":"https:\/\/restagro.com.tr\/fr\/wp-json\/wp\/v2\/product_cat?post=16840"},{"taxonomy":"product_tag","embeddable":true,"href":"https:\/\/restagro.com.tr\/fr\/wp-json\/wp\/v2\/product_tag?post=16840"}],"curies":[{"name":"wp","href":"https:\/\/api.w.org\/{rel}","templated":true}]}}