{"id":104,"date":"2021-04-18T14:54:00","date_gmt":"2021-04-18T11:54:00","guid":{"rendered":"https:\/\/restagro.com.tr\/?post_type=product&#038;p=104"},"modified":"2021-04-18T14:54:00","modified_gmt":"2021-04-18T11:54:00","slug":"pulverisateur-a-turbine","status":"publish","type":"product","link":"https:\/\/restagro.com.tr\/fr\/produit\/pulverisateur-a-turbine","title":{"rendered":"PULV\u00c9RISATEUR \u00c0 TURBINE"},"content":{"rendered":"<table class=\"t1\" cellspacing=\"0\" cellpadding=\"0\">\n<tbody>\n<tr>\n<td class=\"td1\" valign=\"middle\">\n<p class=\"p1\"><b>MOD\u00c8LE<\/b><\/p>\n<\/td>\n<td class=\"td2\" valign=\"middle\">\n<p class=\"p2\"><b>UNIT\u00c9<\/b><\/p>\n<\/td>\n<td class=\"td2\" valign=\"middle\">\n<p class=\"p2\"><b>LESM 400<\/b><\/p>\n<\/td>\n<td class=\"td2\" valign=\"middle\">\n<p class=\"p2\"><b>LESM<span class=\"Apple-converted-space\">\u00a0 <\/span>600<\/b><\/p>\n<\/td>\n<td class=\"td2\" valign=\"middle\">\n<p class=\"p2\"><b>LESM<span class=\"Apple-converted-space\">\u00a0 <\/span>800<\/b><\/p>\n<\/td>\n<td class=\"td2\" valign=\"middle\">\n<p class=\"p2\"><b>LESM 1000<\/b><\/p>\n<\/td>\n<\/tr>\n<tr>\n<td class=\"td3\" valign=\"middle\">\n<p class=\"p3\">Volume du r\u00e9servoir<\/p>\n<\/td>\n<td class=\"td4\" valign=\"middle\">\n<p class=\"p4\">lt<\/p>\n<\/td>\n<td class=\"td5\" valign=\"middle\">\n<p class=\"p4\">400<\/p>\n<\/td>\n<td class=\"td5\" valign=\"middle\">\n<p class=\"p4\">800<\/p>\n<\/td>\n<td class=\"td5\" valign=\"middle\">\n<p class=\"p4\">800<\/p>\n<\/td>\n<td class=\"td5\" valign=\"middle\">\n<p class=\"p4\">1000<\/p>\n<\/td>\n<\/tr>\n<tr>\n<td class=\"td3\" valign=\"middle\">\n<p class=\"p3\">Pompe<\/p>\n<\/td>\n<td class=\"td4\" valign=\"middle\">\n<p class=\"p4\">type<\/p>\n<\/td>\n<td class=\"td5\" valign=\"middle\">\n<p class=\"p4\">IMT-80<\/p>\n<\/td>\n<td class=\"td5\" valign=\"middle\">\n<p class=\"p4\">IMT-80<\/p>\n<\/td>\n<td class=\"td5\" valign=\"middle\">\n<p class=\"p4\">IMT-105<\/p>\n<\/td>\n<td class=\"td5\" valign=\"middle\">\n<p class=\"p4\">IMT-105<\/p>\n<\/td>\n<\/tr>\n<tr>\n<td class=\"td3\" valign=\"middle\">\n<p class=\"p3\">D\u00e9bit<\/p>\n<\/td>\n<td class=\"td4\" valign=\"middle\">\n<p class=\"p4\">lt<\/p>\n<\/td>\n<td class=\"td5\" valign=\"middle\">\n<p class=\"p4\">80<\/p>\n<\/td>\n<td class=\"td5\" valign=\"middle\">\n<p class=\"p4\">80<\/p>\n<\/td>\n<td class=\"td5\" valign=\"middle\">\n<p class=\"p4\">105<\/p>\n<\/td>\n<td class=\"td5\" valign=\"middle\">\n<p class=\"p4\">105<\/p>\n<\/td>\n<\/tr>\n<tr>\n<td class=\"td3\" valign=\"middle\">\n<p class=\"p3\">Pression<\/p>\n<\/td>\n<td class=\"td4\" valign=\"middle\">\n<p class=\"p4\">barre<\/p>\n<\/td>\n<td class=\"td5\" valign=\"middle\">\n<p class=\"p4\">40<\/p>\n<\/td>\n<td class=\"td5\" valign=\"middle\">\n<p class=\"p4\">40<\/p>\n<\/td>\n<td class=\"td5\" valign=\"middle\">\n<p class=\"p4\">50<\/p>\n<\/td>\n<td class=\"td5\" valign=\"middle\">\n<p class=\"p4\">50<\/p>\n<\/td>\n<\/tr>\n<tr>\n<td class=\"td3\" valign=\"middle\">\n<p class=\"p3\">Contr\u00f4le<\/p>\n<\/td>\n<td class=\"td4\" valign=\"middle\">\n<p class=\"p4\">type<\/p>\n<\/td>\n<td class=\"td5\" valign=\"middle\">\n<p class=\"p4\">C-50<\/p>\n<\/td>\n<td class=\"td5\" valign=\"middle\">\n<p class=\"p4\">C-50<\/p>\n<\/td>\n<td class=\"td5\" valign=\"middle\">\n<p class=\"p4\">VDR-50<\/p>\n<\/td>\n<td class=\"td5\" valign=\"middle\">\n<p class=\"p4\">VDR-50<\/p>\n<\/td>\n<\/tr>\n<tr>\n<td class=\"td3\" valign=\"middle\">\n<p class=\"p3\">Poids<\/p>\n<\/td>\n<td class=\"td4\" valign=\"middle\">\n<p class=\"p4\">kg<\/p>\n<\/td>\n<td class=\"td5\" valign=\"middle\">\n<p class=\"p4\">140<\/p>\n<\/td>\n<td class=\"td5\" valign=\"middle\">\n<p class=\"p4\">180<\/p>\n<\/td>\n<td class=\"td5\" valign=\"middle\">\n<p class=\"p4\">220<\/p>\n<\/td>\n<td class=\"td5\" valign=\"middle\">\n<p class=\"p4\">260<\/p>\n<\/td>\n<\/tr>\n<tr>\n<td class=\"td3\" valign=\"middle\">\n<p class=\"p3\">Largeur<\/p>\n<\/td>\n<td class=\"td4\" valign=\"middle\">\n<p class=\"p4\">cm<\/p>\n<\/td>\n<td class=\"td5\" valign=\"middle\">\n<p class=\"p4\">140<\/p>\n<\/td>\n<td class=\"td5\" valign=\"middle\">\n<p class=\"p4\">140<\/p>\n<\/td>\n<td class=\"td5\" valign=\"middle\">\n<p class=\"p4\">145<\/p>\n<\/td>\n<td class=\"td5\" valign=\"middle\">\n<p class=\"p4\">145<\/p>\n<\/td>\n<\/tr>\n<tr>\n<td class=\"td3\" valign=\"middle\">\n<p class=\"p3\">Longueur<\/p>\n<\/td>\n<td class=\"td4\" valign=\"middle\">\n<p class=\"p4\">cm<\/p>\n<\/td>\n<td class=\"td5\" valign=\"middle\">\n<p class=\"p4\">90<\/p>\n<\/td>\n<td class=\"td5\" valign=\"middle\">\n<p class=\"p4\">125<\/p>\n<\/td>\n<td class=\"td5\" valign=\"middle\">\n<p class=\"p4\">140<\/p>\n<\/td>\n<td class=\"td5\" valign=\"middle\">\n<p class=\"p4\">140<\/p>\n<\/td>\n<\/tr>\n<tr>\n<td class=\"td3\" valign=\"middle\">\n<p class=\"p3\">Hauteur<\/p>\n<\/td>\n<td class=\"td4\" valign=\"middle\">\n<p class=\"p4\">cm<\/p>\n<\/td>\n<td class=\"td5\" valign=\"middle\">\n<p class=\"p4\">135<\/p>\n<\/td>\n<td class=\"td5\" valign=\"middle\">\n<p class=\"p4\">160<\/p>\n<\/td>\n<td class=\"td5\" valign=\"middle\">\n<p class=\"p4\">180<\/p>\n<\/td>\n<td class=\"td5\" valign=\"middle\">\n<p class=\"p4\">190<\/p>\n<\/td>\n<\/tr>\n<\/tbody>\n<\/table>","protected":false},"excerpt":{"rendered":"<p class=\"p1\"><span class=\"s1\">Le tracteur est activ\u00e9 par l\u2019arbre de queue. Il effectue la pulv\u00e9risation gr\u00e2ce \u00e0 la pression d\u2019air \u00e9lev\u00e9e cr\u00e9\u00e9e par les h\u00e9lices de la pompe et du turbo-ventilateur. La combinaison de ce \ufb02ux d\u2019air et du m\u00e9dicament arrivant aux buses vous permet de pulv\u00e9riser jusqu\u2019\u00e0 des zones que vous ne pouvez pas atteindre. Le ventilateur poss\u00e8de deux niveaux de vitesse. Le nombre de buses varie en fonction du diam\u00e8tre du ventilateur. Les turbo-ventilateurs sont disponibles en version \u00e0 transmission ou \u00e0 courroie.<\/span><\/p>","protected":false},"featured_media":70,"template":"","meta":{"_acf_changed":false,"_et_pb_use_builder":"","_et_pb_old_content":"","_et_gb_content_width":""},"product_brand":[],"product_cat":[18],"product_tag":[],"class_list":{"0":"post-104","1":"product","2":"type-product","3":"status-publish","4":"has-post-thumbnail","6":"product_cat-spraying","8":"first","9":"instock","10":"shipping-taxable","11":"product-type-simple"},"acf":[],"yoast_head":"<!-- This site is optimized with the Yoast SEO plugin v26.7 - https:\/\/yoast.com\/wordpress\/plugins\/seo\/ -->\n<title>TURBO FAN SPRAYER | Restagro Agricultural &amp; Pivot Irrigation Components<\/title>\n<meta name=\"robots\" content=\"index, follow, max-snippet:-1, max-image-preview:large, max-video-preview:-1\" \/>\n<link rel=\"canonical\" href=\"https:\/\/restagro.com.tr\/fr\/produit\/pulverisateur-a-turbine\/\" \/>\n<meta property=\"og:locale\" content=\"fr_FR\" \/>\n<meta property=\"og:type\" content=\"article\" \/>\n<meta property=\"og:title\" content=\"TURBO FAN SPRAYER | Restagro Agricultural &amp; Pivot Irrigation Components\" \/>\n<meta property=\"og:description\" content=\"The tractor is activated with the tail shaft. It performs spraying with the high air pressure created by the propellers on the pump and turbo fan. The combination of this air flow and the medicine coming to the nozzles allows you to spray up to areas you cannot reach. There are two speed levels on the fan. The number of nozzles varies according to the diameter of the fan. Turbo fans are available in transmission and belt production.\" \/>\n<meta property=\"og:url\" content=\"https:\/\/restagro.com.tr\/fr\/produit\/pulverisateur-a-turbine\/\" \/>\n<meta property=\"og:site_name\" content=\"Restagro Agricultural &amp; Pivot Irrigation Components\" \/>\n<meta property=\"og:image\" content=\"https:\/\/restagro.com.tr\/wp-content\/uploads\/2021\/04\/TURBO-FAN-SPRAYER.jpg\" \/>\n\t<meta property=\"og:image:width\" content=\"800\" \/>\n\t<meta property=\"og:image:height\" content=\"800\" \/>\n\t<meta property=\"og:image:type\" content=\"image\/jpeg\" \/>\n<meta name=\"twitter:card\" content=\"summary_large_image\" \/>\n<script type=\"application\/ld+json\" class=\"yoast-schema-graph\">{\"@context\":\"https:\/\/schema.org\",\"@graph\":[{\"@type\":\"WebPage\",\"@id\":\"https:\/\/restagro.com.tr\/product\/turbo-fan-sprayer\/\",\"url\":\"https:\/\/restagro.com.tr\/product\/turbo-fan-sprayer\/\",\"name\":\"TURBO FAN SPRAYER | Restagro Agricultural &amp; Pivot Irrigation Components\",\"isPartOf\":{\"@id\":\"https:\/\/restagro.com.tr\/#website\"},\"primaryImageOfPage\":{\"@id\":\"https:\/\/restagro.com.tr\/product\/turbo-fan-sprayer\/#primaryimage\"},\"image\":{\"@id\":\"https:\/\/restagro.com.tr\/product\/turbo-fan-sprayer\/#primaryimage\"},\"thumbnailUrl\":\"https:\/\/restagro.com.tr\/wp-content\/uploads\/2021\/04\/TURBO-FAN-SPRAYER.jpg?v=1720173014\",\"datePublished\":\"2021-04-18T11:54:00+00:00\",\"breadcrumb\":{\"@id\":\"https:\/\/restagro.com.tr\/product\/turbo-fan-sprayer\/#breadcrumb\"},\"inLanguage\":\"fr-FR\",\"potentialAction\":[{\"@type\":\"ReadAction\",\"target\":[\"https:\/\/restagro.com.tr\/product\/turbo-fan-sprayer\/\"]}]},{\"@type\":\"ImageObject\",\"inLanguage\":\"fr-FR\",\"@id\":\"https:\/\/restagro.com.tr\/product\/turbo-fan-sprayer\/#primaryimage\",\"url\":\"https:\/\/restagro.com.tr\/wp-content\/uploads\/2021\/04\/TURBO-FAN-SPRAYER.jpg?v=1720173014\",\"contentUrl\":\"https:\/\/restagro.com.tr\/wp-content\/uploads\/2021\/04\/TURBO-FAN-SPRAYER.jpg?v=1720173014\",\"width\":800,\"height\":800},{\"@type\":\"BreadcrumbList\",\"@id\":\"https:\/\/restagro.com.tr\/product\/turbo-fan-sprayer\/#breadcrumb\",\"itemListElement\":[{\"@type\":\"ListItem\",\"position\":1,\"name\":\"Anasayfa\",\"item\":\"https:\/\/restagro.com.tr\/\"},{\"@type\":\"ListItem\",\"position\":2,\"name\":\"PRODUCT\",\"item\":\"https:\/\/restagro.com.tr\/product\"},{\"@type\":\"ListItem\",\"position\":3,\"name\":\"TURBO FAN SPRAYER\"}]},{\"@type\":\"WebSite\",\"@id\":\"https:\/\/restagro.com.tr\/#website\",\"url\":\"https:\/\/restagro.com.tr\/\",\"name\":\"Restagro Agricultural &amp; Pivot Irrigation Components\",\"description\":\"\",\"publisher\":{\"@id\":\"https:\/\/restagro.com.tr\/#organization\"},\"potentialAction\":[{\"@type\":\"SearchAction\",\"target\":{\"@type\":\"EntryPoint\",\"urlTemplate\":\"https:\/\/restagro.com.tr\/?s={search_term_string}\"},\"query-input\":{\"@type\":\"PropertyValueSpecification\",\"valueRequired\":true,\"valueName\":\"search_term_string\"}}],\"inLanguage\":\"fr-FR\"},{\"@type\":\"Organization\",\"@id\":\"https:\/\/restagro.com.tr\/#organization\",\"name\":\"RESTAGRO\",\"url\":\"https:\/\/restagro.com.tr\/\",\"logo\":{\"@type\":\"ImageObject\",\"inLanguage\":\"fr-FR\",\"@id\":\"https:\/\/restagro.com.tr\/#\/schema\/logo\/image\/\",\"url\":\"https:\/\/restagro.com\/wp-content\/uploads\/2021\/03\/Dark-logo-ust.png\",\"contentUrl\":\"https:\/\/restagro.com\/wp-content\/uploads\/2021\/03\/Dark-logo-ust.png\",\"width\":600,\"height\":291,\"caption\":\"RESTAGRO\"},\"image\":{\"@id\":\"https:\/\/restagro.com.tr\/#\/schema\/logo\/image\/\"}}]}<\/script>\n<!-- \/ Yoast SEO plugin. -->","yoast_head_json":{"title":"TURBO FAN SPRAYER | Restagro Agricultural &amp; Pivot Irrigation Components","robots":{"index":"index","follow":"follow","max-snippet":"max-snippet:-1","max-image-preview":"max-image-preview:large","max-video-preview":"max-video-preview:-1"},"canonical":"https:\/\/restagro.com.tr\/fr\/produit\/pulverisateur-a-turbine\/","og_locale":"fr_FR","og_type":"article","og_title":"TURBO FAN SPRAYER | Restagro Agricultural &amp; Pivot Irrigation Components","og_description":"The tractor is activated with the tail shaft. It performs spraying with the high air pressure created by the propellers on the pump and turbo fan. The combination of this air flow and the medicine coming to the nozzles allows you to spray up to areas you cannot reach. There are two speed levels on the fan. The number of nozzles varies according to the diameter of the fan. Turbo fans are available in transmission and belt production.","og_url":"https:\/\/restagro.com.tr\/fr\/produit\/pulverisateur-a-turbine\/","og_site_name":"Restagro Agricultural &amp; Pivot Irrigation Components","og_image":[{"width":800,"height":800,"url":"https:\/\/restagro.com.tr\/wp-content\/uploads\/2021\/04\/TURBO-FAN-SPRAYER.jpg","type":"image\/jpeg"}],"twitter_card":"summary_large_image","schema":{"@context":"https:\/\/schema.org","@graph":[{"@type":"WebPage","@id":"https:\/\/restagro.com.tr\/product\/turbo-fan-sprayer\/","url":"https:\/\/restagro.com.tr\/product\/turbo-fan-sprayer\/","name":"TURBO FAN SPRAYER | Restagro Agricultural &amp; Pivot Irrigation Components","isPartOf":{"@id":"https:\/\/restagro.com.tr\/#website"},"primaryImageOfPage":{"@id":"https:\/\/restagro.com.tr\/product\/turbo-fan-sprayer\/#primaryimage"},"image":{"@id":"https:\/\/restagro.com.tr\/product\/turbo-fan-sprayer\/#primaryimage"},"thumbnailUrl":"https:\/\/restagro.com.tr\/wp-content\/uploads\/2021\/04\/TURBO-FAN-SPRAYER.jpg?v=1720173014","datePublished":"2021-04-18T11:54:00+00:00","breadcrumb":{"@id":"https:\/\/restagro.com.tr\/product\/turbo-fan-sprayer\/#breadcrumb"},"inLanguage":"fr-FR","potentialAction":[{"@type":"ReadAction","target":["https:\/\/restagro.com.tr\/product\/turbo-fan-sprayer\/"]}]},{"@type":"ImageObject","inLanguage":"fr-FR","@id":"https:\/\/restagro.com.tr\/product\/turbo-fan-sprayer\/#primaryimage","url":"https:\/\/restagro.com.tr\/wp-content\/uploads\/2021\/04\/TURBO-FAN-SPRAYER.jpg?v=1720173014","contentUrl":"https:\/\/restagro.com.tr\/wp-content\/uploads\/2021\/04\/TURBO-FAN-SPRAYER.jpg?v=1720173014","width":800,"height":800},{"@type":"BreadcrumbList","@id":"https:\/\/restagro.com.tr\/product\/turbo-fan-sprayer\/#breadcrumb","itemListElement":[{"@type":"ListItem","position":1,"name":"Anasayfa","item":"https:\/\/restagro.com.tr\/"},{"@type":"ListItem","position":2,"name":"PRODUCT","item":"https:\/\/restagro.com.tr\/product"},{"@type":"ListItem","position":3,"name":"TURBO FAN SPRAYER"}]},{"@type":"WebSite","@id":"https:\/\/restagro.com.tr\/#website","url":"https:\/\/restagro.com.tr\/","name":"Restagro - Composants pour l'irrigation agricole et l'irrigation par pivotement","description":"","publisher":{"@id":"https:\/\/restagro.com.tr\/#organization"},"potentialAction":[{"@type":"SearchAction","target":{"@type":"EntryPoint","urlTemplate":"https:\/\/restagro.com.tr\/?s={search_term_string}"},"query-input":{"@type":"PropertyValueSpecification","valueRequired":true,"valueName":"search_term_string"}}],"inLanguage":"fr-FR"},{"@type":"Organization","@id":"https:\/\/restagro.com.tr\/#organization","name":"RESTAGRO","url":"https:\/\/restagro.com.tr\/","logo":{"@type":"ImageObject","inLanguage":"fr-FR","@id":"https:\/\/restagro.com.tr\/#\/schema\/logo\/image\/","url":"https:\/\/restagro.com\/wp-content\/uploads\/2021\/03\/Dark-logo-ust.png","contentUrl":"https:\/\/restagro.com\/wp-content\/uploads\/2021\/03\/Dark-logo-ust.png","width":600,"height":291,"caption":"RESTAGRO"},"image":{"@id":"https:\/\/restagro.com.tr\/#\/schema\/logo\/image\/"}}]}},"_links":{"self":[{"href":"https:\/\/restagro.com.tr\/fr\/wp-json\/wp\/v2\/product\/104","targetHints":{"allow":["GET"]}}],"collection":[{"href":"https:\/\/restagro.com.tr\/fr\/wp-json\/wp\/v2\/product"}],"about":[{"href":"https:\/\/restagro.com.tr\/fr\/wp-json\/wp\/v2\/types\/product"}],"wp:featuredmedia":[{"embeddable":true,"href":"https:\/\/restagro.com.tr\/fr\/wp-json\/wp\/v2\/media\/70"}],"wp:attachment":[{"href":"https:\/\/restagro.com.tr\/fr\/wp-json\/wp\/v2\/media?parent=104"}],"wp:term":[{"taxonomy":"product_brand","embeddable":true,"href":"https:\/\/restagro.com.tr\/fr\/wp-json\/wp\/v2\/product_brand?post=104"},{"taxonomy":"product_cat","embeddable":true,"href":"https:\/\/restagro.com.tr\/fr\/wp-json\/wp\/v2\/product_cat?post=104"},{"taxonomy":"product_tag","embeddable":true,"href":"https:\/\/restagro.com.tr\/fr\/wp-json\/wp\/v2\/product_tag?post=104"}],"curies":[{"name":"wp","href":"https:\/\/api.w.org\/{rel}","templated":true}]}}