{"id":101,"date":"2021-04-18T14:51:42","date_gmt":"2021-04-18T11:51:42","guid":{"rendered":"https:\/\/restagro.com.tr\/?post_type=product&#038;p=101"},"modified":"2021-04-18T14:51:42","modified_gmt":"2021-04-18T11:51:42","slug":"pulverisateur-suspendu-monte-sur-remorque","status":"publish","type":"product","link":"https:\/\/restagro.com.tr\/fr\/produit\/pulverisateur-suspendu-monte-sur-remorque","title":{"rendered":"PULV\u00c9RISATEUR SUSPENDU MONT\u00c9 SUR REMORQUE"},"content":{"rendered":"<table class=\"t1\" cellspacing=\"0\" cellpadding=\"0\">\n<tbody>\n<tr>\n<td class=\"td1\" valign=\"middle\">\n<p class=\"p1\"><b>MOD\u00c8LE<\/b><\/p>\n<\/td>\n<td class=\"td2\" valign=\"middle\">\n<p class=\"p2\"><b>UNIT\u00c9<\/b><\/p>\n<\/td>\n<td class=\"td2\" valign=\"middle\">\n<p class=\"p2\"><b>SALY 600<\/b><\/p>\n<\/td>\n<td class=\"td2\" valign=\"middle\">\n<p class=\"p2\"><b>SALY 800<\/b><\/p>\n<\/td>\n<td class=\"td2\" valign=\"middle\">\n<p class=\"p2\"><b>SALY 1000<\/b><\/p>\n<\/td>\n<\/tr>\n<tr>\n<td class=\"td3\" valign=\"middle\">\n<p class=\"p3\">Volume du r\u00e9servoir<\/p>\n<\/td>\n<td class=\"td4\" valign=\"middle\">\n<p class=\"p4\">lt<\/p>\n<\/td>\n<td class=\"td5\" valign=\"middle\">\n<p class=\"p4\">600<\/p>\n<\/td>\n<td class=\"td5\" valign=\"middle\">\n<p class=\"p4\">800<\/p>\n<\/td>\n<td class=\"td5\" valign=\"middle\">\n<p class=\"p4\">1000<\/p>\n<\/td>\n<\/tr>\n<tr>\n<td class=\"td3\" valign=\"middle\">\n<p class=\"p3\">Pompe<\/p>\n<\/td>\n<td class=\"td4\" valign=\"middle\">\n<p class=\"p4\">type<\/p>\n<\/td>\n<td class=\"td5\" valign=\"middle\">\n<p class=\"p4\">IMT-105<\/p>\n<\/td>\n<td class=\"td5\" valign=\"middle\">\n<p class=\"p4\">IMT-105<\/p>\n<\/td>\n<td class=\"td5\" valign=\"middle\">\n<p class=\"p4\">IMT-105<\/p>\n<\/td>\n<\/tr>\n<tr>\n<td class=\"td3\" valign=\"middle\">\n<p class=\"p3\">D\u00e9bit<\/p>\n<\/td>\n<td class=\"td4\" valign=\"middle\">\n<p class=\"p4\">lt<\/p>\n<\/td>\n<td class=\"td5\" valign=\"middle\">\n<p class=\"p4\">105<\/p>\n<\/td>\n<td class=\"td5\" valign=\"middle\">\n<p class=\"p4\">105<\/p>\n<\/td>\n<td class=\"td5\" valign=\"middle\">\n<p class=\"p4\">105<\/p>\n<\/td>\n<\/tr>\n<tr>\n<td class=\"td3\" valign=\"middle\">\n<p class=\"p3\">Pression<\/p>\n<\/td>\n<td class=\"td4\" valign=\"middle\">\n<p class=\"p4\">barre<\/p>\n<\/td>\n<td class=\"td5\" valign=\"middle\">\n<p class=\"p4\">50<\/p>\n<\/td>\n<td class=\"td5\" valign=\"middle\">\n<p class=\"p4\">50<\/p>\n<\/td>\n<td class=\"td5\" valign=\"middle\">\n<p class=\"p4\">50<\/p>\n<\/td>\n<\/tr>\n<tr>\n<td class=\"td3\" valign=\"middle\">\n<p class=\"p3\">Contr\u00f4le<\/p>\n<\/td>\n<td class=\"td4\" valign=\"middle\">\n<p class=\"p4\">type<\/p>\n<\/td>\n<td class=\"td5\" valign=\"middle\">\n<p class=\"p4\">VDR-50<\/p>\n<\/td>\n<td class=\"td5\" valign=\"middle\">\n<p class=\"p4\">VDR-50<\/p>\n<\/td>\n<td class=\"td5\" valign=\"middle\">\n<p class=\"p4\">VDR-50<\/p>\n<\/td>\n<\/tr>\n<tr>\n<td class=\"td3\" valign=\"middle\">\n<p class=\"p3\">Bras de pulv\u00e9risation (rampe)<\/p>\n<\/td>\n<td class=\"td4\" valign=\"middle\">\n<p class=\"p4\">mt<\/p>\n<\/td>\n<td class=\"td5\" valign=\"middle\">\n<p class=\"p4\">12-15-16-18<\/p>\n<\/td>\n<td class=\"td5\" valign=\"middle\">\n<p class=\"p4\">12-15-16-18<\/p>\n<\/td>\n<td class=\"td5\" valign=\"middle\">\n<p class=\"p4\">12-15-16-18<\/p>\n<\/td>\n<\/tr>\n<tr>\n<td class=\"td3\" valign=\"middle\">\n<p class=\"p3\">Poids<\/p>\n<\/td>\n<td class=\"td4\" valign=\"middle\">\n<p class=\"p4\">kg<\/p>\n<\/td>\n<td class=\"td5\" valign=\"middle\">\n<p class=\"p4\">300<\/p>\n<\/td>\n<td class=\"td5\" valign=\"middle\">\n<p class=\"p4\">330<\/p>\n<\/td>\n<td class=\"td5\" valign=\"middle\">\n<p class=\"p4\">360<\/p>\n<\/td>\n<\/tr>\n<tr>\n<td class=\"td3\" valign=\"middle\">\n<p class=\"p3\">Largeur<\/p>\n<\/td>\n<td class=\"td4\" valign=\"middle\">\n<p class=\"p4\">cm<\/p>\n<\/td>\n<td class=\"td5\" valign=\"middle\">\n<p class=\"p4\">110<\/p>\n<\/td>\n<td class=\"td5\" valign=\"middle\">\n<p class=\"p4\">110<\/p>\n<\/td>\n<td class=\"td5\" valign=\"middle\">\n<p class=\"p4\">110<\/p>\n<\/td>\n<\/tr>\n<tr>\n<td class=\"td3\" valign=\"middle\">\n<p class=\"p3\">Longueur<\/p>\n<\/td>\n<td class=\"td4\" valign=\"middle\">\n<p class=\"p4\">cm<\/p>\n<\/td>\n<td class=\"td5\" valign=\"middle\">\n<p class=\"p4\">160<\/p>\n<\/td>\n<td class=\"td5\" valign=\"middle\">\n<p class=\"p4\">160<\/p>\n<\/td>\n<td class=\"td5\" valign=\"middle\">\n<p class=\"p4\">160<\/p>\n<\/td>\n<\/tr>\n<tr>\n<td class=\"td3\" valign=\"middle\">\n<p class=\"p3\">Hauteur<\/p>\n<\/td>\n<td class=\"td4\" valign=\"middle\">\n<p class=\"p4\">cm<\/p>\n<\/td>\n<td class=\"td5\" valign=\"middle\">\n<p class=\"p4\">190<\/p>\n<\/td>\n<td class=\"td5\" valign=\"middle\">\n<p class=\"p4\">190<\/p>\n<\/td>\n<td class=\"td5\" valign=\"middle\">\n<p class=\"p4\">190<\/p>\n<\/td>\n<\/tr>\n<tr>\n<td class=\"td3\" valign=\"middle\">\n<p class=\"p3\">Hauteur de levage<\/p>\n<\/td>\n<td class=\"td4\" valign=\"middle\">\n<p class=\"p4\">cm<\/p>\n<\/td>\n<td class=\"td5\" valign=\"middle\">\n<p class=\"p4\">90<\/p>\n<\/td>\n<td class=\"td5\" valign=\"middle\">\n<p class=\"p4\">90<\/p>\n<\/td>\n<td class=\"td5\" valign=\"middle\">\n<p class=\"p4\">90<\/p>\n<\/td>\n<\/tr>\n<\/tbody>\n<\/table>","protected":false},"excerpt":{"rendered":"<p class=\"p1\"><span class=\"s1\">Il est r\u00e9sistant aux rayons ultraviolets et aux effets n\u00e9gatifs des pesticides et ne forme pas de bact\u00e9ries et d\u2019algues sur ses surfaces.<\/span><\/p>\n<p class=\"p1\"><span class=\"s1\">Il m\u00e9lange facilement le m\u00e9dicament \u00e0 l\u2019eau gr\u00e2ce \u00e0 son syst\u00e8me de m\u00e9lange hydraulique et offre la possibilit\u00e9 de remplir instantan\u00e9ment le r\u00e9servoir de m\u00e9dicaments.<\/span><\/p>\n<p class=\"p1\"><span class=\"s1\">Gr\u00e2ce \u00e0 l\u2019indicateur de niveau d\u2019eau emboss\u00e9 sur les r\u00e9servoirs de pulv\u00e9risation, il fournit une image \u00e0 l\u2019utilisateur lors du remplissage et de la vidange. Le r\u00e9servoir d\u2019eau propre propos\u00e9 en option et ind\u00e9pendant du r\u00e9servoir de pulv\u00e9risation est compatible avec toutes les machines.<\/span><\/p>","protected":false},"featured_media":69,"template":"","meta":{"_acf_changed":false,"_et_pb_use_builder":"","_et_pb_old_content":"","_et_gb_content_width":""},"product_brand":[],"product_cat":[18],"product_tag":[],"class_list":{"0":"post-101","1":"product","2":"type-product","3":"status-publish","4":"has-post-thumbnail","6":"product_cat-spraying","8":"first","9":"instock","10":"shipping-taxable","11":"product-type-simple"},"acf":[],"yoast_head":"<!-- This site is optimized with the Yoast SEO plugin v26.7 - https:\/\/yoast.com\/wordpress\/plugins\/seo\/ -->\n<title>TRAILER MOUNTED HANGING SPRAYER | Restagro Agricultural &amp; Pivot Irrigation Components<\/title>\n<meta name=\"robots\" content=\"index, follow, max-snippet:-1, max-image-preview:large, max-video-preview:-1\" \/>\n<link rel=\"canonical\" href=\"https:\/\/restagro.com.tr\/fr\/produit\/pulverisateur-suspendu-monte-sur-remorque\/\" \/>\n<meta property=\"og:locale\" content=\"fr_FR\" \/>\n<meta property=\"og:type\" content=\"article\" \/>\n<meta property=\"og:title\" content=\"TRAILER MOUNTED HANGING SPRAYER | Restagro Agricultural &amp; Pivot Irrigation Components\" \/>\n<meta property=\"og:description\" content=\"It is produced resistant to ultraviolet rays and against the negative effects of pesticides and does not form bacteria and algae on its surfaces. It easily mixes the medicine with water with its hydraulic mixing system.With the tank filler, it provides the opportunity to fill the medicine tank instantly. Thanks to the embossed water level indicator on the spray tanks, it provides an image to the user during filling and emptying.The clean water tank offered as an option and independent of the spray tank is compatible with all machines.\" \/>\n<meta property=\"og:url\" content=\"https:\/\/restagro.com.tr\/fr\/produit\/pulverisateur-suspendu-monte-sur-remorque\/\" \/>\n<meta property=\"og:site_name\" content=\"Restagro Agricultural &amp; Pivot Irrigation Components\" \/>\n<meta property=\"og:image\" content=\"https:\/\/restagro.com.tr\/wp-content\/uploads\/2021\/04\/TRAILER-MOUNTED-HANGING-SPRAYER.jpg\" \/>\n\t<meta property=\"og:image:width\" content=\"800\" \/>\n\t<meta property=\"og:image:height\" content=\"789\" \/>\n\t<meta property=\"og:image:type\" content=\"image\/jpeg\" \/>\n<meta name=\"twitter:card\" content=\"summary_large_image\" \/>\n<script type=\"application\/ld+json\" class=\"yoast-schema-graph\">{\"@context\":\"https:\/\/schema.org\",\"@graph\":[{\"@type\":\"WebPage\",\"@id\":\"https:\/\/restagro.com.tr\/product\/trailer-mounted-hanging-sprayer\/\",\"url\":\"https:\/\/restagro.com.tr\/product\/trailer-mounted-hanging-sprayer\/\",\"name\":\"TRAILER MOUNTED HANGING SPRAYER | Restagro Agricultural &amp; Pivot Irrigation Components\",\"isPartOf\":{\"@id\":\"https:\/\/restagro.com.tr\/#website\"},\"primaryImageOfPage\":{\"@id\":\"https:\/\/restagro.com.tr\/product\/trailer-mounted-hanging-sprayer\/#primaryimage\"},\"image\":{\"@id\":\"https:\/\/restagro.com.tr\/product\/trailer-mounted-hanging-sprayer\/#primaryimage\"},\"thumbnailUrl\":\"https:\/\/restagro.com.tr\/wp-content\/uploads\/2021\/04\/TRAILER-MOUNTED-HANGING-SPRAYER.jpg?v=1720173013\",\"datePublished\":\"2021-04-18T11:51:42+00:00\",\"breadcrumb\":{\"@id\":\"https:\/\/restagro.com.tr\/product\/trailer-mounted-hanging-sprayer\/#breadcrumb\"},\"inLanguage\":\"fr-FR\",\"potentialAction\":[{\"@type\":\"ReadAction\",\"target\":[\"https:\/\/restagro.com.tr\/product\/trailer-mounted-hanging-sprayer\/\"]}]},{\"@type\":\"ImageObject\",\"inLanguage\":\"fr-FR\",\"@id\":\"https:\/\/restagro.com.tr\/product\/trailer-mounted-hanging-sprayer\/#primaryimage\",\"url\":\"https:\/\/restagro.com.tr\/wp-content\/uploads\/2021\/04\/TRAILER-MOUNTED-HANGING-SPRAYER.jpg?v=1720173013\",\"contentUrl\":\"https:\/\/restagro.com.tr\/wp-content\/uploads\/2021\/04\/TRAILER-MOUNTED-HANGING-SPRAYER.jpg?v=1720173013\",\"width\":800,\"height\":789},{\"@type\":\"BreadcrumbList\",\"@id\":\"https:\/\/restagro.com.tr\/product\/trailer-mounted-hanging-sprayer\/#breadcrumb\",\"itemListElement\":[{\"@type\":\"ListItem\",\"position\":1,\"name\":\"Anasayfa\",\"item\":\"https:\/\/restagro.com.tr\/\"},{\"@type\":\"ListItem\",\"position\":2,\"name\":\"PRODUCT\",\"item\":\"https:\/\/restagro.com.tr\/product\"},{\"@type\":\"ListItem\",\"position\":3,\"name\":\"TRAILER MOUNTED HANGING SPRAYER\"}]},{\"@type\":\"WebSite\",\"@id\":\"https:\/\/restagro.com.tr\/#website\",\"url\":\"https:\/\/restagro.com.tr\/\",\"name\":\"Restagro Agricultural &amp; Pivot Irrigation Components\",\"description\":\"\",\"publisher\":{\"@id\":\"https:\/\/restagro.com.tr\/#organization\"},\"potentialAction\":[{\"@type\":\"SearchAction\",\"target\":{\"@type\":\"EntryPoint\",\"urlTemplate\":\"https:\/\/restagro.com.tr\/?s={search_term_string}\"},\"query-input\":{\"@type\":\"PropertyValueSpecification\",\"valueRequired\":true,\"valueName\":\"search_term_string\"}}],\"inLanguage\":\"fr-FR\"},{\"@type\":\"Organization\",\"@id\":\"https:\/\/restagro.com.tr\/#organization\",\"name\":\"RESTAGRO\",\"url\":\"https:\/\/restagro.com.tr\/\",\"logo\":{\"@type\":\"ImageObject\",\"inLanguage\":\"fr-FR\",\"@id\":\"https:\/\/restagro.com.tr\/#\/schema\/logo\/image\/\",\"url\":\"https:\/\/restagro.com\/wp-content\/uploads\/2021\/03\/Dark-logo-ust.png\",\"contentUrl\":\"https:\/\/restagro.com\/wp-content\/uploads\/2021\/03\/Dark-logo-ust.png\",\"width\":600,\"height\":291,\"caption\":\"RESTAGRO\"},\"image\":{\"@id\":\"https:\/\/restagro.com.tr\/#\/schema\/logo\/image\/\"}}]}<\/script>\n<!-- \/ Yoast SEO plugin. -->","yoast_head_json":{"title":"Pulv\u00e9risateur suspendu mont\u00e9 sur remorque | Restagro Agricultural &amp; Pivot Irrigation Components","robots":{"index":"index","follow":"follow","max-snippet":"max-snippet:-1","max-image-preview":"max-image-preview:large","max-video-preview":"max-video-preview:-1"},"canonical":"https:\/\/restagro.com.tr\/fr\/produit\/pulverisateur-suspendu-monte-sur-remorque\/","og_locale":"fr_FR","og_type":"article","og_title":"TRAILER MOUNTED HANGING SPRAYER | Restagro Agricultural &amp; Pivot Irrigation Components","og_description":"It is produced resistant to ultraviolet rays and against the negative effects of pesticides and does not form bacteria and algae on its surfaces. It easily mixes the medicine with water with its hydraulic mixing system.With the tank filler, it provides the opportunity to fill the medicine tank instantly. Thanks to the embossed water level indicator on the spray tanks, it provides an image to the user during filling and emptying.The clean water tank offered as an option and independent of the spray tank is compatible with all machines.","og_url":"https:\/\/restagro.com.tr\/fr\/produit\/pulverisateur-suspendu-monte-sur-remorque\/","og_site_name":"Restagro Agricultural &amp; Pivot Irrigation Components","og_image":[{"width":800,"height":789,"url":"https:\/\/restagro.com.tr\/wp-content\/uploads\/2021\/04\/TRAILER-MOUNTED-HANGING-SPRAYER.jpg","type":"image\/jpeg"}],"twitter_card":"summary_large_image","schema":{"@context":"https:\/\/schema.org","@graph":[{"@type":"WebPage","@id":"https:\/\/restagro.com.tr\/product\/trailer-mounted-hanging-sprayer\/","url":"https:\/\/restagro.com.tr\/product\/trailer-mounted-hanging-sprayer\/","name":"Pulv\u00e9risateur suspendu mont\u00e9 sur remorque | Restagro Agricultural &amp; Pivot Irrigation Components","isPartOf":{"@id":"https:\/\/restagro.com.tr\/#website"},"primaryImageOfPage":{"@id":"https:\/\/restagro.com.tr\/product\/trailer-mounted-hanging-sprayer\/#primaryimage"},"image":{"@id":"https:\/\/restagro.com.tr\/product\/trailer-mounted-hanging-sprayer\/#primaryimage"},"thumbnailUrl":"https:\/\/restagro.com.tr\/wp-content\/uploads\/2021\/04\/TRAILER-MOUNTED-HANGING-SPRAYER.jpg?v=1720173013","datePublished":"2021-04-18T11:51:42+00:00","breadcrumb":{"@id":"https:\/\/restagro.com.tr\/product\/trailer-mounted-hanging-sprayer\/#breadcrumb"},"inLanguage":"fr-FR","potentialAction":[{"@type":"ReadAction","target":["https:\/\/restagro.com.tr\/product\/trailer-mounted-hanging-sprayer\/"]}]},{"@type":"ImageObject","inLanguage":"fr-FR","@id":"https:\/\/restagro.com.tr\/product\/trailer-mounted-hanging-sprayer\/#primaryimage","url":"https:\/\/restagro.com.tr\/wp-content\/uploads\/2021\/04\/TRAILER-MOUNTED-HANGING-SPRAYER.jpg?v=1720173013","contentUrl":"https:\/\/restagro.com.tr\/wp-content\/uploads\/2021\/04\/TRAILER-MOUNTED-HANGING-SPRAYER.jpg?v=1720173013","width":800,"height":789},{"@type":"BreadcrumbList","@id":"https:\/\/restagro.com.tr\/product\/trailer-mounted-hanging-sprayer\/#breadcrumb","itemListElement":[{"@type":"ListItem","position":1,"name":"Anasayfa","item":"https:\/\/restagro.com.tr\/"},{"@type":"ListItem","position":2,"name":"PRODUCT","item":"https:\/\/restagro.com.tr\/product"},{"@type":"ListItem","position":3,"name":"TRAILER MOUNTED HANGING SPRAYER"}]},{"@type":"WebSite","@id":"https:\/\/restagro.com.tr\/#website","url":"https:\/\/restagro.com.tr\/","name":"Restagro - Composants pour l'irrigation agricole et l'irrigation par pivotement","description":"","publisher":{"@id":"https:\/\/restagro.com.tr\/#organization"},"potentialAction":[{"@type":"SearchAction","target":{"@type":"EntryPoint","urlTemplate":"https:\/\/restagro.com.tr\/?s={search_term_string}"},"query-input":{"@type":"PropertyValueSpecification","valueRequired":true,"valueName":"search_term_string"}}],"inLanguage":"fr-FR"},{"@type":"Organization","@id":"https:\/\/restagro.com.tr\/#organization","name":"RESTAGRO","url":"https:\/\/restagro.com.tr\/","logo":{"@type":"ImageObject","inLanguage":"fr-FR","@id":"https:\/\/restagro.com.tr\/#\/schema\/logo\/image\/","url":"https:\/\/restagro.com\/wp-content\/uploads\/2021\/03\/Dark-logo-ust.png","contentUrl":"https:\/\/restagro.com\/wp-content\/uploads\/2021\/03\/Dark-logo-ust.png","width":600,"height":291,"caption":"RESTAGRO"},"image":{"@id":"https:\/\/restagro.com.tr\/#\/schema\/logo\/image\/"}}]}},"_links":{"self":[{"href":"https:\/\/restagro.com.tr\/fr\/wp-json\/wp\/v2\/product\/101","targetHints":{"allow":["GET"]}}],"collection":[{"href":"https:\/\/restagro.com.tr\/fr\/wp-json\/wp\/v2\/product"}],"about":[{"href":"https:\/\/restagro.com.tr\/fr\/wp-json\/wp\/v2\/types\/product"}],"wp:featuredmedia":[{"embeddable":true,"href":"https:\/\/restagro.com.tr\/fr\/wp-json\/wp\/v2\/media\/69"}],"wp:attachment":[{"href":"https:\/\/restagro.com.tr\/fr\/wp-json\/wp\/v2\/media?parent=101"}],"wp:term":[{"taxonomy":"product_brand","embeddable":true,"href":"https:\/\/restagro.com.tr\/fr\/wp-json\/wp\/v2\/product_brand?post=101"},{"taxonomy":"product_cat","embeddable":true,"href":"https:\/\/restagro.com.tr\/fr\/wp-json\/wp\/v2\/product_cat?post=101"},{"taxonomy":"product_tag","embeddable":true,"href":"https:\/\/restagro.com.tr\/fr\/wp-json\/wp\/v2\/product_tag?post=101"}],"curies":[{"name":"wp","href":"https:\/\/api.w.org\/{rel}","templated":true}]}}